{"id":6579,"date":"2023-05-05T12:43:07","date_gmt":"2023-05-05T10:43:07","guid":{"rendered":"http:\/\/www.laperle.tess5418.odns.fr\/zimmer\/"},"modified":"2024-01-22T16:10:33","modified_gmt":"2024-01-22T15:10:33","slug":"zimmer","status":"publish","type":"page","link":"https:\/\/www.hotelleftbank.com\/de\/zimmer\/","title":{"rendered":"Zimmer"},"content":{"rendered":"\n<p class=\"has-text-align-justify has-custom-rouge-footer-color has-custom-links-beige-background-color has-text-color has-background\" style=\"margin-top:0;margin-right:0;margin-bottom:0;margin-left:0;padding-top:0;padding-right:0;padding-bottom:0;padding-left:0\">Die Zimmer im Hotel Left Bank Saint Germain in Paris sind eine harmonische Mischung aus modernem Komfort und Pariser Schick. Jedes der exquisit gestalteten Zimmer und Suiten bietet ein gem\u00fctliches und einladendes Ambiente, das mit stilvollen M\u00f6beln geschm\u00fcckt ist. Ganz gleich, ob Sie den Blick auf die Stra\u00dfe oder die Ruhe eines Innenhofs bevorzugen, Sie werden einen entspannenden R\u00fcckzugsort f\u00fcr Ihren Aufenthalt finden. Diese Zimmer sind perfekt f\u00fcr Reisende, die ein authentisches Pariser Erlebnis suchen, und bieten einen reizvollen Zufluchtsort im Herzen des Saint-Germain-des-Pr\u00e9s-Viertels am linken Ufer.   <\/p>\n\n<div class=\"wp-block-columns is-layout-flex wp-container-core-columns-is-layout-d0b3c9c8 wp-block-columns-is-layout-flex\">\n<div class=\"wp-block-column is-style-default has-custom-background-background-color has-background is-layout-flow wp-container-core-column-is-layout-faf9ae4d wp-block-column-is-layout-flow\" style=\"padding-bottom:15px\">\n<div class=\"wp-block-cover is-style-tw-border-inner hover-zoom tw-stretched-link tw-ratio-3-2\" style=\"padding-top:0;padding-right:0;padding-bottom:0;padding-left:0\"><span aria-hidden=\"true\" class=\"wp-block-cover__background has-background-dim-20 has-background-dim\"><\/span><img loading=\"lazy\" decoding=\"async\" width=\"595\" height=\"397\" sizes=\"auto, (max-width: 799px) 200vw, (max-width: 595px) 100vw, 595px\" class=\"wp-block-cover__image-background wp-image-17094\" alt=\"\" src=\"https:\/\/www.hotelleftbank.com\/wp-content\/uploads\/2023\/11\/Hotel-Left-bank-saint-germain-Standard-room-presentation-jpg.webp\" data-object-fit=\"cover\" title=\"\" srcset=\"https:\/\/www.hotelleftbank.com\/wp-content\/uploads\/2023\/11\/Hotel-Left-bank-saint-germain-Standard-room-presentation-jpg.webp 595w, https:\/\/www.hotelleftbank.com\/wp-content\/uploads\/2023\/11\/Hotel-Left-bank-saint-germain-Standard-room-presentation-300x200.webp 300w\" \/><div class=\"wp-block-cover__inner-container is-layout-flow wp-block-cover-is-layout-flow\">\n<h2 class=\"wp-block-heading has-text-align-center has-custom-background-color has-text-color has-link-color has-large-font-size wp-elements-e6f99a5001c3f6016eb48f0102a12a6b\"><a href=\"https:\/\/www.hotelleftbank.com\/de\/zimmer\/standard-zimmer\/\" data-type=\"page\" data-id=\"129\">Standard Zimmer<\/a><\/h2>\n<\/div><\/div>\n\n\n\n<p class=\"has-text-align-justify has-custom-contrast-color has-text-color\" style=\"margin-top:var(--wp--preset--spacing--30);margin-right:0;margin-left:0\">Unsere Standardzimmer im Hotel Left Bank Saint Germain bieten einen komfortablen und bequemen Aufenthalt im Herzen von Paris. Genie\u00dfen Sie einen gem\u00fctlichen und praktischen Raum f\u00fcr Ihren Besuch in der Stadt. <\/p>\n\n\n\n<div class=\"wp-block-columns are-vertically-aligned-bottom is-layout-flex wp-container-core-columns-is-layout-3df1fb3a wp-block-columns-is-layout-flex\" style=\"margin-top:20px;padding-top:0;padding-right:var(--wp--preset--spacing--30);padding-left:var(--wp--preset--spacing--30)\">\n<div class=\"wp-block-column is-vertically-aligned-bottom is-layout-flow wp-block-column-is-layout-flow\" style=\"padding-top:0;padding-right:0;padding-bottom:0;padding-left:0\">\n<div class=\"wp-block-buttons is-layout-flex wp-block-buttons-is-layout-flex\">\n<div class=\"wp-block-button has-custom-width wp-block-button__width-100 is-style-outline is-style-outline--2\" style=\"line-height:0.8\"><a class=\"wp-block-button__link has-primary-background-color has-background wp-element-button\" href=\"https:\/\/www.hotelleftbank.com\/de\/zimmer\/standard-zimmer\/\"><strong>Entdecken<\/strong><\/a><\/div>\n<\/div>\n<\/div>\n<\/div>\n<\/div>\n\n\n\n<div class=\"wp-block-column is-style-default has-custom-background-background-color has-background is-layout-flow wp-container-core-column-is-layout-8e5008fe wp-block-column-is-layout-flow\" style=\"padding-top:0;padding-right:0;padding-bottom:15px;padding-left:0\">\n<div class=\"wp-block-cover is-style-tw-border-inner hover-zoom tw-stretched-link tw-ratio-3-2\"><span aria-hidden=\"true\" class=\"wp-block-cover__background has-background-dim-20 has-background-dim\"><\/span><img loading=\"lazy\" decoding=\"async\" width=\"595\" height=\"397\" sizes=\"auto, (max-width: 799px) 200vw, (max-width: 595px) 100vw, 595px\" class=\"wp-block-cover__image-background wp-image-17110\" alt=\"\" src=\"https:\/\/www.hotelleftbank.com\/wp-content\/uploads\/2023\/11\/Hotel-Left-bank-saint-germain-Superior-room-presentation-jpg.webp\" data-object-fit=\"cover\" title=\"\" srcset=\"https:\/\/www.hotelleftbank.com\/wp-content\/uploads\/2023\/11\/Hotel-Left-bank-saint-germain-Superior-room-presentation-jpg.webp 595w, https:\/\/www.hotelleftbank.com\/wp-content\/uploads\/2023\/11\/Hotel-Left-bank-saint-germain-Superior-room-presentation-300x200.webp 300w\" \/><div class=\"wp-block-cover__inner-container is-layout-flow wp-block-cover-is-layout-flow\">\n<h2 class=\"wp-block-heading has-text-align-center has-custom-background-color has-text-color has-link-color has-large-font-size wp-elements-fee61505b282a6ef40425b5d00d2a93b\"><a href=\"https:\/\/www.hotelleftbank.com\/de\/zimmer\/superior-zimmer\/\" data-type=\"page\" data-id=\"128\">Superior Zimmer<\/a><\/h2>\n<\/div><\/div>\n\n\n\n<p class=\"has-text-align-justify has-custom-contrast-color has-text-color\" style=\"margin-top:var(--wp--preset--spacing--30);margin-right:0;margin-left:0\">Entdecken Sie Komfort und Stil in unseren Superior-Zimmern im Hotel Left Bank Saint Germain. Diese gut ausgestatteten Unterk\u00fcnfte bieten ein gem\u00fctliches Pariser Erlebnis mit allen wichtigen Annehmlichkeiten f\u00fcr einen unvergesslichen Aufenthalt. <\/p>\n\n\n\n<div class=\"wp-block-columns are-vertically-aligned-bottom is-layout-flex wp-container-core-columns-is-layout-3df1fb3a wp-block-columns-is-layout-flex\" style=\"margin-top:20px;padding-top:0;padding-right:var(--wp--preset--spacing--30);padding-left:var(--wp--preset--spacing--30)\">\n<div class=\"wp-block-column is-vertically-aligned-bottom is-layout-flow wp-block-column-is-layout-flow\" style=\"padding-top:0;padding-right:0;padding-bottom:0;padding-left:0\">\n<div class=\"wp-block-buttons is-layout-flex wp-block-buttons-is-layout-flex\">\n<div class=\"wp-block-button has-custom-width wp-block-button__width-100 is-style-outline is-style-outline--3\" style=\"line-height:0.8\"><a class=\"wp-block-button__link has-primary-background-color has-background wp-element-button\" href=\"https:\/\/www.hotelleftbank.com\/de\/zimmer\/superior-zimmer\/\"><strong>Entdecken<\/strong><\/a><\/div>\n<\/div>\n<\/div>\n<\/div>\n<\/div>\n<\/div>\n\n<div class=\"wp-block-columns is-layout-flex wp-container-core-columns-is-layout-d0b3c9c8 wp-block-columns-is-layout-flex\">\n<div class=\"wp-block-column is-style-default has-custom-background-background-color has-background is-layout-flow wp-container-core-column-is-layout-faf9ae4d wp-block-column-is-layout-flow\" style=\"padding-bottom:15px\">\n<div class=\"wp-block-cover is-style-tw-border-inner hover-zoom tw-stretched-link tw-ratio-3-2\"><span aria-hidden=\"true\" class=\"wp-block-cover__background has-background-dim-20 has-background-dim\"><\/span><img loading=\"lazy\" decoding=\"async\" width=\"595\" height=\"397\" sizes=\"auto, (max-width: 799px) 200vw, (max-width: 595px) 100vw, 595px\" class=\"wp-block-cover__image-background wp-image-17086\" alt=\"\" src=\"https:\/\/www.hotelleftbank.com\/wp-content\/uploads\/2023\/11\/Hotel-Left-bank-saint-germain-Deluxe-room-presentation-jpg.webp\" data-object-fit=\"cover\" title=\"\" srcset=\"https:\/\/www.hotelleftbank.com\/wp-content\/uploads\/2023\/11\/Hotel-Left-bank-saint-germain-Deluxe-room-presentation-jpg.webp 595w, https:\/\/www.hotelleftbank.com\/wp-content\/uploads\/2023\/11\/Hotel-Left-bank-saint-germain-Deluxe-room-presentation-300x200.webp 300w\" \/><div class=\"wp-block-cover__inner-container is-layout-flow wp-block-cover-is-layout-flow\">\n<h2 class=\"wp-block-heading has-text-align-center has-custom-background-color has-text-color has-link-color has-large-font-size wp-elements-f946a5530608e93f2494041994fd950f\"><a href=\"https:\/\/www.hotelleftbank.com\/de\/zimmer\/deluxe-zimmer\/\" data-type=\"page\" data-id=\"127\">Deluxe Zimmer<\/a><\/h2>\n<\/div><\/div>\n\n\n\n<p class=\"has-text-align-justify has-custom-contrast-color has-text-color\" style=\"margin-top:var(--wp--preset--spacing--30);margin-right:0;margin-left:0\">Unsere Deluxe-Zimmer im Hotel Left Bank Saint Germain bieten ein exquisites Pariser Erlebnis. Mit ihren im Vintage-Stil bemalten W\u00e4nden und Holzbalken bieten diese Zimmer eine Mischung aus Charakter und Eleganz. <\/p>\n\n\n\n<div class=\"wp-block-columns are-vertically-aligned-bottom is-layout-flex wp-container-core-columns-is-layout-3df1fb3a wp-block-columns-is-layout-flex\" style=\"margin-top:20px;padding-top:0;padding-right:var(--wp--preset--spacing--30);padding-left:var(--wp--preset--spacing--30)\">\n<div class=\"wp-block-column is-vertically-aligned-bottom is-layout-flow wp-block-column-is-layout-flow\" style=\"padding-top:0;padding-right:0;padding-bottom:0;padding-left:0\">\n<div class=\"wp-block-buttons is-layout-flex wp-block-buttons-is-layout-flex\">\n<div class=\"wp-block-button has-custom-width wp-block-button__width-100 is-style-outline is-style-outline--4\" style=\"line-height:0.8\"><a class=\"wp-block-button__link has-primary-background-color has-background wp-element-button\" href=\"https:\/\/www.hotelleftbank.com\/de\/zimmer\/deluxe-zimmer\/\"><strong>Entdecken<\/strong><\/a><\/div>\n<\/div>\n<\/div>\n<\/div>\n<\/div>\n\n\n\n<div class=\"wp-block-column is-style-default has-custom-background-background-color has-background is-layout-flow wp-container-core-column-is-layout-8e5008fe wp-block-column-is-layout-flow\" style=\"padding-top:0;padding-right:0;padding-bottom:15px;padding-left:0\">\n<div class=\"wp-block-cover is-style-tw-border-inner hover-zoom tw-stretched-link tw-ratio-3-2\"><span aria-hidden=\"true\" class=\"wp-block-cover__background has-background-dim-20 has-background-dim\"><\/span><img loading=\"lazy\" decoding=\"async\" width=\"595\" height=\"397\" sizes=\"auto, (max-width: 799px) 200vw, (max-width: 595px) 100vw, 595px\" class=\"wp-block-cover__image-background wp-image-17102\" alt=\"\" src=\"https:\/\/www.hotelleftbank.com\/wp-content\/uploads\/2023\/11\/Hotel-Left-bank-saint-germain-Suite-presentation-jpg.webp\" data-object-fit=\"cover\" title=\"\" srcset=\"https:\/\/www.hotelleftbank.com\/wp-content\/uploads\/2023\/11\/Hotel-Left-bank-saint-germain-Suite-presentation-jpg.webp 595w, https:\/\/www.hotelleftbank.com\/wp-content\/uploads\/2023\/11\/Hotel-Left-bank-saint-germain-Suite-presentation-300x200.webp 300w\" \/><div class=\"wp-block-cover__inner-container is-layout-flow wp-block-cover-is-layout-flow\">\n<h2 class=\"wp-block-heading has-text-align-center has-custom-background-color has-text-color has-link-color has-large-font-size wp-elements-a38e1fda9d0c3b4093caff7ff5ef9376\"><a href=\"https:\/\/www.hotelleftbank.com\/de\/zimmer\/die-suite\/\" data-type=\"page\" data-id=\"126\">Die Suite<\/a><\/h2>\n<\/div><\/div>\n\n\n\n<p class=\"has-text-align-justify has-custom-contrast-color has-text-color\" style=\"margin-top:var(--wp--preset--spacing--30);margin-right:0;margin-left:0\">Erleben Sie den ultimativen Luxus im Hotel Left Bank Saint Germain in unserer au\u00dfergew\u00f6hnlichen Suite. Mit ihrem eleganten Dekor, darunter pr\u00e4chtige Holzbalken, bietet sie eine unvergessliche und magische Pariser Flucht. <\/p>\n\n\n\n<div class=\"wp-block-columns are-vertically-aligned-bottom is-layout-flex wp-container-core-columns-is-layout-3df1fb3a wp-block-columns-is-layout-flex\" style=\"margin-top:20px;padding-top:0;padding-right:var(--wp--preset--spacing--30);padding-left:var(--wp--preset--spacing--30)\">\n<div class=\"wp-block-column is-vertically-aligned-bottom is-layout-flow wp-block-column-is-layout-flow\" style=\"padding-top:0;padding-right:0;padding-bottom:0;padding-left:0\">\n<div class=\"wp-block-buttons is-layout-flex wp-block-buttons-is-layout-flex\">\n<div class=\"wp-block-button has-custom-width wp-block-button__width-100 is-style-outline is-style-outline--5\" style=\"line-height:0.8\"><a class=\"wp-block-button__link has-primary-background-color has-background wp-element-button\" href=\"https:\/\/www.hotelleftbank.com\/de\/zimmer\/die-suite\/\"><strong>Entdecken<\/strong><\/a><\/div>\n<\/div>\n<\/div>\n<\/div>\n<\/div>\n<\/div>\n","protected":false},"excerpt":{"rendered":"<p>Die Zimmer im Hotel Left Bank Saint Germain in Paris sind eine harmonische Mischung aus modernem Komfort und Pariser Schick. Jedes der exquisit gestalteten Zimmer und Suiten bietet ein gem\u00fctliches und einladendes Ambiente, das mit stilvollen M\u00f6beln geschm\u00fcckt ist. Ganz gleich, ob Sie den Blick auf die Stra\u00dfe oder die Ruhe eines Innenhofs bevorzugen, Sie [&hellip;]<\/p>\n","protected":false},"author":1,"featured_media":17190,"parent":0,"menu_order":0,"comment_status":"closed","ping_status":"closed","template":"wp-custom-template-le-template-des-pages-2023","meta":{"footnotes":""},"class_list":["post-6579","page","type-page","status-publish","has-post-thumbnail","hentry"],"_links":{"self":[{"href":"https:\/\/www.hotelleftbank.com\/de\/wp-json\/wp\/v2\/pages\/6579","targetHints":{"allow":["GET"]}}],"collection":[{"href":"https:\/\/www.hotelleftbank.com\/de\/wp-json\/wp\/v2\/pages"}],"about":[{"href":"https:\/\/www.hotelleftbank.com\/de\/wp-json\/wp\/v2\/types\/page"}],"author":[{"embeddable":true,"href":"https:\/\/www.hotelleftbank.com\/de\/wp-json\/wp\/v2\/users\/1"}],"replies":[{"embeddable":true,"href":"https:\/\/www.hotelleftbank.com\/de\/wp-json\/wp\/v2\/comments?post=6579"}],"version-history":[{"count":0,"href":"https:\/\/www.hotelleftbank.com\/de\/wp-json\/wp\/v2\/pages\/6579\/revisions"}],"wp:featuredmedia":[{"embeddable":true,"href":"https:\/\/www.hotelleftbank.com\/de\/wp-json\/wp\/v2\/media\/17190"}],"wp:attachment":[{"href":"https:\/\/www.hotelleftbank.com\/de\/wp-json\/wp\/v2\/media?parent=6579"}],"curies":[{"name":"wp","href":"https:\/\/api.w.org\/{rel}","templated":true}]}}