{"id":6609,"date":"2023-05-16T12:43:37","date_gmt":"2023-05-16T10:43:37","guid":{"rendered":"http:\/\/www.laperle.tess5418.odns.fr\/nachtleben\/"},"modified":"2023-11-09T12:11:59","modified_gmt":"2023-11-09T11:11:59","slug":"nachtleben","status":"publish","type":"page","link":"https:\/\/www.hotelleftbank.com\/de\/paris-besuchen\/nachtleben\/","title":{"rendered":"Nachtleben"},"content":{"rendered":"\n<p class=\"has-text-align-justify\">Entdecken Sie das bezaubernde Nachtleben von Saint Germain des Pr\u00e9s in Paris. Dieses historische Viertel erwacht nach Einbruch der Dunkelheit mit seinen Caf\u00e9s, gem\u00fctlichen Weinbars und lebhaften Jazzclubs zum Leben. Tauchen Sie ein in die b\u00f6hmische Atmosph\u00e4re, genie\u00dfen Sie k\u00f6stliche Cocktails, Live-Musik und unvergessliche Abende in einem der ber\u00fchmtesten Viertel der Stadt. <\/p>\n\n<div class=\"wp-block-query is-layout-flow wp-block-query-is-layout-flow\"><ul class=\"columns-3 wp-block-post-template is-layout-grid wp-container-core-post-template-is-layout-6d3fbd8f wp-block-post-template-is-layout-grid\"><li class=\"wp-block-post post-8626 post type-post status-publish format-standard has-post-thumbnail hentry category-nachtleben-de\">\n<figure class=\"bordure-doree image-zoom wp-block-post-featured-image\"><a href=\"https:\/\/www.hotelleftbank.com\/de\/nachtleben-de\/fubar\/\" target=\"_self\"  ><img loading=\"lazy\" decoding=\"async\" width=\"344\" height=\"173\" src=\"https:\/\/www.hotelleftbank.com\/wp-content\/uploads\/2023\/12\/Bar-le-Tiger-presentation.webp\" class=\"attachment-post-thumbnail size-post-thumbnail wp-post-image\" alt=\"Der Tiger\" style=\"object-fit:cover;\" srcset=\"https:\/\/www.hotelleftbank.com\/wp-content\/uploads\/2023\/12\/Bar-le-Tiger-presentation.webp 344w, https:\/\/www.hotelleftbank.com\/wp-content\/uploads\/2023\/12\/Bar-le-Tiger-presentation-300x151.webp 300w\" sizes=\"auto, (max-width: 344px) 100vw, 344px\" title=\"\"><\/a><\/figure>\n\n<h2 class=\"has-text-align-center has-link-color wp-elements-ec4dad56195e23fcce3ffc0f4f79024b wp-block-post-title has-medium-font-size\"><a href=\"https:\/\/www.hotelleftbank.com\/de\/nachtleben-de\/fubar\/\" target=\"_self\" >Der Tiger<\/a><\/h2>\n<\/li><li class=\"wp-block-post post-8984 post type-post status-publish format-standard has-post-thumbnail hentry category-nachtleben-de\">\n<figure class=\"bordure-doree image-zoom wp-block-post-featured-image\"><a href=\"https:\/\/www.hotelleftbank.com\/de\/nachtleben-de\/la-prescription\/\" target=\"_self\"  ><img loading=\"lazy\" decoding=\"async\" width=\"344\" height=\"173\" src=\"https:\/\/www.hotelleftbank.com\/wp-content\/uploads\/2023\/10\/Hotel-in-Paris-Night-Life-La-Prescription-jpg.webp\" class=\"attachment-post-thumbnail size-post-thumbnail wp-post-image\" alt=\"La Prescription\" style=\"object-fit:cover;\" title=\"\"><\/a><\/figure>\n\n<h2 class=\"has-text-align-center has-link-color wp-elements-ec4dad56195e23fcce3ffc0f4f79024b wp-block-post-title has-medium-font-size\"><a href=\"https:\/\/www.hotelleftbank.com\/de\/nachtleben-de\/la-prescription\/\" target=\"_self\" >La Prescription<\/a><\/h2>\n<\/li><li class=\"wp-block-post post-9000 post type-post status-publish format-standard has-post-thumbnail hentry category-nachtleben-de\">\n<figure class=\"bordure-doree image-zoom wp-block-post-featured-image\"><a href=\"https:\/\/www.hotelleftbank.com\/de\/nachtleben-de\/rue-guisarde-und-rue-des-canettes\/\" target=\"_self\"  ><img loading=\"lazy\" decoding=\"async\" width=\"344\" height=\"173\" src=\"https:\/\/www.hotelleftbank.com\/wp-content\/uploads\/2023\/10\/Hotel-in-Paris-Night-Life-Rue-des-Canettes-and-Rue-Guisarde-jpg.webp\" class=\"attachment-post-thumbnail size-post-thumbnail wp-post-image\" alt=\"Rue Guisarde und Rue des Canettes\" style=\"object-fit:cover;\" title=\"\"><\/a><\/figure>\n\n<h2 class=\"has-text-align-center has-link-color wp-elements-ec4dad56195e23fcce3ffc0f4f79024b wp-block-post-title has-medium-font-size\"><a href=\"https:\/\/www.hotelleftbank.com\/de\/nachtleben-de\/rue-guisarde-und-rue-des-canettes\/\" target=\"_self\" >Rue Guisarde und Rue des Canettes<\/a><\/h2>\n<\/li><li class=\"wp-block-post post-9017 post type-post status-publish format-standard has-post-thumbnail hentry category-nachtleben-de\">\n<figure class=\"bordure-doree image-zoom wp-block-post-featured-image\"><a href=\"https:\/\/www.hotelleftbank.com\/de\/nachtleben-de\/chez-georges\/\" target=\"_self\"  ><img loading=\"lazy\" decoding=\"async\" width=\"344\" height=\"173\" src=\"https:\/\/www.hotelleftbank.com\/wp-content\/uploads\/2023\/10\/Hotel-in-Paris-Night-Life-Chez-Georges-jpg.webp\" class=\"attachment-post-thumbnail size-post-thumbnail wp-post-image\" alt=\"Chez Georges\" style=\"object-fit:cover;\" title=\"\"><\/a><\/figure>\n\n<h2 class=\"has-text-align-center has-link-color wp-elements-ec4dad56195e23fcce3ffc0f4f79024b wp-block-post-title has-medium-font-size\"><a href=\"https:\/\/www.hotelleftbank.com\/de\/nachtleben-de\/chez-georges\/\" target=\"_self\" >Chez Georges<\/a><\/h2>\n<\/li><li class=\"wp-block-post post-9031 post type-post status-publish format-standard has-post-thumbnail hentry category-nachtleben-de\">\n<figure class=\"bordure-doree image-zoom wp-block-post-featured-image\"><a href=\"https:\/\/www.hotelleftbank.com\/de\/nachtleben-de\/ducs-des-lombards\/\" target=\"_self\"  ><img loading=\"lazy\" decoding=\"async\" width=\"344\" height=\"173\" src=\"https:\/\/www.hotelleftbank.com\/wp-content\/uploads\/2023\/10\/Hotel-in-Paris-Night-Life-Ducs-des-Lombards-jpg.webp\" class=\"attachment-post-thumbnail size-post-thumbnail wp-post-image\" alt=\"Ducs des Lombards\" style=\"object-fit:cover;\" title=\"\"><\/a><\/figure>\n\n<h2 class=\"has-text-align-center has-link-color wp-elements-ec4dad56195e23fcce3ffc0f4f79024b wp-block-post-title has-medium-font-size\"><a href=\"https:\/\/www.hotelleftbank.com\/de\/nachtleben-de\/ducs-des-lombards\/\" target=\"_self\" >Ducs des Lombards<\/a><\/h2>\n<\/li><li class=\"wp-block-post post-9047 post type-post status-publish format-standard has-post-thumbnail hentry category-nachtleben-de\">\n<figure class=\"bordure-doree image-zoom wp-block-post-featured-image\"><a href=\"https:\/\/www.hotelleftbank.com\/de\/nachtleben-de\/le-caveau-de-la-huchette\/\" target=\"_self\"  ><img loading=\"lazy\" decoding=\"async\" width=\"344\" height=\"173\" src=\"https:\/\/www.hotelleftbank.com\/wp-content\/uploads\/2023\/10\/Hotel-in-Paris-Night-Life-Caveau-de-la-Huchette-jpg.webp\" class=\"attachment-post-thumbnail size-post-thumbnail wp-post-image\" alt=\"Le Caveau de la Huchette\" style=\"object-fit:cover;\" title=\"\"><\/a><\/figure>\n\n<h2 class=\"has-text-align-center has-link-color wp-elements-ec4dad56195e23fcce3ffc0f4f79024b wp-block-post-title has-medium-font-size\"><a href=\"https:\/\/www.hotelleftbank.com\/de\/nachtleben-de\/le-caveau-de-la-huchette\/\" target=\"_self\" >Le Caveau de la Huchette<\/a><\/h2>\n<\/li><\/ul>\n\n<\/div>\n","protected":false},"excerpt":{"rendered":"<p>Entdecken Sie das bezaubernde Nachtleben von Saint Germain des Pr\u00e9s in Paris. Dieses historische Viertel erwacht nach Einbruch der Dunkelheit mit seinen Caf\u00e9s, gem\u00fctlichen Weinbars und lebhaften Jazzclubs zum Leben. Tauchen Sie ein in die b\u00f6hmische Atmosph\u00e4re, genie\u00dfen Sie k\u00f6stliche Cocktails, Live-Musik und unvergessliche Abende in einem der ber\u00fchmtesten Viertel der Stadt.<\/p>\n","protected":false},"author":1,"featured_media":15597,"parent":6652,"menu_order":6,"comment_status":"closed","ping_status":"closed","template":"wp-custom-template-le-template-des-pages-2023","meta":{"footnotes":""},"class_list":["post-6609","page","type-page","status-publish","has-post-thumbnail","hentry"],"_links":{"self":[{"href":"https:\/\/www.hotelleftbank.com\/de\/wp-json\/wp\/v2\/pages\/6609","targetHints":{"allow":["GET"]}}],"collection":[{"href":"https:\/\/www.hotelleftbank.com\/de\/wp-json\/wp\/v2\/pages"}],"about":[{"href":"https:\/\/www.hotelleftbank.com\/de\/wp-json\/wp\/v2\/types\/page"}],"author":[{"embeddable":true,"href":"https:\/\/www.hotelleftbank.com\/de\/wp-json\/wp\/v2\/users\/1"}],"replies":[{"embeddable":true,"href":"https:\/\/www.hotelleftbank.com\/de\/wp-json\/wp\/v2\/comments?post=6609"}],"version-history":[{"count":0,"href":"https:\/\/www.hotelleftbank.com\/de\/wp-json\/wp\/v2\/pages\/6609\/revisions"}],"up":[{"embeddable":true,"href":"https:\/\/www.hotelleftbank.com\/de\/wp-json\/wp\/v2\/pages\/6652"}],"wp:featuredmedia":[{"embeddable":true,"href":"https:\/\/www.hotelleftbank.com\/de\/wp-json\/wp\/v2\/media\/15597"}],"wp:attachment":[{"href":"https:\/\/www.hotelleftbank.com\/de\/wp-json\/wp\/v2\/media?parent=6609"}],"curies":[{"name":"wp","href":"https:\/\/api.w.org\/{rel}","templated":true}]}}