{"id":6626,"date":"2023-05-16T12:41:27","date_gmt":"2023-05-16T10:41:27","guid":{"rendered":"http:\/\/www.laperle.tess5418.odns.fr\/wellness\/"},"modified":"2023-11-09T12:10:48","modified_gmt":"2023-11-09T11:10:48","slug":"wellness","status":"publish","type":"page","link":"https:\/\/www.hotelleftbank.com\/de\/paris-besuchen\/wellness\/","title":{"rendered":"Wellness"},"content":{"rendered":"\n<p class=\"has-text-align-justify\">K\u00fcmmern Sie sich um Ihr Wohlbefinden in der Atmosph\u00e4re von Saint Germain des Pr\u00e9s. Lassen Sie sich in luxuri\u00f6sen Spas, Yogastudios und Wellness-Zentren verw\u00f6hnen, die Ihnen eine entspannende Auszeit vom Trubel der Stadt bieten. Entdecken Sie Behandlungen, verj\u00fcngende Massagen und ruhige Meditationsr\u00e4ume, die es Ihnen erm\u00f6glichen, in dieser lebhaften Stadt wieder ins Gleichgewicht zu kommen und innere Harmonie zu finden.   <\/p>\n\n<div class=\"wp-block-query is-layout-flow wp-block-query-is-layout-flow\"><ul class=\"columns-3 wp-block-post-template is-layout-grid wp-container-core-post-template-is-layout-6d3fbd8f wp-block-post-template-is-layout-grid\"><li class=\"wp-block-post post-8403 post type-post status-publish format-standard has-post-thumbnail hentry category-wellness\">\n<figure class=\"bordure-doree image-zoom wp-block-post-featured-image\"><a href=\"https:\/\/www.hotelleftbank.com\/de\/wellness\/spa-bel-ami\/\" target=\"_self\"  ><img loading=\"lazy\" decoding=\"async\" width=\"344\" height=\"173\" src=\"https:\/\/www.hotelleftbank.com\/wp-content\/uploads\/2023\/10\/Hotel-in-Paris-well-being-Spa-Bel-Ami-jpg.webp\" class=\"attachment-post-thumbnail size-post-thumbnail wp-post-image\" alt=\"Spa Bel Ami\" style=\"object-fit:cover;\" title=\"\"><\/a><\/figure>\n\n<h2 class=\"has-text-align-center has-link-color wp-elements-ec4dad56195e23fcce3ffc0f4f79024b wp-block-post-title has-medium-font-size\"><a href=\"https:\/\/www.hotelleftbank.com\/de\/wellness\/spa-bel-ami\/\" target=\"_self\" >Spa Bel Ami<\/a><\/h2>\n<\/li><li class=\"wp-block-post post-8420 post type-post status-publish format-standard has-post-thumbnail hentry category-wellness\">\n<figure class=\"bordure-doree image-zoom wp-block-post-featured-image\"><a href=\"https:\/\/www.hotelleftbank.com\/de\/wellness\/spa-28\/\" target=\"_self\"  ><img loading=\"lazy\" decoding=\"async\" width=\"344\" height=\"173\" src=\"https:\/\/www.hotelleftbank.com\/wp-content\/uploads\/2023\/10\/Hotel-in-Paris-well-being-Spa-28-jpg.webp\" class=\"attachment-post-thumbnail size-post-thumbnail wp-post-image\" alt=\"Spa 28\" style=\"object-fit:cover;\" title=\"\"><\/a><\/figure>\n\n<h2 class=\"has-text-align-center has-link-color wp-elements-ec4dad56195e23fcce3ffc0f4f79024b wp-block-post-title has-medium-font-size\"><a href=\"https:\/\/www.hotelleftbank.com\/de\/wellness\/spa-28\/\" target=\"_self\" >Spa 28<\/a><\/h2>\n<\/li><li class=\"wp-block-post post-8434 post type-post status-publish format-standard has-post-thumbnail hentry category-wellness\">\n<figure class=\"bordure-doree image-zoom wp-block-post-featured-image\"><a href=\"https:\/\/www.hotelleftbank.com\/de\/wellness\/ban-thai-spa\/\" target=\"_self\"  ><img loading=\"lazy\" decoding=\"async\" width=\"344\" height=\"173\" src=\"https:\/\/www.hotelleftbank.com\/wp-content\/uploads\/2023\/10\/Hotel-in-Paris-well-being-Ban-Thai-Spa-jpg.webp\" class=\"attachment-post-thumbnail size-post-thumbnail wp-post-image\" alt=\"Ban Thai Spa\" style=\"object-fit:cover;\" title=\"\"><\/a><\/figure>\n\n<h2 class=\"has-text-align-center has-link-color wp-elements-ec4dad56195e23fcce3ffc0f4f79024b wp-block-post-title has-medium-font-size\"><a href=\"https:\/\/www.hotelleftbank.com\/de\/wellness\/ban-thai-spa\/\" target=\"_self\" >Ban Thai Spa<\/a><\/h2>\n<\/li><li class=\"wp-block-post post-8456 post type-post status-publish format-standard has-post-thumbnail hentry category-wellness\">\n<figure class=\"bordure-doree image-zoom wp-block-post-featured-image\"><a href=\"https:\/\/www.hotelleftbank.com\/de\/wellness\/saint-germain-schwimmbad\/\" target=\"_self\"  ><img loading=\"lazy\" decoding=\"async\" width=\"344\" height=\"173\" src=\"https:\/\/www.hotelleftbank.com\/wp-content\/uploads\/2023\/10\/Hotel-in-Paris-well-being-Saint-Germain-des-Pres-Pool-jpg.webp\" class=\"attachment-post-thumbnail size-post-thumbnail wp-post-image\" alt=\"Saint Germain Schwimmbad\" style=\"object-fit:cover;\" title=\"\"><\/a><\/figure>\n\n<h2 class=\"has-text-align-center has-link-color wp-elements-ec4dad56195e23fcce3ffc0f4f79024b wp-block-post-title has-medium-font-size\"><a href=\"https:\/\/www.hotelleftbank.com\/de\/wellness\/saint-germain-schwimmbad\/\" target=\"_self\" >Saint Germain Schwimmbad<\/a><\/h2>\n<\/li><li class=\"wp-block-post post-8486 post type-post status-publish format-standard has-post-thumbnail hentry category-wellness\">\n<figure class=\"bordure-doree image-zoom wp-block-post-featured-image\"><a href=\"https:\/\/www.hotelleftbank.com\/de\/wellness\/luxemburger-garten\/\" target=\"_self\"  ><img loading=\"lazy\" decoding=\"async\" width=\"344\" height=\"173\" src=\"https:\/\/www.hotelleftbank.com\/wp-content\/uploads\/2023\/10\/Hotel-in-Paris-well-being-Luxembourg-Garden-jpg.webp\" class=\"attachment-post-thumbnail size-post-thumbnail wp-post-image\" alt=\"Luxemburger Garten\" style=\"object-fit:cover;\" title=\"\"><\/a><\/figure>\n\n<h2 class=\"has-text-align-center has-link-color wp-elements-ec4dad56195e23fcce3ffc0f4f79024b wp-block-post-title has-medium-font-size\"><a href=\"https:\/\/www.hotelleftbank.com\/de\/wellness\/luxemburger-garten\/\" target=\"_self\" >Luxemburger Garten<\/a><\/h2>\n<\/li><li class=\"wp-block-post post-8502 post type-post status-publish format-standard has-post-thumbnail hentry category-wellness\">\n<figure class=\"bordure-doree image-zoom wp-block-post-featured-image\"><a href=\"https:\/\/www.hotelleftbank.com\/de\/wellness\/fitnessraum\/\" target=\"_self\"  ><img loading=\"lazy\" decoding=\"async\" width=\"344\" height=\"173\" src=\"https:\/\/www.hotelleftbank.com\/wp-content\/uploads\/2023\/10\/Hotel-in-Paris-well-being-Luxembourg-Parc-Fitness-room-jpg.webp\" class=\"attachment-post-thumbnail size-post-thumbnail wp-post-image\" alt=\"Fitnessraum\" style=\"object-fit:cover;\" title=\"\"><\/a><\/figure>\n\n<h2 class=\"has-text-align-center has-link-color wp-elements-ec4dad56195e23fcce3ffc0f4f79024b wp-block-post-title has-medium-font-size\"><a href=\"https:\/\/www.hotelleftbank.com\/de\/wellness\/fitnessraum\/\" target=\"_self\" >Fitnessraum<\/a><\/h2>\n<\/li><\/ul>\n\n<\/div>\n","protected":false},"excerpt":{"rendered":"<p>K\u00fcmmern Sie sich um Ihr Wohlbefinden in der Atmosph\u00e4re von Saint Germain des Pr\u00e9s. Lassen Sie sich in luxuri\u00f6sen Spas, Yogastudios und Wellness-Zentren verw\u00f6hnen, die Ihnen eine entspannende Auszeit vom Trubel der Stadt bieten. Entdecken Sie Behandlungen, verj\u00fcngende Massagen und ruhige Meditationsr\u00e4ume, die es Ihnen erm\u00f6glichen, in dieser lebhaften Stadt wieder ins Gleichgewicht zu kommen [&hellip;]<\/p>\n","protected":false},"author":2,"featured_media":15498,"parent":6652,"menu_order":4,"comment_status":"closed","ping_status":"closed","template":"wp-custom-template-le-template-des-pages-2023","meta":{"footnotes":""},"class_list":["post-6626","page","type-page","status-publish","has-post-thumbnail","hentry"],"_links":{"self":[{"href":"https:\/\/www.hotelleftbank.com\/de\/wp-json\/wp\/v2\/pages\/6626","targetHints":{"allow":["GET"]}}],"collection":[{"href":"https:\/\/www.hotelleftbank.com\/de\/wp-json\/wp\/v2\/pages"}],"about":[{"href":"https:\/\/www.hotelleftbank.com\/de\/wp-json\/wp\/v2\/types\/page"}],"author":[{"embeddable":true,"href":"https:\/\/www.hotelleftbank.com\/de\/wp-json\/wp\/v2\/users\/2"}],"replies":[{"embeddable":true,"href":"https:\/\/www.hotelleftbank.com\/de\/wp-json\/wp\/v2\/comments?post=6626"}],"version-history":[{"count":0,"href":"https:\/\/www.hotelleftbank.com\/de\/wp-json\/wp\/v2\/pages\/6626\/revisions"}],"up":[{"embeddable":true,"href":"https:\/\/www.hotelleftbank.com\/de\/wp-json\/wp\/v2\/pages\/6652"}],"wp:featuredmedia":[{"embeddable":true,"href":"https:\/\/www.hotelleftbank.com\/de\/wp-json\/wp\/v2\/media\/15498"}],"wp:attachment":[{"href":"https:\/\/www.hotelleftbank.com\/de\/wp-json\/wp\/v2\/media?parent=6626"}],"curies":[{"name":"wp","href":"https:\/\/api.w.org\/{rel}","templated":true}]}}