{"id":6644,"date":"2023-05-16T12:35:09","date_gmt":"2023-05-16T10:35:09","guid":{"rendered":"http:\/\/www.laperle.tess5418.odns.fr\/monuments\/"},"modified":"2023-11-09T12:09:45","modified_gmt":"2023-11-09T11:09:45","slug":"monuments","status":"publish","type":"page","link":"https:\/\/www.hotelleftbank.com\/de\/paris-besuchen\/monuments\/","title":{"rendered":"Monuments"},"content":{"rendered":"\n<p class=\"has-text-align-justify\">Erleben Sie die Erhabenheit von Paris anhand seiner ikonischen Monumente. Vom majest\u00e4tischen Eiffelturm bis zu den historischen Br\u00fccken erz\u00e4hlt jedes Monument eine Geschichte von Kunst, Geschichte und architektonischer Brillanz. Bewundern Sie die zeitlose Sch\u00f6nheit der Kathedrale Notre-Dame, spazieren Sie durch das opulente Schloss von Versailles und lassen Sie sich vom Arc de Triomphe verzaubern. Die Denkm\u00e4ler von Paris sind ein Zeugnis des reichen kulturellen Erbes der Stadt.    <\/p>\n\n<div class=\"wp-block-query is-layout-flow wp-block-query-is-layout-flow\"><ul class=\"columns-3 wp-block-post-template is-layout-grid wp-container-core-post-template-is-layout-6d3fbd8f wp-block-post-template-is-layout-grid\"><li class=\"wp-block-post post-8819 post type-post status-publish format-standard has-post-thumbnail hentry category-monuments-de\">\n<figure class=\"bordure-doree image-zoom wp-block-post-featured-image\"><a href=\"https:\/\/www.hotelleftbank.com\/de\/monuments-de\/die-bruecken-von-paris\/\" target=\"_self\"  ><img loading=\"lazy\" decoding=\"async\" width=\"344\" height=\"173\" src=\"https:\/\/www.hotelleftbank.com\/wp-content\/uploads\/2023\/10\/Hotel-in-Paris-Monument-Bridges-of-Paris-jpg.webp\" class=\"attachment-post-thumbnail size-post-thumbnail wp-post-image\" alt=\"Die Br\u00fccken von Paris\" style=\"object-fit:cover;\" title=\"\"><\/a><\/figure>\n\n<h2 class=\"has-text-align-center has-link-color wp-elements-ec4dad56195e23fcce3ffc0f4f79024b wp-block-post-title has-medium-font-size\"><a href=\"https:\/\/www.hotelleftbank.com\/de\/monuments-de\/die-bruecken-von-paris\/\" target=\"_self\" >Die Br\u00fccken von Paris<\/a><\/h2>\n<\/li><li class=\"wp-block-post post-8590 post type-post status-publish format-standard has-post-thumbnail hentry category-monuments-de\">\n<figure class=\"bordure-doree image-zoom wp-block-post-featured-image\"><a href=\"https:\/\/www.hotelleftbank.com\/de\/monuments-de\/der-triumphbogen\/\" target=\"_self\"  ><img loading=\"lazy\" decoding=\"async\" width=\"344\" height=\"173\" src=\"https:\/\/www.hotelleftbank.com\/wp-content\/uploads\/2023\/10\/Hotel-in-Paris-Monument-Triumphal-Arc-jpg.webp\" class=\"attachment-post-thumbnail size-post-thumbnail wp-post-image\" alt=\"Der Triumphbogen\" style=\"object-fit:cover;\" title=\"\"><\/a><\/figure>\n\n<h2 class=\"has-text-align-center has-link-color wp-elements-ec4dad56195e23fcce3ffc0f4f79024b wp-block-post-title has-medium-font-size\"><a href=\"https:\/\/www.hotelleftbank.com\/de\/monuments-de\/der-triumphbogen\/\" target=\"_self\" >Der Triumphbogen<\/a><\/h2>\n<\/li><li class=\"wp-block-post post-8749 post type-post status-publish format-standard has-post-thumbnail hentry category-monuments-de\">\n<figure class=\"bordure-doree image-zoom wp-block-post-featured-image\"><a href=\"https:\/\/www.hotelleftbank.com\/de\/monuments-de\/das-schloss-von-versailles\/\" target=\"_self\"  ><img loading=\"lazy\" decoding=\"async\" width=\"344\" height=\"173\" src=\"https:\/\/www.hotelleftbank.com\/wp-content\/uploads\/2023\/10\/Hotel-in-Paris-Monument-Castle-of-Versailles-jpg.webp\" class=\"attachment-post-thumbnail size-post-thumbnail wp-post-image\" alt=\"Das Schloss von Versailles\" style=\"object-fit:cover;\" title=\"\"><\/a><\/figure>\n\n<h2 class=\"has-text-align-center has-link-color wp-elements-ec4dad56195e23fcce3ffc0f4f79024b wp-block-post-title has-medium-font-size\"><a href=\"https:\/\/www.hotelleftbank.com\/de\/monuments-de\/das-schloss-von-versailles\/\" target=\"_self\" >Das Schloss von Versailles<\/a><\/h2>\n<\/li><li class=\"wp-block-post post-8771 post type-post status-publish format-standard has-post-thumbnail hentry category-monuments-de\">\n<figure class=\"bordure-doree image-zoom wp-block-post-featured-image\"><a href=\"https:\/\/www.hotelleftbank.com\/de\/monuments-de\/sacre-coeur\/\" target=\"_self\"  ><img loading=\"lazy\" decoding=\"async\" width=\"344\" height=\"173\" src=\"https:\/\/www.hotelleftbank.com\/wp-content\/uploads\/2023\/10\/Hotel-in-Paris-Monument-Montmartre-Sacre-Coeur-jpg.webp\" class=\"attachment-post-thumbnail size-post-thumbnail wp-post-image\" alt=\"Sacr\u00e9 Coeur\" style=\"object-fit:cover;\" title=\"\"><\/a><\/figure>\n\n<h2 class=\"has-text-align-center has-link-color wp-elements-ec4dad56195e23fcce3ffc0f4f79024b wp-block-post-title has-medium-font-size\"><a href=\"https:\/\/www.hotelleftbank.com\/de\/monuments-de\/sacre-coeur\/\" target=\"_self\" >Sacr\u00e9 Coeur<\/a><\/h2>\n<\/li><li class=\"wp-block-post post-8799 post type-post status-publish format-standard has-post-thumbnail hentry category-monuments-de\">\n<figure class=\"bordure-doree image-zoom wp-block-post-featured-image\"><a href=\"https:\/\/www.hotelleftbank.com\/de\/monuments-de\/notre-dame-de-paris\/\" target=\"_self\"  ><img loading=\"lazy\" decoding=\"async\" width=\"344\" height=\"173\" src=\"https:\/\/www.hotelleftbank.com\/wp-content\/uploads\/2023\/10\/Hotel-in-Paris-Monument-Notre-Dame-de-Paris-jpg.webp\" class=\"attachment-post-thumbnail size-post-thumbnail wp-post-image\" alt=\"Notre Dame de Paris\" style=\"object-fit:cover;\" title=\"\"><\/a><\/figure>\n\n<h2 class=\"has-text-align-center has-link-color wp-elements-ec4dad56195e23fcce3ffc0f4f79024b wp-block-post-title has-medium-font-size\"><a href=\"https:\/\/www.hotelleftbank.com\/de\/monuments-de\/notre-dame-de-paris\/\" target=\"_self\" >Notre Dame de Paris<\/a><\/h2>\n<\/li><li class=\"wp-block-post post-8785 post type-post status-publish format-standard has-post-thumbnail hentry category-monuments-de\">\n<figure class=\"bordure-doree image-zoom wp-block-post-featured-image\"><a href=\"https:\/\/www.hotelleftbank.com\/de\/monuments-de\/der-eiffelturm\/\" target=\"_self\"  ><img loading=\"lazy\" decoding=\"async\" width=\"1920\" height=\"965\" src=\"https:\/\/www.hotelleftbank.com\/wp-content\/uploads\/2026\/03\/Tour-Eiffel-1920x965-1.jpg\" class=\"attachment-post-thumbnail size-post-thumbnail wp-post-image\" alt=\"Der Eiffelturm\" style=\"object-fit:cover;\" srcset=\"https:\/\/www.hotelleftbank.com\/wp-content\/uploads\/2026\/03\/Tour-Eiffel-1920x965-1.jpg 1920w, https:\/\/www.hotelleftbank.com\/wp-content\/uploads\/2026\/03\/Tour-Eiffel-1920x965-1-300x151.jpg 300w, https:\/\/www.hotelleftbank.com\/wp-content\/uploads\/2026\/03\/Tour-Eiffel-1920x965-1-1024x515.jpg 1024w, https:\/\/www.hotelleftbank.com\/wp-content\/uploads\/2026\/03\/Tour-Eiffel-1920x965-1-768x386.jpg 768w, https:\/\/www.hotelleftbank.com\/wp-content\/uploads\/2026\/03\/Tour-Eiffel-1920x965-1-1536x772.jpg 1536w\" sizes=\"auto, (max-width: 1920px) 100vw, 1920px\" title=\"\"><\/a><\/figure>\n\n<h2 class=\"has-text-align-center has-link-color wp-elements-ec4dad56195e23fcce3ffc0f4f79024b wp-block-post-title has-medium-font-size\"><a href=\"https:\/\/www.hotelleftbank.com\/de\/monuments-de\/der-eiffelturm\/\" target=\"_self\" >Der Eiffelturm<\/a><\/h2>\n<\/li><\/ul>\n\n<\/div>\n","protected":false},"excerpt":{"rendered":"<p>Erleben Sie die Erhabenheit von Paris anhand seiner ikonischen Monumente. Vom majest\u00e4tischen Eiffelturm bis zu den historischen Br\u00fccken erz\u00e4hlt jedes Monument eine Geschichte von Kunst, Geschichte und architektonischer Brillanz. Bewundern Sie die zeitlose Sch\u00f6nheit der Kathedrale Notre-Dame, spazieren Sie durch das opulente Schloss von Versailles und lassen Sie sich vom Arc de Triomphe verzaubern. Die [&hellip;]<\/p>\n","protected":false},"author":2,"featured_media":16788,"parent":6652,"menu_order":1,"comment_status":"closed","ping_status":"closed","template":"wp-custom-template-le-template-des-pages-2023","meta":{"footnotes":""},"class_list":["post-6644","page","type-page","status-publish","has-post-thumbnail","hentry"],"_links":{"self":[{"href":"https:\/\/www.hotelleftbank.com\/de\/wp-json\/wp\/v2\/pages\/6644","targetHints":{"allow":["GET"]}}],"collection":[{"href":"https:\/\/www.hotelleftbank.com\/de\/wp-json\/wp\/v2\/pages"}],"about":[{"href":"https:\/\/www.hotelleftbank.com\/de\/wp-json\/wp\/v2\/types\/page"}],"author":[{"embeddable":true,"href":"https:\/\/www.hotelleftbank.com\/de\/wp-json\/wp\/v2\/users\/2"}],"replies":[{"embeddable":true,"href":"https:\/\/www.hotelleftbank.com\/de\/wp-json\/wp\/v2\/comments?post=6644"}],"version-history":[{"count":0,"href":"https:\/\/www.hotelleftbank.com\/de\/wp-json\/wp\/v2\/pages\/6644\/revisions"}],"up":[{"embeddable":true,"href":"https:\/\/www.hotelleftbank.com\/de\/wp-json\/wp\/v2\/pages\/6652"}],"wp:featuredmedia":[{"embeddable":true,"href":"https:\/\/www.hotelleftbank.com\/de\/wp-json\/wp\/v2\/media\/16788"}],"wp:attachment":[{"href":"https:\/\/www.hotelleftbank.com\/de\/wp-json\/wp\/v2\/media?parent=6644"}],"curies":[{"name":"wp","href":"https:\/\/api.w.org\/{rel}","templated":true}]}}