{"id":6652,"date":"2023-05-05T12:46:57","date_gmt":"2023-05-05T10:46:57","guid":{"rendered":"http:\/\/www.laperle.tess5418.odns.fr\/paris-besuchen\/"},"modified":"2023-12-01T09:43:10","modified_gmt":"2023-12-01T08:43:10","slug":"paris-besuchen","status":"publish","type":"page","link":"https:\/\/www.hotelleftbank.com\/de\/paris-besuchen\/","title":{"rendered":"Paris Besuchen"},"content":{"rendered":"\n<p class=\"has-text-align-justify has-custom-rouge-footer-color has-text-color\" style=\"margin-top:0;margin-right:0;margin-bottom:0;margin-left:0\">Vertrauen Sie auf die fachkundigen Empfehlungen unserer Mitarbeiter an der Rezeption im Left Bank Saint Germain, um das Beste von Paris zu entdecken. Von ber\u00fchmten Sehensw\u00fcrdigkeiten bis hin zu versteckten Juwelen werden sie Ihnen helfen, charmante Viertel zu erkunden, kulinarische K\u00f6stlichkeiten zu genie\u00dfen, Kunst und Kultur zu entdecken und unvergessliche Erinnerungen an Ihren Aufenthalt in der Stadt der Lichter zu schaffen.<\/p>\n\n\n\n<div class=\"wp-block-columns leconteneur has-custom-links-beige-background-color has-background is-layout-flex wp-container-core-columns-is-layout-8c511434 wp-block-columns-is-layout-flex\" style=\"margin-top:var(--wp--preset--spacing--30);padding-top:0;padding-right:0;padding-bottom:0;padding-left:0\">\n<div class=\"wp-block-column is-layout-flow wp-block-column-is-layout-flow\">\n<div class=\"wp-block-cover is-light is-style-tw-border-inner image-zoom tw-stretched-link tw-hover-opacity tw-ratio-1-1\"><span aria-hidden=\"true\" class=\"wp-block-cover__background has-custom-contrast-background-color has-background-dim-30 has-background-dim\"><\/span><img decoding=\"async\" sizes=\"(max-width: 799px) 200vw, (max-width: 385px) 100vw, 385px\" class=\"wp-block-cover__image-background wp-image-16788\" alt=\"\" src=\"https:\/\/www.hotelleftbank.com\/wp-content\/uploads\/2023\/10\/Monuments-in-Paris-1-jpg.webp\" data-object-fit=\"cover\" title=\"\"><div class=\"wp-block-cover__inner-container is-layout-flow wp-block-cover-is-layout-flow\">\n<p class=\"has-text-align-center has-large-font-size\" style=\"text-decoration:none\"><a href=\"https:\/\/www.hotelleftbank.com\/de\/paris-besuchen\/monuments\/\"><mark style=\"background-color:rgba(0, 0, 0, 0)\" class=\"has-inline-color has-custom-background-color\"><span style=\"text-decoration: underline;\">Monuments<\/span><\/mark><\/a><\/p>\n<\/div><\/div>\n<\/div>\n\n\n\n<div class=\"wp-block-column is-layout-flow wp-block-column-is-layout-flow\">\n<div class=\"wp-block-cover is-style-tw-border-inner image-zoom tw-stretched-link tw-hover-opacity tw-ratio-1-1\"><span aria-hidden=\"true\" class=\"wp-block-cover__background has-custom-contrast-background-color has-background-dim-30 has-background-dim\"><\/span><img decoding=\"async\" sizes=\"(max-width: 799px) 200vw, (max-width: 385px) 100vw, 385px\" class=\"wp-block-cover__image-background wp-image-14568\" alt=\"\" src=\"https:\/\/www.hotelleftbank.com\/wp-content\/uploads\/2023\/10\/Museums-in-Paris-jpg.webp\" data-object-fit=\"cover\" title=\"\"><div class=\"wp-block-cover__inner-container is-layout-flow wp-block-cover-is-layout-flow\">\n<p class=\"has-text-align-center has-link-color has-large-font-size wp-elements-5b2151bd741b24dcbff8b2353cf92939\" style=\"text-decoration:none\"><mark style=\"background-color:rgba(0, 0, 0, 0)\" class=\"has-inline-color has-custom-background-color\"><span style=\"text-decoration: underline;\"><a href=\"https:\/\/www.hotelleftbank.com\/de\/paris-besuchen\/museen\/\">Museen<\/a><\/span><\/mark><\/p>\n<\/div><\/div>\n<\/div>\n\n\n\n<div class=\"wp-block-column is-layout-flow wp-block-column-is-layout-flow\">\n<div class=\"wp-block-cover is-style-tw-border-inner image-zoom tw-stretched-link tw-hover-opacity tw-ratio-1-1\"><span aria-hidden=\"true\" class=\"wp-block-cover__background has-custom-contrast-background-color has-background-dim-30 has-background-dim\"><\/span><img decoding=\"async\" sizes=\"(max-width: 799px) 200vw, (max-width: 385px) 100vw, 385px\" class=\"wp-block-cover__image-background wp-image-14560\" alt=\"\" src=\"https:\/\/www.hotelleftbank.com\/wp-content\/uploads\/2023\/10\/Restaurants-in-Paris-jpg.webp\" data-object-fit=\"cover\" title=\"\"><div class=\"wp-block-cover__inner-container is-layout-flow wp-block-cover-is-layout-flow\">\n<p class=\"has-text-align-center has-link-color has-large-font-size wp-elements-d507c4e09f55a934ff6ba6b87adf8d78\" style=\"text-decoration:none\"><mark style=\"background-color:rgba(0, 0, 0, 0)\" class=\"has-inline-color has-custom-background-color\"><span style=\"text-decoration: underline;\"><a href=\"https:\/\/www.hotelleftbank.com\/de\/paris-besuchen\/restaurants\/\">Restaurants<\/a><\/span><\/mark><\/p>\n<\/div><\/div>\n<\/div>\n<\/div>\n\n\n\n<div class=\"wp-block-columns leconteneur has-custom-links-beige-background-color has-background is-layout-flex wp-container-core-columns-is-layout-8c511434 wp-block-columns-is-layout-flex\" style=\"margin-top:var(--wp--preset--spacing--30);padding-top:0;padding-right:0;padding-bottom:0;padding-left:0\">\n<div class=\"wp-block-column is-layout-flow wp-block-column-is-layout-flow\">\n<div class=\"wp-block-cover is-light is-style-tw-border-inner image-zoom tw-stretched-link tw-hover-opacity tw-ratio-1-1\"><span aria-hidden=\"true\" class=\"wp-block-cover__background has-custom-contrast-background-color has-background-dim-30 has-background-dim\"><\/span><img decoding=\"async\" sizes=\"(max-width: 799px) 200vw, (max-width: 385px) 100vw, 385px\" class=\"wp-block-cover__image-background wp-image-14544\" alt=\"\" src=\"https:\/\/www.hotelleftbank.com\/wp-content\/uploads\/2023\/10\/Well-being-in-Paris-jpg.webp\" data-object-fit=\"cover\" title=\"\"><div class=\"wp-block-cover__inner-container is-layout-flow wp-block-cover-is-layout-flow\">\n<p class=\"has-text-align-center has-link-color has-large-font-size wp-elements-5c7ebb31597ba47265b9b6e1aee57e39\" style=\"text-decoration:none\"><mark style=\"background-color:rgba(0, 0, 0, 0)\" class=\"has-inline-color has-custom-background-color\"><span style=\"text-decoration: underline;\"><a href=\"https:\/\/www.hotelleftbank.com\/de\/paris-besuchen\/wellness\/\" data-type=\"page\" data-id=\"3196\">Wellness<\/a><\/span><\/mark><\/p>\n<\/div><\/div>\n<\/div>\n\n\n\n<div class=\"wp-block-column is-layout-flow wp-block-column-is-layout-flow\">\n<div class=\"wp-block-cover is-style-tw-border-inner image-zoom tw-stretched-link tw-hover-opacity tw-ratio-1-1\"><span aria-hidden=\"true\" class=\"wp-block-cover__background has-custom-contrast-background-color has-background-dim-30 has-background-dim\"><\/span><img decoding=\"async\" sizes=\"(max-width: 799px) 200vw, (max-width: 385px) 100vw, 385px\" class=\"wp-block-cover__image-background wp-image-14552\" alt=\"\" src=\"https:\/\/www.hotelleftbank.com\/wp-content\/uploads\/2023\/10\/Shopping-in-Paris-jpg.webp\" data-object-fit=\"cover\" title=\"\"><div class=\"wp-block-cover__inner-container is-layout-flow wp-block-cover-is-layout-flow\">\n<p class=\"has-text-align-center has-link-color has-large-font-size wp-elements-7e14bf171b6206848f15a4a4b5eeeb00\" style=\"text-decoration:none\"><mark style=\"background-color:rgba(0, 0, 0, 0)\" class=\"has-inline-color has-custom-background-color\"><span style=\"text-decoration: underline;\"><a href=\"https:\/\/www.hotelleftbank.com\/de\/paris-besuchen\/shopping\/\">Shopping<\/a><\/span><\/mark><\/p>\n<\/div><\/div>\n<\/div>\n\n\n\n<div class=\"wp-block-column is-layout-flow wp-block-column-is-layout-flow\">\n<div class=\"wp-block-cover is-style-tw-border-inner image-zoom tw-stretched-link tw-hover-opacity tw-ratio-1-1\"><span aria-hidden=\"true\" class=\"wp-block-cover__background has-custom-contrast-background-color has-background-dim-30 has-background-dim\"><\/span><img decoding=\"async\" sizes=\"(max-width: 799px) 200vw, (max-width: 385px) 100vw, 385px\" class=\"wp-block-cover__image-background wp-image-14576\" alt=\"\" src=\"https:\/\/www.hotelleftbank.com\/wp-content\/uploads\/2023\/10\/Night-Life-in-Paris-jpg.webp\" data-object-fit=\"cover\" title=\"\"><div class=\"wp-block-cover__inner-container is-layout-flow wp-block-cover-is-layout-flow\">\n<p class=\"has-text-align-center has-link-color has-large-font-size wp-elements-2cf6342be855b3fa40a06b03fbc2bc1f\" style=\"text-decoration:none\"><mark style=\"background-color:rgba(0, 0, 0, 0)\" class=\"has-inline-color has-custom-background-color\"><span style=\"text-decoration: underline;\"><a href=\"https:\/\/www.hotelleftbank.com\/de\/paris-besuchen\/nachtleben\/\">Nachtleben<\/a><\/span><\/mark><\/p>\n<\/div><\/div>\n<\/div>\n<\/div>\n","protected":false},"excerpt":{"rendered":"<p>Vertrauen Sie auf die fachkundigen Empfehlungen unserer Mitarbeiter an der Rezeption im Left Bank Saint Germain, um das Beste von Paris zu entdecken. Von ber\u00fchmten Sehensw\u00fcrdigkeiten bis hin zu versteckten Juwelen werden sie Ihnen helfen, charmante Viertel zu erkunden, kulinarische K\u00f6stlichkeiten zu genie\u00dfen, Kunst und Kultur zu entdecken und unvergessliche Erinnerungen an Ihren Aufenthalt in [&hellip;]<\/p>\n","protected":false},"author":2,"featured_media":16580,"parent":0,"menu_order":0,"comment_status":"closed","ping_status":"closed","template":"wp-custom-template-le-template-des-pages-2023","meta":{"footnotes":""},"class_list":["post-6652","page","type-page","status-publish","has-post-thumbnail","hentry"],"_links":{"self":[{"href":"https:\/\/www.hotelleftbank.com\/de\/wp-json\/wp\/v2\/pages\/6652","targetHints":{"allow":["GET"]}}],"collection":[{"href":"https:\/\/www.hotelleftbank.com\/de\/wp-json\/wp\/v2\/pages"}],"about":[{"href":"https:\/\/www.hotelleftbank.com\/de\/wp-json\/wp\/v2\/types\/page"}],"author":[{"embeddable":true,"href":"https:\/\/www.hotelleftbank.com\/de\/wp-json\/wp\/v2\/users\/2"}],"replies":[{"embeddable":true,"href":"https:\/\/www.hotelleftbank.com\/de\/wp-json\/wp\/v2\/comments?post=6652"}],"version-history":[{"count":0,"href":"https:\/\/www.hotelleftbank.com\/de\/wp-json\/wp\/v2\/pages\/6652\/revisions"}],"wp:featuredmedia":[{"embeddable":true,"href":"https:\/\/www.hotelleftbank.com\/de\/wp-json\/wp\/v2\/media\/16580"}],"wp:attachment":[{"href":"https:\/\/www.hotelleftbank.com\/de\/wp-json\/wp\/v2\/media?parent=6652"}],"curies":[{"name":"wp","href":"https:\/\/api.w.org\/{rel}","templated":true}]}}