{"id":6705,"date":"2023-05-05T12:46:44","date_gmt":"2023-05-05T10:46:44","guid":{"rendered":"http:\/\/www.laperle.tess5418.odns.fr\/dienstlastungen\/"},"modified":"2023-12-13T17:49:58","modified_gmt":"2023-12-13T16:49:58","slug":"dienstlastungen","status":"publish","type":"page","link":"https:\/\/www.hotelleftbank.com\/de\/dienstlastungen\/","title":{"rendered":"Dienstlastungen"},"content":{"rendered":"\n<div class=\"wp-block-columns leconteneur has-custom-contrast-color has-custom-links-beige-background-color has-text-color has-background is-layout-flex wp-container-core-columns-is-layout-a807a079 wp-block-columns-is-layout-flex\" style=\"border-style:none;border-width:0px;border-radius:0px;margin-top:0;margin-bottom:0;padding-top:0;padding-right:0;padding-bottom:0;padding-left:0\">\n<div class=\"wp-block-column agl agl-fadeCSSRight is-layout-flow wp-container-core-column-is-layout-69fcd244 wp-block-column-is-layout-flow\" style=\"--col-width:42%;padding-top:0;padding-right:0;padding-bottom:0;padding-left:0;flex-basis:42%\">\n<div class=\"wp-block-cover is-light is-style-default\" style=\"padding-top:0;padding-right:0;padding-bottom:0;padding-left:0;min-height:100%;aspect-ratio:unset;\"><span aria-hidden=\"true\" class=\"wp-block-cover__background has-custom-background-background-color has-background-dim-80 has-background-dim\"><\/span><img loading=\"lazy\" decoding=\"async\" width=\"515\" height=\"650\" sizes=\"auto, (max-width: 799px) 200vw, (max-width: 515px) 100vw, 515px\" class=\"wp-block-cover__image-background wp-image-17354\" alt=\"\" src=\"https:\/\/www.hotelleftbank.com\/wp-content\/uploads\/2023\/11\/Hotel-Left-Bank-saint-germain-Reception-detail-jpg.webp\" data-object-fit=\"cover\" title=\"\" srcset=\"https:\/\/www.hotelleftbank.com\/wp-content\/uploads\/2023\/11\/Hotel-Left-Bank-saint-germain-Reception-detail-jpg.webp 515w, https:\/\/www.hotelleftbank.com\/wp-content\/uploads\/2023\/11\/Hotel-Left-Bank-saint-germain-Reception-detail-238x300.webp 238w\" \/><div class=\"wp-block-cover__inner-container is-layout-flow wp-block-cover-is-layout-flow\">\n<h1 class=\"wp-block-heading espace-petit-bas has-custom-rouge-footer-color has-text-color\" style=\"margin-top:var(--wp--preset--spacing--30);margin-right:0;margin-bottom:0;margin-left:var(--wp--preset--spacing--30);padding-top:0px;padding-right:0px;padding-bottom:0px;padding-left:0px;font-style:normal;font-weight:600\">Rezeption<\/h1>\n\n\n\n<h1 class=\"wp-block-heading has-custom-rouge-footer-color has-text-color\" style=\"margin-top:0;margin-left:var(--wp--preset--spacing--30)\">Seien Sie unser Gast<\/h1>\n\n\n\n<p style=\"margin-right:var(--wp--preset--spacing--30);margin-left:var(--wp--preset--spacing--30)\">Die Rezeption des Hotel Left Bank Saint Germain in Paris ist bestrebt, allen G\u00e4sten einen reibungslosen und unvergesslichen Aufenthalt zu bieten. Unser mehrsprachiges Personal ist immer bereit, Ihnen wertvolle Tipps zu lokalen Sehensw\u00fcrdigkeiten, Restaurants und kulturellen Erlebnissen zu geben, damit Sie das Beste aus Ihrem Pariser Abenteuer machen k\u00f6nnen. <\/p>\n\n\n\n<p style=\"margin-right:var(--wp--preset--spacing--30);margin-bottom:var(--wp--preset--spacing--30);margin-left:var(--wp--preset--spacing--30)\">Wir bieten eine Reihe von Dienstleistungen an, darunter Concierge-Service, Flughafentransfer und Gep\u00e4ckaufbewahrung, um Ihren Aufenthalt so angenehm wie m\u00f6glich zu gestalten. Unser freundliches und einladendes Empfangsteam steht Ihnen zur Verf\u00fcgung, um Ihre Erwartungen w\u00e4hrend Ihres Aufenthalts im Herzen von Saint-Germain-des-Pr\u00e9s zu \u00fcbertreffen. <\/p>\n<\/div><\/div>\n\n\n\n<div style=\"height:15px\" aria-hidden=\"true\" class=\"wp-block-spacer\"><\/div>\n<\/div>\n\n\n\n<div class=\"wp-block-column agl agl-fadeCSSLeft is-layout-flow wp-container-core-column-is-layout-081827d2 wp-block-column-is-layout-flow\" style=\"--col-width:58%;padding-top:0;padding-right:0;padding-bottom:0;padding-left:0;flex-basis:58%\">\n<div class=\"wp-block-cover is-style-tw-border-inner hauteur-minimale\" style=\"min-height:100%;aspect-ratio:unset;\"><span aria-hidden=\"true\" class=\"wp-block-cover__background has-background-dim-0 has-background-dim\"><\/span><img loading=\"lazy\" decoding=\"async\" width=\"711\" height=\"650\" sizes=\"auto, (max-width: 799px) 200vw, (max-width: 711px) 100vw, 711px\" class=\"wp-block-cover__image-background wp-image-17362\" alt=\"\" src=\"https:\/\/www.hotelleftbank.com\/wp-content\/uploads\/2023\/11\/Hotel-Left-Bank-saint-germain-Reception-office.jpg\" data-object-fit=\"cover\" title=\"\" srcset=\"https:\/\/www.hotelleftbank.com\/wp-content\/uploads\/2023\/11\/Hotel-Left-Bank-saint-germain-Reception-office.jpg 711w, https:\/\/www.hotelleftbank.com\/wp-content\/uploads\/2023\/11\/Hotel-Left-Bank-saint-germain-Reception-office-300x274.webp 300w\" \/><div class=\"wp-block-cover__inner-container is-layout-flow wp-block-cover-is-layout-flow\">\n<p class=\"has-text-align-center has-large-font-size\"><\/p>\n\n\n\n<div style=\"height:250px\" aria-hidden=\"true\" class=\"wp-block-spacer\"><\/div>\n<\/div><\/div>\n<\/div>\n<\/div>\n\n<hr class=\"wp-block-separator has-text-color has-custom-primary-color has-alpha-channel-opacity has-custom-primary-background-color has-background is-style-wide\" style=\"width: 200px; max-width: 100%;margin-top:var(--wp--preset--spacing--40);margin-bottom:0\"\/>\n\n\n\n<hr class=\"wp-block-separator aligncenter has-text-color has-custom-primary-color has-alpha-channel-opacity has-custom-primary-background-color has-background\" style=\"width: 300px; max-width: 100%;margin-top:5px\"\/>\n\n\n\n<hr class=\"wp-block-separator aligncenter has-text-color has-custom-primary-color has-alpha-channel-opacity has-custom-primary-background-color has-background\" style=\"width: 200px; max-width: 100%;margin-top:5px;margin-bottom:var(--wp--preset--spacing--30)\"\/>\n\n<div class=\"wp-block-columns leconteneur has-custom-contrast-color has-custom-links-beige-background-color has-text-color has-background is-layout-flex wp-container-core-columns-is-layout-1aa88071 wp-block-columns-is-layout-flex\" style=\"border-style:none;border-width:0px;margin-top:0;padding-top:0;padding-right:0;padding-bottom:0;padding-left:0\">\n<div class=\"wp-block-column agl agl-fadeCSSUp is-layout-flow wp-container-core-column-is-layout-081827d2 wp-block-column-is-layout-flow\" style=\"--col-width:45%;padding-top:0;padding-right:0;padding-bottom:0;padding-left:0;flex-basis:45%\">\n<div class=\"wp-block-cover is-style-tw-border-inner\" style=\"min-height:100%;aspect-ratio:unset;\"><span aria-hidden=\"true\" class=\"wp-block-cover__background has-background-dim-0 has-background-dim\"><\/span><img loading=\"lazy\" decoding=\"async\" width=\"552\" height=\"725\" sizes=\"auto, (max-width: 799px) 200vw, (max-width: 552px) 100vw, 552px\" class=\"wp-block-cover__image-background wp-image-17378\" alt=\"\" src=\"https:\/\/www.hotelleftbank.com\/wp-content\/uploads\/2023\/11\/Hotel-Left-Bank-saint-germain-Breakfast-room-jpg.webp\" data-object-fit=\"cover\" title=\"\" srcset=\"https:\/\/www.hotelleftbank.com\/wp-content\/uploads\/2023\/11\/Hotel-Left-Bank-saint-germain-Breakfast-room-jpg.webp 552w, https:\/\/www.hotelleftbank.com\/wp-content\/uploads\/2023\/11\/Hotel-Left-Bank-saint-germain-Breakfast-room-228x300.webp 228w\" \/><div class=\"wp-block-cover__inner-container is-layout-flow wp-block-cover-is-layout-flow\">\n<p class=\"has-text-align-center has-large-font-size\"><\/p>\n\n\n\n<div style=\"height:250px\" aria-hidden=\"true\" class=\"wp-block-spacer\"><\/div>\n<\/div><\/div>\n<\/div>\n\n\n\n<div class=\"wp-block-column agl agl-fadeCSSLeft is-layout-flow wp-container-core-column-is-layout-69fcd244 wp-block-column-is-layout-flow\" style=\"--col-width:55%;padding-top:0;padding-right:0;padding-bottom:0;padding-left:0;flex-basis:55%\">\n<div class=\"wp-block-cover is-light is-style-default\" style=\"padding-top:0;padding-right:0;padding-bottom:0;padding-left:0\"><span aria-hidden=\"true\" class=\"wp-block-cover__background has-custom-background-background-color has-background-dim-80 has-background-dim\"><\/span><img loading=\"lazy\" decoding=\"async\" width=\"674\" height=\"725\" sizes=\"auto, (max-width: 799px) 200vw, (max-width: 674px) 100vw, 674px\" class=\"wp-block-cover__image-background wp-image-17370\" alt=\"\" src=\"https:\/\/www.hotelleftbank.com\/wp-content\/uploads\/2023\/11\/Hotel-Left-Bank-saint-germain-Breakfast-detail.jpg\" data-object-fit=\"cover\" title=\"\" srcset=\"https:\/\/www.hotelleftbank.com\/wp-content\/uploads\/2023\/11\/Hotel-Left-Bank-saint-germain-Breakfast-detail.jpg 674w, https:\/\/www.hotelleftbank.com\/wp-content\/uploads\/2023\/11\/Hotel-Left-Bank-saint-germain-Breakfast-detail-279x300.webp 279w\" \/><div class=\"wp-block-cover__inner-container is-layout-flow wp-block-cover-is-layout-flow\">\n<h1 class=\"wp-block-heading has-text-align-right espace-petit-bas has-custom-rouge-footer-color has-text-color\" style=\"margin-top:var(--wp--preset--spacing--30);margin-right:var(--wp--preset--spacing--30);margin-bottom:0;margin-left:var(--wp--preset--spacing--30);padding-top:0px;padding-right:0px;padding-bottom:0px;padding-left:0px;font-style:normal;font-weight:600\">Fr\u00fchst\u00fcck<\/h1>\n\n\n\n<p style=\"padding-right:var(--wp--preset--spacing--30);padding-left:var(--wp--preset--spacing--30)\">Im Hotel Left Bank Saint Germain in Paris wird das Fr\u00fchst\u00fcck zwischen 7 und 11 Uhr in Buffetform serviert. Genie\u00dfen Sie unbegrenzt Kaffee, Caf\u00e9 au lait, hei\u00dfe Schokolade oder Tee. <br\/>Genie\u00dfen Sie die Frische eines Orangensaftes, eine Auswahl an Geb\u00e4ck und verschiedene Brotsorten, die vor Ort zubereitet und gebacken werden. Genie\u00dfen Sie R\u00fchrei, W\u00fcrstchen, frischen Obstsalat, Kompott, H\u00fcttenk\u00e4se, Pfannkuchen, eine Auswahl an M\u00fcsli, K\u00e4se, Wurstwaren und verschiedene Joghurts &#8230;. <br\/>Wenn Sie es vorziehen, in Ihrem Zimmer zu fr\u00fchst\u00fccken, bieten wir Ihnen ein kontinentales Fr\u00fchst\u00fcck mit Kaffee, Tee oder hei\u00dfer Schokolade an, begleitet von leckeren Br\u00f6tchen und Geb\u00e4ck mit Marmelade und Honig und nat\u00fcrlich frisch gepresstem Orangensaft.<\/p>\n\n\n\n<p style=\"padding-right:var(--wp--preset--spacing--30);padding-left:var(--wp--preset--spacing--30)\">Glutenfreie Produkte und Sojamilch auf Anfrage.<\/p>\n\n\n\n<p style=\"padding-right:var(--wp--preset--spacing--30);padding-left:var(--wp--preset--spacing--30)\">Das Fr\u00fchst\u00fcck kostet nur 12 \u20ac pro Person. Verpassen Sie nicht unser exklusives 5-Euro-Fr\u00fchst\u00fccksangebot, das f\u00fcr G\u00e4ste gilt, die direkt \u00fcber unsere Website buchen. W\u00e4hlen Sie bei der Buchung Ihres Zimmers einfach den Fr\u00fchst\u00fcckszuschlag von 5 \u20ac aus, um von dieser fantastischen Aktion zu profitieren.  <\/p>\n\n\n\n<p class=\"has-custom-contrast-color has-text-color\" style=\"margin-right:var(--wp--preset--spacing--30);margin-left:var(--wp--preset--spacing--30)\">Preis pro Person: 12 \u20ac<\/p>\n\n\n\n<hr style=\"width: 40%; max-width: 100%;\" class=\"wp-block-separator aligncenter has-alpha-channel-opacity\"\/>\n\n\n\n<p class=\"has-text-align-justify has-custom-contrast-color has-text-color\" style=\"margin-right:var(--wp--preset--spacing--30);margin-left:var(--wp--preset--spacing--30)\"><strong>Spezielles 5\u20ac Fr\u00fchst\u00fccksangebot!<\/strong><\/p>\n\n\n\n<p class=\"has-text-align-justify has-custom-contrast-color has-text-color\" style=\"margin-right:var(--wp--preset--spacing--30);margin-left:var(--wp--preset--spacing--30)\">Wir bieten unseren G\u00e4sten, die direkt \u00fcber unsere Website gebucht haben, ein Fr\u00fchst\u00fcck f\u00fcr 5 \u20ac anstelle von 12 \u20ac.<\/p>\n\n\n\n<p class=\"has-text-align-justify has-custom-contrast-color has-text-color\" style=\"margin-right:var(--wp--preset--spacing--30);margin-bottom:var(--wp--preset--spacing--30);margin-left:var(--wp--preset--spacing--30)\">Um das Angebot in Anspruch zu nehmen, buchen Sie Ihr Zimmer und w\u00e4hlen Sie die 5\u20ac-Fr\u00fchst\u00fccksoption.<\/p>\n<\/div><\/div>\n<\/div>\n<\/div>\n\n<hr class=\"wp-block-separator has-text-color has-custom-primary-color has-alpha-channel-opacity has-custom-primary-background-color has-background is-style-wide\" style=\"width: 200px; max-width: 100%;margin-top:var(--wp--preset--spacing--40);margin-bottom:0\"\/>\n\n\n\n<hr class=\"wp-block-separator aligncenter has-text-color has-custom-primary-color has-alpha-channel-opacity has-custom-primary-background-color has-background\" style=\"width: 300px; max-width: 100%;margin-top:5px\"\/>\n\n\n\n<hr class=\"wp-block-separator aligncenter has-text-color has-custom-primary-color has-alpha-channel-opacity has-custom-primary-background-color has-background\" style=\"width: 200px; max-width: 100%;margin-top:5px;margin-bottom:var(--wp--preset--spacing--30)\"\/>\n\n<div class=\"wp-block-columns leconteneur agl agl-fadeCSSundefined has-custom-contrast-color has-custom-links-beige-background-color has-text-color has-background is-layout-flex wp-container-core-columns-is-layout-a807a079 wp-block-columns-is-layout-flex\" style=\"border-style:none;border-width:0px;border-radius:0px;margin-top:0;margin-bottom:0;padding-top:0;padding-right:0;padding-bottom:0;padding-left:0\">\n<div class=\"wp-block-column agl agl-fadeCSSRight is-layout-flow wp-container-core-column-is-layout-69fcd244 wp-block-column-is-layout-flow\" style=\"--col-width:35%;padding-top:0;padding-right:0;padding-bottom:0;padding-left:0;flex-basis:35%\">\n<div class=\"wp-block-cover is-light is-style-default\" style=\"padding-top:0;padding-right:0;padding-bottom:0;padding-left:0;min-height:100%;aspect-ratio:unset;\"><span aria-hidden=\"true\" class=\"wp-block-cover__background has-custom-background-background-color has-background-dim-80 has-background-dim\"><\/span><img loading=\"lazy\" decoding=\"async\" width=\"429\" height=\"597\" sizes=\"auto, (max-width: 799px) 200vw, (max-width: 429px) 100vw, 429px\" class=\"wp-block-cover__image-background wp-image-17338\" alt=\"\" src=\"https:\/\/www.hotelleftbank.com\/wp-content\/uploads\/2023\/11\/Hotel-Left-Bank-saint-germain-Lounge-detail.jpg\" data-object-fit=\"cover\" title=\"\" srcset=\"https:\/\/www.hotelleftbank.com\/wp-content\/uploads\/2023\/11\/Hotel-Left-Bank-saint-germain-Lounge-detail.jpg 429w, https:\/\/www.hotelleftbank.com\/wp-content\/uploads\/2023\/11\/Hotel-Left-Bank-saint-germain-Lounge-detail-216x300.webp 216w\" \/><div class=\"wp-block-cover__inner-container is-layout-flow wp-block-cover-is-layout-flow\">\n<h1 class=\"wp-block-heading espace-petit-bas has-custom-rouge-footer-color has-text-color\" style=\"margin-top:var(--wp--preset--spacing--30);margin-right:0;margin-bottom:0;margin-left:var(--wp--preset--spacing--30);padding-top:0px;padding-right:0px;padding-bottom:0px;padding-left:0px;font-style:normal;font-weight:600\">Der Aufenthaltsraum<\/h1>\n\n\n\n<p class=\"has-text-align-justify has-custom-contrast-color has-text-color has-medium-font-size\" style=\"margin-right:var(--wp--preset--spacing--30);margin-bottom:var(--wp--preset--spacing--30);margin-left:var(--wp--preset--spacing--30)\">Der Lounge-Bereich im Hotel Left Bank Saint Germain in Paris ist ein schicker und komfortabler Raum, der zum Entspannen und geselligen Beisammensein einl\u00e4dt. Mit seiner stilvollen Einrichtung und dem einladenden Ambiente ist er der perfekte Ort, um mit einem Buch zu entspannen, einen Kaffee zu genie\u00dfen oder andere Reisende zu treffen. Ganz gleich, ob Sie Einsamkeit oder eine freundliche Atmosph\u00e4re suchen, der Lounge-Bereich bietet Ihnen eine ruhige Zuflucht im Herzen von Paris.  <\/p>\n<\/div><\/div>\n\n\n\n<div style=\"height:15px\" aria-hidden=\"true\" class=\"wp-block-spacer\"><\/div>\n<\/div>\n\n\n\n<div class=\"wp-block-column agl agl-fadeCSSLeft is-layout-flow wp-container-core-column-is-layout-081827d2 wp-block-column-is-layout-flow\" style=\"--col-width:65%;padding-top:0;padding-right:0;padding-bottom:0;padding-left:0;flex-basis:65%\">\n<div class=\"wp-block-cover is-style-tw-border-inner\" style=\"min-height:100%;aspect-ratio:unset;\"><span aria-hidden=\"true\" class=\"wp-block-cover__background has-background-dim-0 has-background-dim\"><\/span><img loading=\"lazy\" decoding=\"async\" width=\"796\" height=\"597\" sizes=\"auto, (max-width: 799px) 200vw, (max-width: 796px) 100vw, 796px\" class=\"wp-block-cover__image-background wp-image-17346\" alt=\"\" src=\"https:\/\/www.hotelleftbank.com\/wp-content\/uploads\/2023\/11\/Hotel-Left-Bank-saint-germain-Lounge-jpg.webp\" data-object-fit=\"cover\" title=\"\" srcset=\"https:\/\/www.hotelleftbank.com\/wp-content\/uploads\/2023\/11\/Hotel-Left-Bank-saint-germain-Lounge-jpg.webp 796w, https:\/\/www.hotelleftbank.com\/wp-content\/uploads\/2023\/11\/Hotel-Left-Bank-saint-germain-Lounge-300x225.webp 300w, https:\/\/www.hotelleftbank.com\/wp-content\/uploads\/2023\/11\/Hotel-Left-Bank-saint-germain-Lounge-768x576.webp 768w\" \/><div class=\"wp-block-cover__inner-container is-layout-flow wp-block-cover-is-layout-flow\">\n<p class=\"has-text-align-center has-large-font-size\"><\/p>\n\n\n\n<div style=\"height:250px\" aria-hidden=\"true\" class=\"wp-block-spacer\"><\/div>\n<\/div><\/div>\n<\/div>\n<\/div>\n\n<hr class=\"wp-block-separator has-text-color has-custom-primary-color has-alpha-channel-opacity has-custom-primary-background-color has-background is-style-wide\" style=\"width: 200px; max-width: 100%;margin-top:var(--wp--preset--spacing--40);margin-bottom:0\"\/>\n\n\n\n<hr class=\"wp-block-separator aligncenter has-text-color has-custom-primary-color has-alpha-channel-opacity has-custom-primary-background-color has-background\" style=\"width: 300px; max-width: 100%;margin-top:5px\"\/>\n\n\n\n<hr class=\"wp-block-separator aligncenter has-text-color has-custom-primary-color has-alpha-channel-opacity has-custom-primary-background-color has-background\" style=\"width: 200px; max-width: 100%;margin-top:5px;margin-bottom:var(--wp--preset--spacing--30)\"\/>\n\n<div class=\"wp-block-columns leconteneur has-custom-contrast-color has-custom-links-beige-background-color has-text-color has-background is-layout-flex wp-container-core-columns-is-layout-a807a079 wp-block-columns-is-layout-flex\" style=\"border-style:none;border-width:0px;border-radius:0px;margin-top:0;margin-bottom:0;padding-top:0;padding-right:0;padding-bottom:0;padding-left:0\">\n<div class=\"wp-block-column agl agl-fadeCSSLeft is-layout-flow wp-container-core-column-is-layout-081827d2 wp-block-column-is-layout-flow\" style=\"--col-width:62%;padding-top:0;padding-right:0;padding-bottom:0;padding-left:0;flex-basis:62%\">\n<div class=\"wp-block-cover is-light is-style-tw-border-inner\" style=\"min-height:100%;aspect-ratio:unset;\"><span aria-hidden=\"true\" class=\"wp-block-cover__background has-background-dim-0 has-background-dim\"><\/span><img loading=\"lazy\" decoding=\"async\" width=\"760\" height=\"550\" sizes=\"auto, (max-width: 799px) 200vw, (max-width: 760px) 100vw, 760px\" class=\"wp-block-cover__image-background wp-image-14430\" alt=\"\" src=\"https:\/\/www.hotelleftbank.com\/wp-content\/uploads\/2023\/10\/Hotel-La-Perle-Saint-Germain-Fitness-room-jpg.webp\" data-object-fit=\"cover\" title=\"\" srcset=\"https:\/\/www.hotelleftbank.com\/wp-content\/uploads\/2023\/10\/Hotel-La-Perle-Saint-Germain-Fitness-room-jpg.webp 760w, https:\/\/www.hotelleftbank.com\/wp-content\/uploads\/2023\/10\/Hotel-La-Perle-Saint-Germain-Fitness-room-300x217.webp 300w\" \/><div class=\"wp-block-cover__inner-container is-layout-flow wp-block-cover-is-layout-flow\">\n<div style=\"height:250px\" aria-hidden=\"true\" class=\"wp-block-spacer\"><\/div>\n\n\n\n<p class=\"has-text-align-center has-large-font-size\"><\/p>\n<\/div><\/div>\n<\/div>\n\n\n\n<div class=\"wp-block-column agl agl-fadeCSSRight is-layout-flow wp-container-core-column-is-layout-69fcd244 wp-block-column-is-layout-flow\" style=\"--col-width:38%;padding-top:0;padding-right:0;padding-bottom:0;padding-left:0;flex-basis:38%\">\n<div class=\"wp-block-cover is-light is-style-default\" style=\"padding-top:0;padding-right:0;padding-bottom:0;padding-left:0;min-height:100%;aspect-ratio:unset;\"><span aria-hidden=\"true\" class=\"wp-block-cover__background has-custom-background-background-color has-background-dim-80 has-background-dim\"><\/span><img loading=\"lazy\" decoding=\"async\" width=\"466\" height=\"550\" sizes=\"auto, (max-width: 799px) 200vw, (max-width: 466px) 100vw, 466px\" class=\"wp-block-cover__image-background wp-image-14422\" alt=\"\" src=\"https:\/\/www.hotelleftbank.com\/wp-content\/uploads\/2023\/10\/Hotel-La-Perle-Saint-Germain-Fitness-room-detail-jpg.webp\" data-object-fit=\"cover\" title=\"\" srcset=\"https:\/\/www.hotelleftbank.com\/wp-content\/uploads\/2023\/10\/Hotel-La-Perle-Saint-Germain-Fitness-room-detail-jpg.webp 466w, https:\/\/www.hotelleftbank.com\/wp-content\/uploads\/2023\/10\/Hotel-La-Perle-Saint-Germain-Fitness-room-detail-254x300.webp 254w\" \/><div class=\"wp-block-cover__inner-container is-layout-flow wp-block-cover-is-layout-flow\">\n<h1 class=\"wp-block-heading espace-petit-bas has-custom-rouge-footer-color has-text-color\" style=\"margin-top:var(--wp--preset--spacing--30);margin-right:var(--wp--preset--spacing--30);margin-bottom:0;margin-left:var(--wp--preset--spacing--30);padding-top:0px;padding-right:0px;padding-bottom:0px;padding-left:0px;font-style:normal;font-weight:600\">Fitnessraum<\/h1>\n\n\n\n<p class=\"has-text-align-justify agl agl-fadeCSSundefined has-custom-contrast-color has-text-color has-medium-font-size\" style=\"margin-right:var(--wp--preset--spacing--30);margin-left:var(--wp--preset--spacing--30)\">W\u00e4hrend Ihres Aufenthalts k\u00f6nnen Sie kostenlos den Fitnessraum unseres anderen Hotels, des Luxembourg Parc, nutzen, das nur 5 Gehminuten vom Left Bank Hotel entfernt liegt.<\/p>\n\n\n\n<p class=\"has-text-align-justify has-custom-contrast-color has-text-color has-medium-font-size\" style=\"margin-right:var(--wp--preset--spacing--30);margin-bottom:var(--wp--preset--spacing--30);margin-left:var(--wp--preset--spacing--30)\">Von 6.00 bis 23.00 Uhr bietet unser Fitnessraum erstklassige Ger\u00e4te f\u00fcr erfahrene Nutzer und Anf\u00e4nger, um die Muskeln zu st\u00e4rken und\/oder das Herz-Kreislauf-System zu trainieren: Power Plate, Laufband, Cardio-Wave-Ger\u00e4t und mehr.<br\/>  <\/p>\n<\/div><\/div>\n<\/div>\n<\/div>\n","protected":false},"excerpt":{"rendered":"","protected":false},"author":1,"featured_media":17365,"parent":0,"menu_order":0,"comment_status":"closed","ping_status":"closed","template":"wp-custom-template-le-template-des-pages-2023","meta":{"footnotes":""},"class_list":["post-6705","page","type-page","status-publish","has-post-thumbnail","hentry"],"_links":{"self":[{"href":"https:\/\/www.hotelleftbank.com\/de\/wp-json\/wp\/v2\/pages\/6705","targetHints":{"allow":["GET"]}}],"collection":[{"href":"https:\/\/www.hotelleftbank.com\/de\/wp-json\/wp\/v2\/pages"}],"about":[{"href":"https:\/\/www.hotelleftbank.com\/de\/wp-json\/wp\/v2\/types\/page"}],"author":[{"embeddable":true,"href":"https:\/\/www.hotelleftbank.com\/de\/wp-json\/wp\/v2\/users\/1"}],"replies":[{"embeddable":true,"href":"https:\/\/www.hotelleftbank.com\/de\/wp-json\/wp\/v2\/comments?post=6705"}],"version-history":[{"count":0,"href":"https:\/\/www.hotelleftbank.com\/de\/wp-json\/wp\/v2\/pages\/6705\/revisions"}],"wp:featuredmedia":[{"embeddable":true,"href":"https:\/\/www.hotelleftbank.com\/de\/wp-json\/wp\/v2\/media\/17365"}],"wp:attachment":[{"href":"https:\/\/www.hotelleftbank.com\/de\/wp-json\/wp\/v2\/media?parent=6705"}],"curies":[{"name":"wp","href":"https:\/\/api.w.org\/{rel}","templated":true}]}}