{"id":6723,"date":"2023-05-29T22:40:22","date_gmt":"2023-05-29T20:40:22","guid":{"rendered":"http:\/\/www.laperle.tess5418.odns.fr\/karte-anfahrt\/"},"modified":"2023-12-01T09:16:51","modified_gmt":"2023-12-01T08:16:51","slug":"karte-anfahrt","status":"publish","type":"page","link":"https:\/\/www.hotelleftbank.com\/de\/karte-anfahrt\/","title":{"rendered":"Karte &amp; Anfahrt"},"content":{"rendered":"\n<h2 class=\"wp-block-heading\">Standort des Hotels<\/h2>\n\n<p class=\"has-text-align-justify has-link-color wp-elements-df35cab47d6b0765ad6a4947dab829f0\">Das Hotel Left Bank befindet sich in idealer Lage im pulsierenden Viertel Saint-Germain-des-Pr\u00e9s und bietet seinen G\u00e4sten eine erstklassige Lage im Herzen von Paris. <a href=\"https:\/\/www.hotelleftbank.com\/de\/paris-besuchen\/\" data-type=\"page\" data-id=\"980\">Entdecken Sie ikonische Sehensw\u00fcrdigkeiten, trendige Boutiquen und kulturelle Hotspots nur wenige Minuten von unserer Haust\u00fcr entfernt.<\/a>.<\/p>\n\n<div style=\"height:10px\" aria-hidden=\"true\" class=\"wp-block-spacer\"><\/div>\n<style type=\"text\/css\" id=\"gmpMapStyles_1_61484\">\r\n\t#google_map_easy_1_61484 {\r\n        width: 100%;\r\n        height: 550px;\r\n\t\t\t\t\t\t    }\r\n\t#gmapControlsNum_1_61484 {\r\n\t\twidth:100%\t}\r\n\t.gmpMapDetailsContainer#gmpMapDetailsContainer_1_61484 {\r\n\t\theight:550px;\r\n\t}\r\n\t.gmp_MapPreview#google_map_easy_1_61484 {\r\n\t\t\/*position:absolute;*\/\r\n\t\twidth: 100%;\r\n\t}\r\n\t#mapConElem_1_61484{\r\n\t\twidth: 100%\t}\r\n    .gm-style .gm-style-iw-c{\r\n        padding: 12px!important;\r\n    }\r\n\t    <\/style>\r\n <div class=\"gmp_map_opts\" id=\"mapConElem_1_61484\" data-id=\"1\" data-view-id=\"1_61484\" > <div class=\"gmpMapDetailsContainer\" id=\"gmpMapDetailsContainer_1_61484\"> <i class=\"gmpKMLLayersPreloader fa fa-spinner fa-spin\" aria-hidden=\"true\" style=\"display: none;\"><\/i> <div class=\"gmp_MapPreview \" id=\"google_map_easy_1_61484\"><\/div> <\/div> <div class=\"gmpMapMarkerFilters\" id=\"gmpMapMarkerFilters_1_61484\"> <\/div> <div class=\"gmpMapProControlsCon\" id=\"gmpMapProControlsCon_1_61484\"> <a title=\"Google Map Plugin\" style=\"display:none;\" href=\"https:\/\/supsystic.com\/plugins\/google-maps-plugin\/?utm_medium=love_link_hide\" target=\"_blank\" rel=\"noopener\">Google Map Plugin<\/a><div style=\"clear: both;\"><\/div> <\/div> <div class=\"gmpMapProDirectionsCon\" id=\"gmpMapProDirectionsCon_1_61484\" > <\/div> <div class=\"gmpMapProKmlFilterCon\" id=\"gmpMapProKmlFilterCon_1_61484\" > <\/div> <div class=\"gmpSocialSharingShell gmpSocialSharingShell_1_61484\"> <\/div> <div style=\"clear: both;\"><\/div> <\/div> \n\n<hr class=\"wp-block-separator has-text-color has-custom-primary-color has-alpha-channel-opacity has-custom-primary-background-color has-background is-style-wide\" style=\"width: 200px; max-width: 100%;margin-top:var(--wp--preset--spacing--40);margin-bottom:0\"\/>\n\n\n\n<hr class=\"wp-block-separator aligncenter has-text-color has-custom-primary-color has-alpha-channel-opacity has-custom-primary-background-color has-background\" style=\"width: 300px; max-width: 100%;margin-top:5px\"\/>\n\n\n\n<hr class=\"wp-block-separator aligncenter has-text-color has-custom-primary-color has-alpha-channel-opacity has-custom-primary-background-color has-background\" style=\"width: 200px; max-width: 100%;margin-top:5px;margin-bottom:var(--wp--preset--spacing--30)\"\/>\n\n<h2 class=\"wp-block-heading\">Wie Sie das Hotel erreichen<\/h2>\n\n<p class=\"has-large-font-size\"><strong>Von den Pariser Flugh\u00e4fen<\/strong><\/p>\n\n<ul class=\"wp-block-list\">\n<li><strong>Flughafen Charles de Gaulle (CDG)<\/strong><\/li>\n<\/ul>\n\n<p class=\"has-text-align-justify\" style=\"margin-top:0;margin-right:0;margin-bottom:0;margin-left:0;padding-top:0;padding-right:0;padding-bottom:0;padding-left:0\"><strong>Mit dem Taxi :<\/strong> Etwa 1 Stunde &#8211; Der Preis f\u00fcr ein normales Taxi, das Sie an einem Taxistand erwischen, ist festgelegt und betr\u00e4gt 62 \u20ac inklusive Gep\u00e4ck. Achten Sie darauf, den Taxifahrer zu t\u00e4uschen und den Preis zu best\u00e4tigen, bevor Sie ins Auto steigen. <\/p>\n\n<p class=\"has-text-align-justify\" style=\"margin-top:0;margin-right:0;margin-bottom:0;margin-left:0\">Wir k\u00f6nnen auch eine Abholung am Flughafen f\u00fcr Sie arrangieren, da wir mit mehreren Unternehmen zusammenarbeiten. Dies ist teurer, da der Fahrer parken und auf Sie warten muss. Er wird Ihnen mit dem Gep\u00e4ck helfen und nach dem Zoll mit einem Schild mit Ihrem Namen auf Sie warten.   Der Preis f\u00fcr 2 Personen betr\u00e4gt etwa 90 \u20ac.<\/p>\n\n<p class=\"has-text-align-justify\" style=\"margin-top:0;margin-right:0;margin-bottom:0;margin-left:0;padding-top:0;padding-right:0;padding-bottom:0;padding-left:0\">Der Transfer vom Hotel zum Flughafen ist weniger teuer, da der Fahrer nicht auf Sie warten und parken muss. Er kostet etwa 70\u20ac. <\/p>\n\n<p class=\"has-text-align-justify\" style=\"margin-top:0;margin-right:0;margin-bottom:0;margin-left:0;padding-top:0;padding-right:0;padding-bottom:0;padding-left:0\"><strong>Mit dem Zug:<\/strong> ca. 1 Stunde &#8211; Sie k\u00f6nnen auch am Flughafen den Zug RER B bis zur Station Saint Michel nehmen und dann die Metrolinie 4 bis zur Haltestelle &#8222;Od\u00e9on&#8220; (100 Meter vom Hotel entfernt).<\/p>\n\n<ul class=\"wp-block-list\">\n<li><strong>Flughafen Orly (ORY)<\/strong><\/li>\n<\/ul>\n\n<p class=\"has-text-align-justify\" style=\"margin-top:0;margin-right:0;margin-bottom:0;margin-left:0\"><strong><strong>Mit dem Taxi :<\/strong><\/strong>Etwa 45 Minuten &#8211; Der Preis f\u00fcr ein normales Taxi, das Sie an einem Taxistand erwischen, ist festgelegt und betr\u00e4gt 35 \u20ac inklusive Gep\u00e4ck. Achten Sie darauf, den Taxifahrer zu t\u00e4uschen und best\u00e4tigen Sie ihm den Preis, bevor Sie einsteigen. <\/p>\n\n<p class=\"has-text-align-justify\" style=\"margin-top:0;margin-right:0;margin-bottom:0;margin-left:0;padding-top:0;padding-right:0;padding-bottom:0;padding-left:0\">Wir k\u00f6nnen auch eine Abholung am Flughafen f\u00fcr Sie arrangieren, da wir mit mehreren Unternehmen zusammenarbeiten. Dies ist teurer, da der Fahrer parken und auf Sie warten muss. Er wird Ihnen mit dem Gep\u00e4ck helfen und nach dem Zoll mit einem Schild mit Ihrem Namen auf Sie warten.   Der Preis f\u00fcr 2 Personen betr\u00e4gt 70 \u20ac.<\/p>\n\n<p class=\"has-text-align-justify\" style=\"margin-top:0;margin-right:0;margin-bottom:0;margin-left:0;padding-top:0;padding-right:0;padding-bottom:0;padding-left:0\">Der Transfer vom Hotel zum Flughafen ist preiswerter, da der Fahrer nicht parken und auf Sie warten muss. Er kostet etwa 45 \u20ac.<\/p>\n\n<p class=\"has-text-align-justify\" style=\"margin-top:0;margin-right:0;margin-bottom:0;margin-left:0;padding-top:0;padding-right:0;padding-bottom:0;padding-left:0\"><strong>Mit dem Zug :<\/strong> Etwa 1 Stunde &#8211; Sie m\u00fcssten 3 Mal umsteigen: Nehmen Sie am Flughafen den Orlyval und halten Sie in Anthony. Steigen Sie dann in den RER B um und fahren Sie bis zur Station &#8222;St. Michel Notre Dame&#8220;. Dort steigen Sie in die Metrolinie 4 um und fahren bis zur Station &#8222;Odeon&#8220; (100 Meter vom Hotel entfernt).<\/p>\n\n<p class=\"has-text-align-justify has-large-font-size\"><strong>Von den Pariser Bahnh\u00f6fen<\/strong><\/p>\n\n<ul class=\"wp-block-list\">\n<li><strong>Gare du Nord <\/strong><\/li>\n<\/ul>\n\n<p class=\"has-text-align-justify\" style=\"margin-top:0;margin-right:0;margin-bottom:0;margin-left:0\"><strong>Mit dem Taxi :<\/strong> Je nach Verkehrslage betr\u00e4gt die Fahrzeit etwa 20 Minuten.<\/p>\n\n<p class=\"has-text-align-justify\" style=\"margin-top:0;margin-right:0;margin-bottom:0;margin-left:0\"><strong>Mit der Metro :<\/strong> Etwa 19 Minuten &#8211; Vom Bahnhof Gare du Nord nehmen Sie die Metrolinie 4 in Richtung &#8222;Bagneux Lucie Aubrac&#8220; und steigen an der Haltestelle &#8222;Odeon&#8220; aus (100 Meter vom Hotel entfernt).<\/p>\n\n<ul class=\"wp-block-list\">\n<li><strong>Bahnhof Montparnasse<\/strong><\/li>\n<\/ul>\n\n<p class=\"has-text-align-justify\" style=\"margin-top:0;margin-right:0;margin-bottom:0;margin-left:0\"><strong>Mit dem Taxi :<\/strong> Je nach Verkehrslage betr\u00e4gt die Fahrzeit etwa 10 Minuten.<\/p>\n\n<p class=\"has-text-align-justify\" style=\"margin-top:0;margin-right:0;margin-bottom:0;margin-left:0\"><strong>Mit der Metro :<\/strong> Etwa 17 Minuten &#8211; Von der Station &#8222;Montparnasse Bienvenue&#8220; nehmen Sie die Metrolinie 4 in Richtung &#8222;Porte de Clignancourt&#8220; und steigen an der Station &#8222;Odeon&#8220; aus (100 Meter vom Hotel entfernt)<\/p>\n\n<ul class=\"wp-block-list\">\n<li><strong>Gare de Lyon<\/strong><\/li>\n<\/ul>\n\n<p class=\"has-text-align-justify\" style=\"margin-top:0;margin-right:0;margin-bottom:0;margin-left:0\"><strong>Mit dem Taxi :<\/strong> Je nach Verkehrslage betr\u00e4gt die Fahrzeit etwa 20 Minuten.<\/p>\n\n<p class=\"has-text-align-justify\" style=\"margin-top:0;margin-right:0;margin-bottom:0;margin-left:0\"><strong>Mit dem Bus :<\/strong> Etwa 23 Minuten &#8211; Vom Bahnhof &#8222;Gare de Lyon&#8220; nehmen Sie den Bus 63 in Richtung &#8222;Porte de la Muette&#8220; und halten an der Haltestelle &#8222;Odeon&#8220; (100 Meter vom Hotel entfernt)<\/p>\n\n<p class=\"has-text-align-justify has-large-font-size\"><strong>Von den Pariser Metrostationen<\/strong><\/p>\n\n<ul class=\"wp-block-list\">\n<li><strong>Bahnhof &#8222;Odeon&#8220;<\/strong><\/li>\n<\/ul>\n\n<p class=\"has-text-align-justify\" style=\"margin-top:0;margin-right:0;margin-bottom:0;margin-left:0\"><strong>Zu Fu\u00df:<\/strong> 100 Meter &#8211; 2 Minuten &#8211; Von der Metrostation &#8222;Odeon&#8220; gehen Sie etwa 80 Meter auf der Rue de l&#8217;ancienne comedie in Richtung Norden. Sie finden das Hotel Left Bank auf der rechten Seite. <\/p>\n\n<ul class=\"wp-block-list\">\n<li><strong>Bahnhof &#8222;Saint Germain des Pr\u00e9s&#8220;<\/strong><\/li>\n<\/ul>\n\n<p class=\"has-text-align-justify\" style=\"margin-top:0;margin-right:0;margin-bottom:0;margin-left:0\"><strong>Zu Fu\u00df:<\/strong> 450 Meter &#8211; 6 Minuten &#8211; Von der Metrostation &#8222;Saint-Germain-des-Pr\u00e9s&#8220; gehen Sie etwa 400 Meter auf dem Boulevard Saint Germain in Richtung Osten. Biegen Sie links in die Rue de l&#8217;ancienne comedie ein. Das Hotel Left Bank finden Sie nach 80 Metern auf der rechten Seite.  <\/p>\n\n<ul class=\"wp-block-list\">\n<li><strong>Bahnhof &#8222;Mabillon&#8220;<\/strong><\/li>\n<\/ul>\n\n<p class=\"has-text-align-justify\" style=\"margin-top:0;margin-right:0;margin-bottom:0;margin-left:0\"><strong>Zu Fu\u00df:<\/strong> 350 Meter &#8211; 5 Minuten &#8211; Von der Metrostation &#8222;Mabillon&#8220; gehen Sie auf dem Boulevard Saint Germain ca. 200 Meter in Richtung Osten. Biegen Sie links in die Rue de l&#8217;ancienne comedie ein. Nach 80 Metern finden Sie das Hotel Left Bank auf der rechten Seite.  <\/p>\n","protected":false},"excerpt":{"rendered":"<p>Standort des Hotels Das Hotel Left Bank befindet sich in idealer Lage im pulsierenden Viertel Saint-Germain-des-Pr\u00e9s und bietet seinen G\u00e4sten eine erstklassige Lage im Herzen von Paris. Entdecken Sie ikonische Sehensw\u00fcrdigkeiten, trendige Boutiquen und kulturelle Hotspots nur wenige Minuten von unserer Haust\u00fcr entfernt.. Wie Sie das Hotel erreichen Von den Pariser Flugh\u00e4fen Mit dem Taxi [&hellip;]<\/p>\n","protected":false},"author":2,"featured_media":6195,"parent":0,"menu_order":0,"comment_status":"closed","ping_status":"closed","template":"wp-custom-template-le-template-des-pages-2023","meta":{"footnotes":""},"class_list":["post-6723","page","type-page","status-publish","has-post-thumbnail","hentry"],"_links":{"self":[{"href":"https:\/\/www.hotelleftbank.com\/de\/wp-json\/wp\/v2\/pages\/6723","targetHints":{"allow":["GET"]}}],"collection":[{"href":"https:\/\/www.hotelleftbank.com\/de\/wp-json\/wp\/v2\/pages"}],"about":[{"href":"https:\/\/www.hotelleftbank.com\/de\/wp-json\/wp\/v2\/types\/page"}],"author":[{"embeddable":true,"href":"https:\/\/www.hotelleftbank.com\/de\/wp-json\/wp\/v2\/users\/2"}],"replies":[{"embeddable":true,"href":"https:\/\/www.hotelleftbank.com\/de\/wp-json\/wp\/v2\/comments?post=6723"}],"version-history":[{"count":0,"href":"https:\/\/www.hotelleftbank.com\/de\/wp-json\/wp\/v2\/pages\/6723\/revisions"}],"wp:featuredmedia":[{"embeddable":true,"href":"https:\/\/www.hotelleftbank.com\/de\/wp-json\/wp\/v2\/media\/6195"}],"wp:attachment":[{"href":"https:\/\/www.hotelleftbank.com\/de\/wp-json\/wp\/v2\/media?parent=6723"}],"curies":[{"name":"wp","href":"https:\/\/api.w.org\/{rel}","templated":true}]}}