{"id":189,"date":"2016-05-27T09:06:49","date_gmt":"2016-05-27T07:06:49","guid":{"rendered":"http:\/\/www.laperle.tess5418.odns.fr\/2016\/05\/27\/nos-hotels-2\/"},"modified":"2025-04-03T19:50:59","modified_gmt":"2025-04-03T17:50:59","slug":"our-boutique-hotels-in-paris","status":"publish","type":"page","link":"https:\/\/www.hotelleftbank.com\/en\/our-boutique-hotels-in-paris\/","title":{"rendered":"Our Boutique Hotels in Paris"},"content":{"rendered":"\n<p class=\"has-text-align-justify has-text-color\" style=\"color:#5b3737\">Discover the hotels <strong>Paris Hotels Charm<\/strong>, offering a blend of elegance and charm in the most iconic neighborhoods of the city. Hotel Left Bank Saint Germain invites you to experience the vibrant ambiance of Saint Germain des Pr\u00e9s, while Hotel Au Manoir Saint Germain des Pr\u00e9s will captivate with proximity with the famous Caf\u00e9 de Flore and Caf\u00e9 Deux Magots.. Immerse yourself in the hidden gem, Hotel La Perle, or revel in the tranquility of Hotel Luxembourg Parc in front of the Luxembourg Garden. Hotel de Notre Dame is the perfect departure point for visiting Notre Dame Cathedral, offering proximity, comfort, and Parisian charm. For a touch of luxury, Hotel Chambiges near the Champs-\u00c9lys\u00e9es awaits, while Hotel Horset Op\u00e9ra in the Op\u00e9ra district will seduce you with its proximity with the Louvre Museum. Indulge in Parisian hospitality at its finest with Paris Hotels Charm.<\/p>\n\n\n\n<h3 class=\"wp-block-heading has-text-align-center has-large-font-size\" style=\"margin-bottom:0;padding-bottom:0\"><strong><em>On the Left Bank<\/em><\/strong><\/h3>\n\n\n\n<div class=\"wp-block-columns alignfull agl agl-fadeCSSUp is-layout-flex wp-container-core-columns-is-layout-aad85ca7 wp-block-columns-is-layout-flex\" style=\"border-style:none;border-width:0px;margin-top:15px;margin-bottom:var(--wp--preset--spacing--30);padding-top:0;padding-right:0;padding-bottom:0;padding-left:0\">\n<div class=\"wp-block-column is-style-default is-layout-flow wp-block-column-is-layout-flow\">\n<div class=\"wp-block-cover is-light is-style-tw-border-inner image-zoom tw-stretched-link tw-hover-opacity has-aspect-ratio\" style=\"margin-top:0;margin-bottom:0;aspect-ratio:1;min-height:unset;\"><span aria-hidden=\"true\" class=\"wp-block-cover__background has-custom-contrast-background-color has-background-dim-30 has-background-dim\"><\/span><img loading=\"lazy\" decoding=\"async\" width=\"385\" height=\"385\" sizes=\"auto, (max-width: 799px) 125vw, (max-width: 385px) 100vw, 385px\" class=\"wp-block-cover__image-background wp-image-14529\" alt=\"\" src=\"https:\/\/www.hoteldenotredame.com\/wp-content\/uploads\/2023\/10\/Hotel-Manoir-saint-germain-des-Pres-6-hotels-in-Paris-jpg.webp\" data-object-fit=\"cover\" title=\"\" srcset=\"https:\/\/www.hotelleftbank.com\/wp-content\/uploads\/2023\/10\/Hotel-Manoir-saint-germain-des-Pres-6-hotels-in-Paris-jpg.webp 385w, https:\/\/www.hotelleftbank.com\/wp-content\/uploads\/2023\/10\/Hotel-Manoir-saint-germain-des-Pres-6-hotels-in-Paris-300x300.webp 300w, https:\/\/www.hotelleftbank.com\/wp-content\/uploads\/2023\/10\/Hotel-Manoir-saint-germain-des-Pres-6-hotels-in-Paris-150x150.webp 150w\" \/><div class=\"wp-block-cover__inner-container is-layout-flow wp-block-cover-is-layout-flow\">\n<p class=\"has-text-align-center has-link-color has-large-font-size wp-elements-67b48eadd6cf59f2269945371876c31f\"><a href=\"https:\/\/www.hotelaumanoir.com\/\" data-type=\"URL\" data-id=\"https:\/\/www.hotelaumanoir.com\/\" target=\"_blank\" rel=\"noreferrer noopener\">Au Manoir<\/a><\/p>\n\n\n\n<p class=\"has-text-align-center has-custom-background-color has-text-color has-small-font-size\">Saint Germain des Pr\u00e9s<\/p>\n\n\n\n<p class=\"has-text-align-center has-custom-background-color has-text-color has-small-font-size\"><strong>*    *    *    *<\/strong><\/p>\n<\/div><\/div>\n<\/div>\n\n\n\n<div class=\"wp-block-column is-layout-flow wp-block-column-is-layout-flow\">\n<div class=\"wp-block-cover is-style-tw-border-inner image-zoom tw-stretched-link tw-hover-opacity tw-ratio-1-1\"><span aria-hidden=\"true\" class=\"wp-block-cover__background has-custom-contrast-background-color has-background-dim-30 has-background-dim\"><\/span><img loading=\"lazy\" decoding=\"async\" width=\"385\" height=\"385\" sizes=\"auto, (max-width: 799px) 200vw, (max-width: 385px) 100vw, 385px\" class=\"wp-block-cover__image-background wp-image-14521\" alt=\"\" src=\"https:\/\/www.hoteldenotredame.com\/wp-content\/uploads\/2023\/10\/Hotel-Luxembourg-Parc-6-hotels-in-Paris-jpg.webp\" data-object-fit=\"cover\" title=\"\" srcset=\"https:\/\/www.hotelleftbank.com\/wp-content\/uploads\/2023\/10\/Hotel-Luxembourg-Parc-6-hotels-in-Paris-jpg.webp 385w, https:\/\/www.hotelleftbank.com\/wp-content\/uploads\/2023\/10\/Hotel-Luxembourg-Parc-6-hotels-in-Paris-300x300.webp 300w, https:\/\/www.hotelleftbank.com\/wp-content\/uploads\/2023\/10\/Hotel-Luxembourg-Parc-6-hotels-in-Paris-150x150.webp 150w\" \/><div class=\"wp-block-cover__inner-container is-layout-flow wp-block-cover-is-layout-flow\">\n<p class=\"has-text-align-center has-link-color has-large-font-size wp-elements-688a1be73e41cb52368931ecc4434b69\"><a href=\"https:\/\/www.luxembourg-paris-hotel.com\/\" data-type=\"URL\" data-id=\"https:\/\/www.luxembourg-paris-hotel.com\/\" target=\"_blank\" rel=\"noreferrer noopener\">Luxembourg Parc<\/a><\/p>\n\n\n\n<p class=\"has-text-align-center has-custom-background-color has-text-color has-small-font-size\">Saint Germain des Pr\u00e9s<\/p>\n\n\n\n<p class=\"has-text-align-center has-custom-background-color has-text-color has-small-font-size\"><strong>*    *    *    *<\/strong><\/p>\n<\/div><\/div>\n<\/div>\n\n\n\n<div class=\"wp-block-column is-layout-flow wp-block-column-is-layout-flow\">\n<div class=\"wp-block-cover is-light is-style-tw-border-inner image-zoom tw-stretched-link tw-hover-opacity tw-ratio-1-1\"><span aria-hidden=\"true\" class=\"wp-block-cover__background has-custom-contrast-background-color has-background-dim-30 has-background-dim\"><\/span><img loading=\"lazy\" decoding=\"async\" width=\"385\" height=\"385\" sizes=\"auto, (max-width: 799px) 200vw, (max-width: 385px) 100vw, 385px\" class=\"wp-block-cover__image-background wp-image-14513\" alt=\"\" src=\"https:\/\/www.hoteldenotredame.com\/wp-content\/uploads\/2023\/10\/Hotel-Left-Bank-6-hotels-in-Paris-jpg.webp\" data-object-fit=\"cover\" title=\"\" srcset=\"https:\/\/www.hotelleftbank.com\/wp-content\/uploads\/2023\/10\/Hotel-Left-Bank-6-hotels-in-Paris-jpg.webp 385w, https:\/\/www.hotelleftbank.com\/wp-content\/uploads\/2023\/10\/Hotel-Left-Bank-6-hotels-in-Paris-300x300.webp 300w, https:\/\/www.hotelleftbank.com\/wp-content\/uploads\/2023\/10\/Hotel-Left-Bank-6-hotels-in-Paris-150x150.webp 150w\" \/><div class=\"wp-block-cover__inner-container is-layout-flow wp-block-cover-is-layout-flow\">\n<p class=\"has-text-align-center has-link-color has-large-font-size wp-elements-b70902e7afa9d82b96c0f1258d719d37\"><a href=\"https:\/\/www.hotelleftbank.com\/\" data-type=\"URL\" data-id=\"https:\/\/www.hotelleftbank.com\/\" target=\"_blank\" rel=\"noreferrer noopener\">Left Bank<\/a><\/p>\n\n\n\n<p class=\"has-text-align-center has-custom-background-color has-text-color has-small-font-size\">Saint Germain des Pr\u00e9s<\/p>\n\n\n\n<p class=\"has-text-align-center has-custom-background-color has-text-color has-small-font-size\"><strong>*    *    *<\/strong><\/p>\n<\/div><\/div>\n<\/div>\n<\/div>\n\n\n\n<div class=\"wp-block-columns agl agl-fadeCSSUp is-layout-flex wp-container-core-columns-is-layout-ef5152ac wp-block-columns-is-layout-flex\" style=\"margin-bottom:var(--wp--preset--spacing--30);padding-top:0;padding-right:0;padding-bottom:0;padding-left:0\">\n<div class=\"wp-block-column is-layout-flow wp-block-column-is-layout-flow\">\n<div class=\"wp-block-cover is-light is-style-tw-border-inner image-zoom tw-stretched-link tw-hover-opacity has-aspect-ratio\" style=\"padding-top:var(--wp--preset--spacing--30);padding-right:var(--wp--preset--spacing--30);padding-bottom:var(--wp--preset--spacing--30);padding-left:var(--wp--preset--spacing--30);aspect-ratio:1;min-height:unset;\"><span aria-hidden=\"true\" class=\"wp-block-cover__background has-custom-contrast-background-color has-background-dim-30 has-background-dim\"><\/span><img loading=\"lazy\" decoding=\"async\" width=\"385\" height=\"385\" sizes=\"auto, (max-width: 799px) 125vw, (max-width: 385px) 100vw, 385px\" class=\"wp-block-cover__image-background wp-image-14505\" alt=\"\" src=\"https:\/\/www.hoteldenotredame.com\/wp-content\/uploads\/2023\/10\/Hotel-La-Perle-6-hotels-in-Paris-jpg.webp\" data-object-fit=\"cover\" title=\"\" srcset=\"https:\/\/www.hotelleftbank.com\/wp-content\/uploads\/2023\/10\/Hotel-La-Perle-6-hotels-in-Paris-jpg.webp 385w, https:\/\/www.hotelleftbank.com\/wp-content\/uploads\/2023\/10\/Hotel-La-Perle-6-hotels-in-Paris-300x300.webp 300w, https:\/\/www.hotelleftbank.com\/wp-content\/uploads\/2023\/10\/Hotel-La-Perle-6-hotels-in-Paris-150x150.webp 150w\" \/><div class=\"wp-block-cover__inner-container is-layout-flow wp-block-cover-is-layout-flow\">\n<p class=\"has-text-align-center has-link-color has-large-font-size wp-elements-9fa6a43143e8b7fcf013de6d7e10e7bc\"><a href=\"https:\/\/www.hotel-paris-laperle.com\/\" target=\"_blank\" data-type=\"link\" data-id=\"https:\/\/www.hotel-paris-laperle.com\/\" rel=\"noreferrer noopener\">La Perle<\/a><\/p>\n\n\n\n<p class=\"has-text-align-center has-custom-background-color has-text-color has-small-font-size\">Saint Germain des Pr\u00e9s<\/p>\n\n\n\n<p class=\"has-text-align-center has-custom-background-color has-text-color has-small-font-size\"><strong>*    *    *<\/strong><\/p>\n<\/div><\/div>\n<\/div>\n\n\n\n<div class=\"wp-block-column is-layout-flow wp-block-column-is-layout-flow\">\n<div style=\"aspect-ratio:1;min-height:unset;\" class=\"wp-block-cover is-style-tw-border-inner image-zoom tw-stretched-link tw-hover-opacity has-aspect-ratio\"><span aria-hidden=\"true\" class=\"wp-block-cover__background has-custom-contrast-background-color has-background-dim-30 has-background-dim\"><\/span><img decoding=\"async\" class=\"wp-block-cover__image-background wp-image-20164\" alt=\"\" src=\"https:\/\/www.hoteldenotredame.com\/wp-content\/uploads\/2024\/09\/hotel-odeon.jpg\" data-object-fit=\"cover\" title=\"\"><div class=\"wp-block-cover__inner-container is-layout-flow wp-block-cover-is-layout-flow\">\n<p class=\"has-text-align-center has-link-color has-large-font-size wp-elements-d91513c8326412867f38a22303f0dbfe\"><a href=\"https:\/\/odeonhotel.fr\/en\/\" target=\"_blank\" data-type=\"URL\" data-id=\"https:\/\/www.hotelchambiges.com\/\" rel=\"noreferrer noopener\">Od\u00e9on Hotel<\/a><\/p>\n\n\n\n<p class=\"has-text-align-center has-custom-background-color has-text-color has-small-font-size\">Saint Germain des Pr\u00e9s<\/p>\n\n\n\n<p class=\"has-text-align-center has-custom-background-color has-text-color has-small-font-size\"><strong>*    *    *<\/strong><\/p>\n<\/div><\/div>\n<\/div>\n\n\n\n<div class=\"wp-block-column is-layout-flow wp-block-column-is-layout-flow\">\n<div style=\"aspect-ratio:1;min-height:unset;\" class=\"wp-block-cover is-style-tw-border-inner image-zoom tw-stretched-link tw-hover-opacity has-aspect-ratio\"><span aria-hidden=\"true\" class=\"wp-block-cover__background has-custom-contrast-background-color has-background-dim-30 has-background-dim\"><\/span><img decoding=\"async\" class=\"wp-block-cover__image-background wp-image-19161\" alt=\"\" src=\"https:\/\/www.hoteldenotredame.com\/wp-content\/uploads\/2024\/09\/009_david_grimbert-scaled.jpg\" data-object-fit=\"cover\" title=\"\"><div class=\"wp-block-cover__inner-container is-layout-flow wp-block-cover-is-layout-flow\">\n<p class=\"has-text-align-center has-link-color has-large-font-size wp-elements-a1c7d324e172fd23f8c16e865a5e7b09\"><a href=\"https:\/\/www.hoteldenotredame.com\/\" target=\"_blank\" data-type=\"URL\" data-id=\"https:\/\/www.hotelchambiges.com\/\" rel=\"noreferrer noopener\">Hotel de Notre Dame<\/a><\/p>\n\n\n\n<p class=\"has-text-align-center has-custom-background-color has-text-color has-small-font-size\">Notre Dame<\/p>\n\n\n\n<p class=\"has-text-align-center has-custom-background-color has-text-color has-small-font-size\"><strong>*    *    *<\/strong><\/p>\n<\/div><\/div>\n<\/div>\n<\/div>\n\n\n\n<h2 class=\"wp-block-heading has-text-align-center has-large-font-size\"><strong><em>On the Right Bank<\/em><\/strong><\/h2>\n\n\n\n<div class=\"wp-block-columns agl agl-fadeCSSUp is-layout-flex wp-container-core-columns-is-layout-4835b6c4 wp-block-columns-is-layout-flex\" style=\"margin-top:15px;margin-bottom:var(--wp--preset--spacing--30);padding-top:0;padding-right:0;padding-bottom:0;padding-left:0\">\n<div class=\"wp-block-column is-layout-flow wp-block-column-is-layout-flow\">\n<div style=\"aspect-ratio:16\/9;min-height:unset;\" class=\"wp-block-cover is-style-tw-border-inner image-zoom tw-stretched-link tw-hover-opacity has-aspect-ratio\"><span aria-hidden=\"true\" class=\"wp-block-cover__background has-custom-contrast-background-color has-background-dim-30 has-background-dim\"><\/span><img loading=\"lazy\" decoding=\"async\" width=\"385\" height=\"385\" sizes=\"auto, (max-width: 799px) 125vw, (max-width: 385px) 100vw, 385px\" class=\"wp-block-cover__image-background wp-image-14489\" alt=\"\" src=\"https:\/\/www.hoteldenotredame.com\/wp-content\/uploads\/2023\/10\/Hotel-Chambiges-6-hotels-in-Paris-jpg.webp\" data-object-fit=\"cover\" title=\"\" srcset=\"https:\/\/www.hotelleftbank.com\/wp-content\/uploads\/2023\/10\/Hotel-Chambiges-6-hotels-in-Paris-jpg.webp 385w, https:\/\/www.hotelleftbank.com\/wp-content\/uploads\/2023\/10\/Hotel-Chambiges-6-hotels-in-Paris-300x300.webp 300w, https:\/\/www.hotelleftbank.com\/wp-content\/uploads\/2023\/10\/Hotel-Chambiges-6-hotels-in-Paris-150x150.webp 150w\" \/><div class=\"wp-block-cover__inner-container is-layout-flow wp-block-cover-is-layout-flow\">\n<p class=\"has-text-align-center has-link-color has-large-font-size wp-elements-2a0213aeeec4bae5f929ee38a8ad46f3\"><a href=\"https:\/\/www.hotelchambiges.com\/\" data-type=\"URL\" data-id=\"https:\/\/www.hotelchambiges.com\/\" target=\"_blank\" rel=\"noreferrer noopener\">Chambiges Elys\u00e9es<\/a><\/p>\n\n\n\n<p class=\"has-text-align-center has-custom-background-color has-text-color has-small-font-size\">Champs Elys\u00e9es<\/p>\n\n\n\n<p class=\"has-text-align-center has-custom-background-color has-text-color has-small-font-size\"><strong>*    *    *    *<\/strong><\/p>\n<\/div><\/div>\n<\/div>\n\n\n\n<div class=\"wp-block-column is-layout-flow wp-block-column-is-layout-flow\">\n<div style=\"aspect-ratio:16\/9;min-height:unset;\" class=\"wp-block-cover is-style-tw-border-inner image-zoom tw-stretched-link tw-hover-opacity has-aspect-ratio\"><span aria-hidden=\"true\" class=\"wp-block-cover__background has-custom-contrast-background-color has-background-dim-30 has-background-dim\"><\/span><img loading=\"lazy\" decoding=\"async\" width=\"385\" height=\"385\" sizes=\"auto, (max-width: 799px) 125vw, (max-width: 385px) 100vw, 385px\" class=\"wp-block-cover__image-background wp-image-14497\" alt=\"\" src=\"https:\/\/www.hoteldenotredame.com\/wp-content\/uploads\/2023\/10\/Hotel-Horset-Opera-6-hotels-in-Paris-jpg.webp\" data-object-fit=\"cover\" title=\"\" srcset=\"https:\/\/www.hotelleftbank.com\/wp-content\/uploads\/2023\/10\/Hotel-Horset-Opera-6-hotels-in-Paris-jpg.webp 385w, https:\/\/www.hotelleftbank.com\/wp-content\/uploads\/2023\/10\/Hotel-Horset-Opera-6-hotels-in-Paris-300x300.webp 300w, https:\/\/www.hotelleftbank.com\/wp-content\/uploads\/2023\/10\/Hotel-Horset-Opera-6-hotels-in-Paris-150x150.webp 150w\" \/><div class=\"wp-block-cover__inner-container is-layout-flow wp-block-cover-is-layout-flow\">\n<p class=\"has-text-align-center has-link-color has-large-font-size wp-elements-8e676408f776661fdac614256f942b0d\"><a href=\"https:\/\/www.hotelhorsetopera.com\/\" data-type=\"URL\" data-id=\"https:\/\/www.hotelhorsetopera.com\/\" target=\"_blank\" rel=\"noreferrer noopener\">Horset Op\u00e9ra<\/a><\/p>\n\n\n\n<p class=\"has-text-align-center has-custom-background-color has-text-color has-small-font-size\">Op\u00e9ra<\/p>\n\n\n\n<p class=\"has-text-align-center has-custom-background-color has-text-color has-small-font-size\"><strong>*    *    *    *<\/strong><\/p>\n<\/div><\/div>\n<\/div>\n<\/div>\n\n\n\n<hr class=\"wp-block-separator has-text-color has-custom-primary-color has-alpha-channel-opacity has-custom-primary-background-color has-background is-style-wide\" style=\"width: 200px; max-width: 100%;margin-top:var(--wp--preset--spacing--50);margin-bottom:0\"\/>\n\n\n\n<hr class=\"wp-block-separator has-text-color has-custom-primary-color has-alpha-channel-opacity has-custom-primary-background-color has-background\" style=\"width: 300px; max-width: 100%;margin-top:5px;margin-bottom:0\"\/>\n\n\n\n<hr class=\"wp-block-separator has-text-color has-custom-primary-color has-alpha-channel-opacity has-custom-primary-background-color has-background is-style-wide\" style=\"width: 200px; max-width: 100%;margin-top:5px;margin-bottom:var(--wp--preset--spacing--40)\"\/>\n\n\n\n<h2 class=\"wp-block-heading has-custom-rouge-footer-color has-text-color\" style=\"margin-top:0;padding-top:0;padding-right:0;padding-bottom:0;padding-left:0\">Locate us on the map<\/h2>\n\n\n\n<div style=\"border: 1px solid #B9A160;\">\n<script type='text\/javascript'>\n\/\/ Passive event listeners\n    jQuery.event.special.touchstart = {\n        setup: function( _, ns, handle ) {\n            this.addEventListener(\"touchstart\", handle, { passive: !ns.includes(\"noPreventDefault\") });\n        }\n    };\n    jQuery.event.special.touchmove = {\n        setup: function( _, ns, handle ) {\n            this.addEventListener(\"touchmove\", handle, { passive: !ns.includes(\"noPreventDefault\") });\n        }\n    };\n<\/script>\n\n\n<style type=\"text\/css\" id=\"gmpMapStyles_2_97533\">\r\n\t#google_map_easy_2_97533 {\r\n        width: 100%;\r\n        height: 400px;\r\n\t\t\t\t\t\t    }\r\n\t#gmapControlsNum_2_97533 {\r\n\t\twidth:100%\t}\r\n\t.gmpMapDetailsContainer#gmpMapDetailsContainer_2_97533 {\r\n\t\theight:400px;\r\n\t}\r\n\t.gmp_MapPreview#google_map_easy_2_97533 {\r\n\t\t\/*position:absolute;*\/\r\n\t\twidth: 100%;\r\n\t}\r\n\t#mapConElem_2_97533{\r\n\t\twidth: 100%\t}\r\n    .gm-style .gm-style-iw-c{\r\n        padding: 12px!important;\r\n    }\r\n\t    <\/style>\r\n <div class=\"gmp_map_opts\" id=\"mapConElem_2_97533\" data-id=\"2\" data-view-id=\"2_97533\" > <div class=\"gmpMapDetailsContainer\" id=\"gmpMapDetailsContainer_2_97533\"> <i class=\"gmpKMLLayersPreloader fa fa-spinner fa-spin\" aria-hidden=\"true\" style=\"display: none;\"><\/i> <div class=\"gmp_MapPreview \" id=\"google_map_easy_2_97533\"><\/div> <\/div> <div class=\"gmpMapMarkerFilters\" id=\"gmpMapMarkerFilters_2_97533\"> <\/div> <div class=\"gmpMapProControlsCon\" id=\"gmpMapProControlsCon_2_97533\"> <a title=\"Google Map Plugin\" style=\"display:none;\" href=\"https:\/\/supsystic.com\/plugins\/google-maps-plugin\/?utm_medium=love_link_hide\" target=\"_blank\" rel=\"noopener\">Google Map Plugin<\/a><div style=\"clear: both;\"><\/div> <\/div> <div class=\"gmpMapProDirectionsCon\" id=\"gmpMapProDirectionsCon_2_97533\" > <\/div> <div class=\"gmpMapProKmlFilterCon\" id=\"gmpMapProKmlFilterCon_2_97533\" > <\/div> <div class=\"gmpSocialSharingShell gmpSocialSharingShell_2_97533\"> <\/div> <div style=\"clear: both;\"><\/div> <\/div> \n\n\n\n<\/div>\n\n\n\n<div style=\"height:20px\" aria-hidden=\"true\" class=\"wp-block-spacer\"><\/div>\n","protected":false},"excerpt":{"rendered":"<p>Discover the hotels Paris Hotels Charm, offering a blend of elegance and charm in the most iconic neighborhoods of the city. Hotel Left Bank Saint Germain invites you to experience the vibrant ambiance of Saint Germain des Pr\u00e9s, while Hotel Au Manoir Saint Germain des Pr\u00e9s will captivate with proximity with the famous Caf\u00e9 de [&hellip;]<\/p>\n","protected":false},"author":1,"featured_media":83,"parent":0,"menu_order":2,"comment_status":"closed","ping_status":"closed","template":"wp-custom-template-le-template-des-pages-2023","meta":{"footnotes":""},"class_list":["post-189","page","type-page","status-publish","has-post-thumbnail","hentry"],"_links":{"self":[{"href":"https:\/\/www.hotelleftbank.com\/en\/wp-json\/wp\/v2\/pages\/189","targetHints":{"allow":["GET"]}}],"collection":[{"href":"https:\/\/www.hotelleftbank.com\/en\/wp-json\/wp\/v2\/pages"}],"about":[{"href":"https:\/\/www.hotelleftbank.com\/en\/wp-json\/wp\/v2\/types\/page"}],"author":[{"embeddable":true,"href":"https:\/\/www.hotelleftbank.com\/en\/wp-json\/wp\/v2\/users\/1"}],"replies":[{"embeddable":true,"href":"https:\/\/www.hotelleftbank.com\/en\/wp-json\/wp\/v2\/comments?post=189"}],"version-history":[{"count":5,"href":"https:\/\/www.hotelleftbank.com\/en\/wp-json\/wp\/v2\/pages\/189\/revisions"}],"predecessor-version":[{"id":19669,"href":"https:\/\/www.hotelleftbank.com\/en\/wp-json\/wp\/v2\/pages\/189\/revisions\/19669"}],"wp:featuredmedia":[{"embeddable":true,"href":"https:\/\/www.hotelleftbank.com\/en\/wp-json\/wp\/v2\/media\/83"}],"wp:attachment":[{"href":"https:\/\/www.hotelleftbank.com\/en\/wp-json\/wp\/v2\/media?parent=189"}],"curies":[{"name":"wp","href":"https:\/\/api.w.org\/{rel}","templated":true}]}}