{"id":6613,"date":"2023-05-16T12:43:37","date_gmt":"2023-05-16T10:43:37","guid":{"rendered":"http:\/\/www.laperle.tess5418.odns.fr\/vida-nocturna\/"},"modified":"2023-11-09T12:12:00","modified_gmt":"2023-11-09T11:12:00","slug":"vida-nocturna","status":"publish","type":"page","link":"https:\/\/www.hotelleftbank.com\/es\/visite-paris\/vida-nocturna\/","title":{"rendered":"Vida nocturna"},"content":{"rendered":"\n<p class=\"has-text-align-justify\">Descubra la encantadora vida nocturna de Saint Germain des Pr\u00e9s en Par\u00eds. Este barrio hist\u00f3rico cobra vida al anochecer con sus caf\u00e9s, acogedoras vinotecas y animados clubes de jazz. Sum\u00e9rjase en el ambiente bohemio, saboreando deliciosos c\u00f3cteles, m\u00fasica en directo y veladas inolvidables en uno de los barrios m\u00e1s emblem\u00e1ticos de la ciudad. <\/p>\n\n<div class=\"wp-block-query is-layout-flow wp-block-query-is-layout-flow\"><ul class=\"columns-3 wp-block-post-template is-layout-grid wp-container-core-post-template-is-layout-6d3fbd8f wp-block-post-template-is-layout-grid\"><li class=\"wp-block-post post-8636 post type-post status-publish format-standard has-post-thumbnail hentry category-vida-nocturna-es\">\n<figure class=\"bordure-doree image-zoom wp-block-post-featured-image\"><a href=\"https:\/\/www.hotelleftbank.com\/es\/vida-nocturna-es\/fubar\/\" target=\"_self\"  ><img loading=\"lazy\" decoding=\"async\" width=\"344\" height=\"173\" src=\"https:\/\/www.hotelleftbank.com\/wp-content\/uploads\/2023\/12\/Bar-le-Tiger-presentation.webp\" class=\"attachment-post-thumbnail size-post-thumbnail wp-post-image\" alt=\"El Tigre\" style=\"object-fit:cover;\" srcset=\"https:\/\/www.hotelleftbank.com\/wp-content\/uploads\/2023\/12\/Bar-le-Tiger-presentation.webp 344w, https:\/\/www.hotelleftbank.com\/wp-content\/uploads\/2023\/12\/Bar-le-Tiger-presentation-300x151.webp 300w\" sizes=\"auto, (max-width: 344px) 100vw, 344px\" title=\"\"><\/a><\/figure>\n\n<h2 class=\"has-text-align-center has-link-color wp-elements-ec4dad56195e23fcce3ffc0f4f79024b wp-block-post-title has-medium-font-size\"><a href=\"https:\/\/www.hotelleftbank.com\/es\/vida-nocturna-es\/fubar\/\" target=\"_self\" >El Tigre<\/a><\/h2>\n<\/li><li class=\"wp-block-post post-8990 post type-post status-publish format-standard has-post-thumbnail hentry category-vida-nocturna-es\">\n<figure class=\"bordure-doree image-zoom wp-block-post-featured-image\"><a href=\"https:\/\/www.hotelleftbank.com\/es\/vida-nocturna-es\/la-prescription\/\" target=\"_self\"  ><img loading=\"lazy\" decoding=\"async\" width=\"344\" height=\"173\" src=\"https:\/\/www.hotelleftbank.com\/wp-content\/uploads\/2023\/10\/Hotel-in-Paris-Night-Life-La-Prescription-jpg.webp\" class=\"attachment-post-thumbnail size-post-thumbnail wp-post-image\" alt=\"La Prescription\" style=\"object-fit:cover;\" title=\"\"><\/a><\/figure>\n\n<h2 class=\"has-text-align-center has-link-color wp-elements-ec4dad56195e23fcce3ffc0f4f79024b wp-block-post-title has-medium-font-size\"><a href=\"https:\/\/www.hotelleftbank.com\/es\/vida-nocturna-es\/la-prescription\/\" target=\"_self\" >La Prescription<\/a><\/h2>\n<\/li><li class=\"wp-block-post post-9006 post type-post status-publish format-standard has-post-thumbnail hentry category-vida-nocturna-es\">\n<figure class=\"bordure-doree image-zoom wp-block-post-featured-image\"><a href=\"https:\/\/www.hotelleftbank.com\/es\/vida-nocturna-es\/rue-guisarde-y-rue-des-canettes\/\" target=\"_self\"  ><img loading=\"lazy\" decoding=\"async\" width=\"344\" height=\"173\" src=\"https:\/\/www.hotelleftbank.com\/wp-content\/uploads\/2023\/10\/Hotel-in-Paris-Night-Life-Rue-des-Canettes-and-Rue-Guisarde-jpg.webp\" class=\"attachment-post-thumbnail size-post-thumbnail wp-post-image\" alt=\"Rue Guisarde y Rue des Canettes\" style=\"object-fit:cover;\" title=\"\"><\/a><\/figure>\n\n<h2 class=\"has-text-align-center has-link-color wp-elements-ec4dad56195e23fcce3ffc0f4f79024b wp-block-post-title has-medium-font-size\"><a href=\"https:\/\/www.hotelleftbank.com\/es\/vida-nocturna-es\/rue-guisarde-y-rue-des-canettes\/\" target=\"_self\" >Rue Guisarde y Rue des Canettes<\/a><\/h2>\n<\/li><li class=\"wp-block-post post-9023 post type-post status-publish format-standard has-post-thumbnail hentry category-vida-nocturna-es\">\n<figure class=\"bordure-doree image-zoom wp-block-post-featured-image\"><a href=\"https:\/\/www.hotelleftbank.com\/es\/vida-nocturna-es\/chez-georges\/\" target=\"_self\"  ><img loading=\"lazy\" decoding=\"async\" width=\"344\" height=\"173\" src=\"https:\/\/www.hotelleftbank.com\/wp-content\/uploads\/2023\/10\/Hotel-in-Paris-Night-Life-Chez-Georges-jpg.webp\" class=\"attachment-post-thumbnail size-post-thumbnail wp-post-image\" alt=\"Chez Georges\" style=\"object-fit:cover;\" title=\"\"><\/a><\/figure>\n\n<h2 class=\"has-text-align-center has-link-color wp-elements-ec4dad56195e23fcce3ffc0f4f79024b wp-block-post-title has-medium-font-size\"><a href=\"https:\/\/www.hotelleftbank.com\/es\/vida-nocturna-es\/chez-georges\/\" target=\"_self\" >Chez Georges<\/a><\/h2>\n<\/li><li class=\"wp-block-post post-9037 post type-post status-publish format-standard has-post-thumbnail hentry category-vida-nocturna-es\">\n<figure class=\"bordure-doree image-zoom wp-block-post-featured-image\"><a href=\"https:\/\/www.hotelleftbank.com\/es\/vida-nocturna-es\/ducs-des-lombards\/\" target=\"_self\"  ><img loading=\"lazy\" decoding=\"async\" width=\"344\" height=\"173\" src=\"https:\/\/www.hotelleftbank.com\/wp-content\/uploads\/2023\/10\/Hotel-in-Paris-Night-Life-Ducs-des-Lombards-jpg.webp\" class=\"attachment-post-thumbnail size-post-thumbnail wp-post-image\" alt=\"Ducs des Lombards\" style=\"object-fit:cover;\" title=\"\"><\/a><\/figure>\n\n<h2 class=\"has-text-align-center has-link-color wp-elements-ec4dad56195e23fcce3ffc0f4f79024b wp-block-post-title has-medium-font-size\"><a href=\"https:\/\/www.hotelleftbank.com\/es\/vida-nocturna-es\/ducs-des-lombards\/\" target=\"_self\" >Ducs des Lombards<\/a><\/h2>\n<\/li><li class=\"wp-block-post post-9053 post type-post status-publish format-standard has-post-thumbnail hentry category-vida-nocturna-es\">\n<figure class=\"bordure-doree image-zoom wp-block-post-featured-image\"><a href=\"https:\/\/www.hotelleftbank.com\/es\/vida-nocturna-es\/le-caveau-de-la-huchette\/\" target=\"_self\"  ><img loading=\"lazy\" decoding=\"async\" width=\"344\" height=\"173\" src=\"https:\/\/www.hotelleftbank.com\/wp-content\/uploads\/2023\/10\/Hotel-in-Paris-Night-Life-Caveau-de-la-Huchette-jpg.webp\" class=\"attachment-post-thumbnail size-post-thumbnail wp-post-image\" alt=\"Le Caveau de la Huchette\" style=\"object-fit:cover;\" title=\"\"><\/a><\/figure>\n\n<h2 class=\"has-text-align-center has-link-color wp-elements-ec4dad56195e23fcce3ffc0f4f79024b wp-block-post-title has-medium-font-size\"><a href=\"https:\/\/www.hotelleftbank.com\/es\/vida-nocturna-es\/le-caveau-de-la-huchette\/\" target=\"_self\" >Le Caveau de la Huchette<\/a><\/h2>\n<\/li><\/ul>\n\n<\/div>\n","protected":false},"excerpt":{"rendered":"<p>Descubra la encantadora vida nocturna de Saint Germain des Pr\u00e9s en Par\u00eds. Este barrio hist\u00f3rico cobra vida al anochecer con sus caf\u00e9s, acogedoras vinotecas y animados clubes de jazz. Sum\u00e9rjase en el ambiente bohemio, saboreando deliciosos c\u00f3cteles, m\u00fasica en directo y veladas inolvidables en uno de los barrios m\u00e1s emblem\u00e1ticos de la ciudad.<\/p>\n","protected":false},"author":1,"featured_media":15601,"parent":6656,"menu_order":6,"comment_status":"closed","ping_status":"closed","template":"wp-custom-template-le-template-des-pages-2023","meta":{"footnotes":""},"class_list":["post-6613","page","type-page","status-publish","has-post-thumbnail","hentry"],"_links":{"self":[{"href":"https:\/\/www.hotelleftbank.com\/es\/wp-json\/wp\/v2\/pages\/6613","targetHints":{"allow":["GET"]}}],"collection":[{"href":"https:\/\/www.hotelleftbank.com\/es\/wp-json\/wp\/v2\/pages"}],"about":[{"href":"https:\/\/www.hotelleftbank.com\/es\/wp-json\/wp\/v2\/types\/page"}],"author":[{"embeddable":true,"href":"https:\/\/www.hotelleftbank.com\/es\/wp-json\/wp\/v2\/users\/1"}],"replies":[{"embeddable":true,"href":"https:\/\/www.hotelleftbank.com\/es\/wp-json\/wp\/v2\/comments?post=6613"}],"version-history":[{"count":0,"href":"https:\/\/www.hotelleftbank.com\/es\/wp-json\/wp\/v2\/pages\/6613\/revisions"}],"up":[{"embeddable":true,"href":"https:\/\/www.hotelleftbank.com\/es\/wp-json\/wp\/v2\/pages\/6656"}],"wp:featuredmedia":[{"embeddable":true,"href":"https:\/\/www.hotelleftbank.com\/es\/wp-json\/wp\/v2\/media\/15601"}],"wp:attachment":[{"href":"https:\/\/www.hotelleftbank.com\/es\/wp-json\/wp\/v2\/media?parent=6613"}],"curies":[{"name":"wp","href":"https:\/\/api.w.org\/{rel}","templated":true}]}}