{"id":6630,"date":"2023-05-16T12:41:27","date_gmt":"2023-05-16T10:41:27","guid":{"rendered":"http:\/\/www.laperle.tess5418.odns.fr\/bienestar\/"},"modified":"2023-11-09T12:10:50","modified_gmt":"2023-11-09T11:10:50","slug":"bienestar","status":"publish","type":"page","link":"https:\/\/www.hotelleftbank.com\/es\/visite-paris\/bienestar\/","title":{"rendered":"Bienestar"},"content":{"rendered":"\n<p class=\"has-text-align-justify\">Cuide su bienestar en el ambiente de Saint Germain des Pr\u00e9s. Del\u00e9itese en lujosos spas, estudios de yoga y centros de bienestar que le ofrecen un momento de relajaci\u00f3n lejos del bullicio de la ciudad. Descubra tratamientos, masajes rejuvenecedores y tranquilos espacios de meditaci\u00f3n que le permitir\u00e1n recuperar el equilibrio y encontrar la armon\u00eda interior en esta animada ciudad.   <\/p>\n\n<div class=\"wp-block-query is-layout-flow wp-block-query-is-layout-flow\"><ul class=\"columns-3 wp-block-post-template is-layout-grid wp-container-core-post-template-is-layout-6d3fbd8f wp-block-post-template-is-layout-grid\"><li class=\"wp-block-post post-8389 post type-post status-publish format-standard has-post-thumbnail hentry category-bienestar-es\">\n<figure class=\"bordure-doree image-zoom wp-block-post-featured-image\"><a href=\"https:\/\/www.hotelleftbank.com\/es\/bienestar-es\/spa-bel-ami\/\" target=\"_self\"  ><img loading=\"lazy\" decoding=\"async\" width=\"344\" height=\"173\" src=\"https:\/\/www.hotelleftbank.com\/wp-content\/uploads\/2023\/10\/Hotel-in-Paris-well-being-Spa-Bel-Ami-jpg.webp\" class=\"attachment-post-thumbnail size-post-thumbnail wp-post-image\" alt=\"Spa Bel Ami\" style=\"object-fit:cover;\" title=\"\"><\/a><\/figure>\n\n<h2 class=\"has-text-align-center has-link-color wp-elements-ec4dad56195e23fcce3ffc0f4f79024b wp-block-post-title has-medium-font-size\"><a href=\"https:\/\/www.hotelleftbank.com\/es\/bienestar-es\/spa-bel-ami\/\" target=\"_self\" >Spa Bel Ami<\/a><\/h2>\n<\/li><li class=\"wp-block-post post-8428 post type-post status-publish format-standard has-post-thumbnail hentry category-bienestar-es\">\n<figure class=\"bordure-doree image-zoom wp-block-post-featured-image\"><a href=\"https:\/\/www.hotelleftbank.com\/es\/bienestar-es\/spa-28\/\" target=\"_self\"  ><img loading=\"lazy\" decoding=\"async\" width=\"344\" height=\"173\" src=\"https:\/\/www.hotelleftbank.com\/wp-content\/uploads\/2023\/10\/Hotel-in-Paris-well-being-Spa-28-jpg.webp\" class=\"attachment-post-thumbnail size-post-thumbnail wp-post-image\" alt=\"Spa 28\" style=\"object-fit:cover;\" title=\"\"><\/a><\/figure>\n\n<h2 class=\"has-text-align-center has-link-color wp-elements-ec4dad56195e23fcce3ffc0f4f79024b wp-block-post-title has-medium-font-size\"><a href=\"https:\/\/www.hotelleftbank.com\/es\/bienestar-es\/spa-28\/\" target=\"_self\" >Spa 28<\/a><\/h2>\n<\/li><li class=\"wp-block-post post-8442 post type-post status-publish format-standard has-post-thumbnail hentry category-bienestar-es\">\n<figure class=\"bordure-doree image-zoom wp-block-post-featured-image\"><a href=\"https:\/\/www.hotelleftbank.com\/es\/bienestar-es\/ban-thai-spa\/\" target=\"_self\"  ><img loading=\"lazy\" decoding=\"async\" width=\"344\" height=\"173\" src=\"https:\/\/www.hotelleftbank.com\/wp-content\/uploads\/2023\/10\/Hotel-in-Paris-well-being-Ban-Thai-Spa-jpg.webp\" class=\"attachment-post-thumbnail size-post-thumbnail wp-post-image\" alt=\"Ban Thai Spa\" style=\"object-fit:cover;\" title=\"\"><\/a><\/figure>\n\n<h2 class=\"has-text-align-center has-link-color wp-elements-ec4dad56195e23fcce3ffc0f4f79024b wp-block-post-title has-medium-font-size\"><a href=\"https:\/\/www.hotelleftbank.com\/es\/bienestar-es\/ban-thai-spa\/\" target=\"_self\" >Ban Thai Spa<\/a><\/h2>\n<\/li><li class=\"wp-block-post post-8464 post type-post status-publish format-standard has-post-thumbnail hentry category-bienestar-es\">\n<figure class=\"bordure-doree image-zoom wp-block-post-featured-image\"><a href=\"https:\/\/www.hotelleftbank.com\/es\/bienestar-es\/piscina-de-saint-germain\/\" target=\"_self\"  ><img loading=\"lazy\" decoding=\"async\" width=\"344\" height=\"173\" src=\"https:\/\/www.hotelleftbank.com\/wp-content\/uploads\/2023\/10\/Hotel-in-Paris-well-being-Saint-Germain-des-Pres-Pool-jpg.webp\" class=\"attachment-post-thumbnail size-post-thumbnail wp-post-image\" alt=\"Piscina de Saint Germain\" style=\"object-fit:cover;\" title=\"\"><\/a><\/figure>\n\n<h2 class=\"has-text-align-center has-link-color wp-elements-ec4dad56195e23fcce3ffc0f4f79024b wp-block-post-title has-medium-font-size\"><a href=\"https:\/\/www.hotelleftbank.com\/es\/bienestar-es\/piscina-de-saint-germain\/\" target=\"_self\" >Piscina de Saint Germain<\/a><\/h2>\n<\/li><li class=\"wp-block-post post-8488 post type-post status-publish format-standard has-post-thumbnail hentry category-bienestar-es\">\n<figure class=\"bordure-doree image-zoom wp-block-post-featured-image\"><a href=\"https:\/\/www.hotelleftbank.com\/es\/bienestar-es\/jardin-de-luxemburgo\/\" target=\"_self\"  ><img loading=\"lazy\" decoding=\"async\" width=\"344\" height=\"173\" src=\"https:\/\/www.hotelleftbank.com\/wp-content\/uploads\/2023\/10\/Hotel-in-Paris-well-being-Luxembourg-Garden-jpg.webp\" class=\"attachment-post-thumbnail size-post-thumbnail wp-post-image\" alt=\"Jard\u00edn de Luxemburgo\" style=\"object-fit:cover;\" title=\"\"><\/a><\/figure>\n\n<h2 class=\"has-text-align-center has-link-color wp-elements-ec4dad56195e23fcce3ffc0f4f79024b wp-block-post-title has-medium-font-size\"><a href=\"https:\/\/www.hotelleftbank.com\/es\/bienestar-es\/jardin-de-luxemburgo\/\" target=\"_self\" >Jard\u00edn de Luxemburgo<\/a><\/h2>\n<\/li><li class=\"wp-block-post post-8508 post type-post status-publish format-standard has-post-thumbnail hentry category-bienestar-es\">\n<figure class=\"bordure-doree image-zoom wp-block-post-featured-image\"><a href=\"https:\/\/www.hotelleftbank.com\/es\/bienestar-es\/sala-de-fitness\/\" target=\"_self\"  ><img loading=\"lazy\" decoding=\"async\" width=\"344\" height=\"173\" src=\"https:\/\/www.hotelleftbank.com\/wp-content\/uploads\/2023\/10\/Hotel-in-Paris-well-being-Luxembourg-Parc-Fitness-room-jpg.webp\" class=\"attachment-post-thumbnail size-post-thumbnail wp-post-image\" alt=\"Sala de fitness\" style=\"object-fit:cover;\" title=\"\"><\/a><\/figure>\n\n<h2 class=\"has-text-align-center has-link-color wp-elements-ec4dad56195e23fcce3ffc0f4f79024b wp-block-post-title has-medium-font-size\"><a href=\"https:\/\/www.hotelleftbank.com\/es\/bienestar-es\/sala-de-fitness\/\" target=\"_self\" >Sala de fitness<\/a><\/h2>\n<\/li><\/ul>\n\n<\/div>\n","protected":false},"excerpt":{"rendered":"<p>Cuide su bienestar en el ambiente de Saint Germain des Pr\u00e9s. Del\u00e9itese en lujosos spas, estudios de yoga y centros de bienestar que le ofrecen un momento de relajaci\u00f3n lejos del bullicio de la ciudad. Descubra tratamientos, masajes rejuvenecedores y tranquilos espacios de meditaci\u00f3n que le permitir\u00e1n recuperar el equilibrio y encontrar la armon\u00eda interior [&hellip;]<\/p>\n","protected":false},"author":1,"featured_media":15502,"parent":6656,"menu_order":4,"comment_status":"closed","ping_status":"closed","template":"wp-custom-template-le-template-des-pages-2023","meta":{"footnotes":""},"class_list":["post-6630","page","type-page","status-publish","has-post-thumbnail","hentry"],"_links":{"self":[{"href":"https:\/\/www.hotelleftbank.com\/es\/wp-json\/wp\/v2\/pages\/6630","targetHints":{"allow":["GET"]}}],"collection":[{"href":"https:\/\/www.hotelleftbank.com\/es\/wp-json\/wp\/v2\/pages"}],"about":[{"href":"https:\/\/www.hotelleftbank.com\/es\/wp-json\/wp\/v2\/types\/page"}],"author":[{"embeddable":true,"href":"https:\/\/www.hotelleftbank.com\/es\/wp-json\/wp\/v2\/users\/1"}],"replies":[{"embeddable":true,"href":"https:\/\/www.hotelleftbank.com\/es\/wp-json\/wp\/v2\/comments?post=6630"}],"version-history":[{"count":0,"href":"https:\/\/www.hotelleftbank.com\/es\/wp-json\/wp\/v2\/pages\/6630\/revisions"}],"up":[{"embeddable":true,"href":"https:\/\/www.hotelleftbank.com\/es\/wp-json\/wp\/v2\/pages\/6656"}],"wp:featuredmedia":[{"embeddable":true,"href":"https:\/\/www.hotelleftbank.com\/es\/wp-json\/wp\/v2\/media\/15502"}],"wp:attachment":[{"href":"https:\/\/www.hotelleftbank.com\/es\/wp-json\/wp\/v2\/media?parent=6630"}],"curies":[{"name":"wp","href":"https:\/\/api.w.org\/{rel}","templated":true}]}}