{"id":6636,"date":"2023-05-16T12:38:32","date_gmt":"2023-05-16T10:38:32","guid":{"rendered":"http:\/\/www.laperle.tess5418.odns.fr\/museos\/"},"modified":"2023-08-23T14:09:17","modified_gmt":"2023-08-23T12:09:17","slug":"museos","status":"publish","type":"page","link":"https:\/\/www.hotelleftbank.com\/es\/visite-paris\/museos\/","title":{"rendered":"Museos"},"content":{"rendered":"\n<p class=\"has-text-align-justify\">Explore el cautivador mundo de los museos parisinos. Sum\u00e9rjase en el arte en el Museo del Louvre, hogar de la emblem\u00e1tica Mona Lisa. Descubra las obras maestras del Impresionismo en el Museo de Orsay. Ad\u00e9ntrese en el arte moderno y contempor\u00e1neo en el Centro Pompidou. Los museos de Par\u00eds ofrecen un tesoro de maravillas culturales para todos los aficionados al arte.     <\/p>\n\n\n\n<div class=\"wp-block-query is-layout-flow wp-block-query-is-layout-flow\"><ul class=\"columns-3 wp-block-post-template is-layout-grid wp-container-core-post-template-is-layout-6d3fbd8f wp-block-post-template-is-layout-grid\"><li class=\"wp-block-post post-8618 post type-post status-publish format-standard has-post-thumbnail hentry category-museos-es\">\n<figure class=\"bordure-doree hover-zoom wp-block-post-featured-image\"><a href=\"https:\/\/www.hotelleftbank.com\/es\/museos-es\/museo-rodin\/\" target=\"_self\"  ><img loading=\"lazy\" decoding=\"async\" width=\"344\" height=\"173\" src=\"https:\/\/www.hotelleftbank.com\/wp-content\/uploads\/2023\/10\/Hotel-in-Paris-Museum-Rodin-Museum-jpg.webp\" class=\"attachment-post-thumbnail size-post-thumbnail wp-post-image\" alt=\"Museo Rod\u00edn\" style=\"object-fit:cover;\" title=\"\"><\/a><\/figure>\n\n<h2 class=\"has-text-align-center has-link-color wp-elements-ec4dad56195e23fcce3ffc0f4f79024b wp-block-post-title has-medium-font-size\"><a href=\"https:\/\/www.hotelleftbank.com\/es\/museos-es\/museo-rodin\/\" target=\"_self\" >Museo Rod\u00edn<\/a><\/h2>\n<\/li><li class=\"wp-block-post post-8841 post type-post status-publish format-standard has-post-thumbnail hentry category-museos-es\">\n<figure class=\"bordure-doree hover-zoom wp-block-post-featured-image\"><a href=\"https:\/\/www.hotelleftbank.com\/es\/museos-es\/museo-quai-branly\/\" target=\"_self\"  ><img loading=\"lazy\" decoding=\"async\" width=\"344\" height=\"173\" src=\"https:\/\/www.hotelleftbank.com\/wp-content\/uploads\/2023\/10\/Hotel-in-Paris-Museum-Quai-Branly-Museum-jpg.webp\" class=\"attachment-post-thumbnail size-post-thumbnail wp-post-image\" alt=\"Museo quai Branly\" style=\"object-fit:cover;\" title=\"\"><\/a><\/figure>\n\n<h2 class=\"has-text-align-center has-link-color wp-elements-ec4dad56195e23fcce3ffc0f4f79024b wp-block-post-title has-medium-font-size\"><a href=\"https:\/\/www.hotelleftbank.com\/es\/museos-es\/museo-quai-branly\/\" target=\"_self\" >Museo quai Branly<\/a><\/h2>\n<\/li><li class=\"wp-block-post post-8855 post type-post status-publish format-standard has-post-thumbnail hentry category-museos-es\">\n<figure class=\"bordure-doree hover-zoom wp-block-post-featured-image\"><a href=\"https:\/\/www.hotelleftbank.com\/es\/museos-es\/museo-de-arte-moderno\/\" target=\"_self\"  ><img loading=\"lazy\" decoding=\"async\" width=\"344\" height=\"173\" src=\"https:\/\/www.hotelleftbank.com\/wp-content\/uploads\/2023\/10\/Hotel-in-Paris-Museum-Modern-Art-Museum-jpg.webp\" class=\"attachment-post-thumbnail size-post-thumbnail wp-post-image\" alt=\"Museo de Arte Moderno\" style=\"object-fit:cover;\" title=\"\"><\/a><\/figure>\n\n<h2 class=\"has-text-align-center has-link-color wp-elements-ec4dad56195e23fcce3ffc0f4f79024b wp-block-post-title has-medium-font-size\"><a href=\"https:\/\/www.hotelleftbank.com\/es\/museos-es\/museo-de-arte-moderno\/\" target=\"_self\" >Museo de Arte Moderno<\/a><\/h2>\n<\/li><li class=\"wp-block-post post-8869 post type-post status-publish format-standard has-post-thumbnail hentry category-museos-es\">\n<figure class=\"bordure-doree hover-zoom wp-block-post-featured-image\"><a href=\"https:\/\/www.hotelleftbank.com\/es\/museos-es\/centro-pompidou\/\" target=\"_self\"  ><img loading=\"lazy\" decoding=\"async\" width=\"344\" height=\"173\" src=\"https:\/\/www.hotelleftbank.com\/wp-content\/uploads\/2023\/10\/Hotel-in-Paris-Museum-Pompidou-Center-jpg.webp\" class=\"attachment-post-thumbnail size-post-thumbnail wp-post-image\" alt=\"Centro Pompidou\" style=\"object-fit:cover;\" title=\"\"><\/a><\/figure>\n\n<h2 class=\"has-text-align-center has-link-color wp-elements-ec4dad56195e23fcce3ffc0f4f79024b wp-block-post-title has-medium-font-size\"><a href=\"https:\/\/www.hotelleftbank.com\/es\/museos-es\/centro-pompidou\/\" target=\"_self\" >Centro Pompidou<\/a><\/h2>\n<\/li><li class=\"wp-block-post post-8885 post type-post status-publish format-standard has-post-thumbnail hentry category-museos-es\">\n<figure class=\"bordure-doree hover-zoom wp-block-post-featured-image\"><a href=\"https:\/\/www.hotelleftbank.com\/es\/museos-es\/museo-de-orsay\/\" target=\"_self\"  ><img loading=\"lazy\" decoding=\"async\" width=\"344\" height=\"173\" src=\"https:\/\/www.hotelleftbank.com\/wp-content\/uploads\/2023\/10\/Hotel-in-Paris-Museum-Modern-Orsay-Museum-jpg.webp\" class=\"attachment-post-thumbnail size-post-thumbnail wp-post-image\" alt=\"Museo de Orsay\" style=\"object-fit:cover;\" title=\"\"><\/a><\/figure>\n\n<h2 class=\"has-text-align-center has-link-color wp-elements-ec4dad56195e23fcce3ffc0f4f79024b wp-block-post-title has-medium-font-size\"><a href=\"https:\/\/www.hotelleftbank.com\/es\/museos-es\/museo-de-orsay\/\" target=\"_self\" >Museo de Orsay<\/a><\/h2>\n<\/li><li class=\"wp-block-post post-8903 post type-post status-publish format-standard has-post-thumbnail hentry category-museos-es\">\n<figure class=\"bordure-doree hover-zoom wp-block-post-featured-image\"><a href=\"https:\/\/www.hotelleftbank.com\/es\/museos-es\/museo-del-louvre\/\" target=\"_self\"  ><img loading=\"lazy\" decoding=\"async\" width=\"344\" height=\"173\" src=\"https:\/\/www.hotelleftbank.com\/wp-content\/uploads\/2023\/10\/Hotel-in-Paris-Museum-Louvre-Museum-jpg.webp\" class=\"attachment-post-thumbnail size-post-thumbnail wp-post-image\" alt=\"Museo del Louvre\" style=\"object-fit:cover;\" title=\"\"><\/a><\/figure>\n\n<h2 class=\"has-text-align-center has-link-color wp-elements-ec4dad56195e23fcce3ffc0f4f79024b wp-block-post-title has-medium-font-size\"><a href=\"https:\/\/www.hotelleftbank.com\/es\/museos-es\/museo-del-louvre\/\" target=\"_self\" >Museo del Louvre<\/a><\/h2>\n<\/li><\/ul>\n\n<\/div>\n","protected":false},"excerpt":{"rendered":"<p>Explore el cautivador mundo de los museos parisinos. Sum\u00e9rjase en el arte en el Museo del Louvre, hogar de la emblem\u00e1tica Mona Lisa. Descubra las obras maestras del Impresionismo en el Museo de Orsay. Ad\u00e9ntrese en el arte moderno y contempor\u00e1neo en el Centro Pompidou. Los museos de Par\u00eds ofrecen un tesoro de maravillas culturales [&hellip;]<\/p>\n","protected":false},"author":1,"featured_media":15374,"parent":6656,"menu_order":2,"comment_status":"closed","ping_status":"closed","template":"wp-custom-template-le-template-des-pages-2023","meta":{"footnotes":""},"class_list":["post-6636","page","type-page","status-publish","has-post-thumbnail","hentry"],"_links":{"self":[{"href":"https:\/\/www.hotelleftbank.com\/es\/wp-json\/wp\/v2\/pages\/6636","targetHints":{"allow":["GET"]}}],"collection":[{"href":"https:\/\/www.hotelleftbank.com\/es\/wp-json\/wp\/v2\/pages"}],"about":[{"href":"https:\/\/www.hotelleftbank.com\/es\/wp-json\/wp\/v2\/types\/page"}],"author":[{"embeddable":true,"href":"https:\/\/www.hotelleftbank.com\/es\/wp-json\/wp\/v2\/users\/1"}],"replies":[{"embeddable":true,"href":"https:\/\/www.hotelleftbank.com\/es\/wp-json\/wp\/v2\/comments?post=6636"}],"version-history":[{"count":0,"href":"https:\/\/www.hotelleftbank.com\/es\/wp-json\/wp\/v2\/pages\/6636\/revisions"}],"up":[{"embeddable":true,"href":"https:\/\/www.hotelleftbank.com\/es\/wp-json\/wp\/v2\/pages\/6656"}],"wp:featuredmedia":[{"embeddable":true,"href":"https:\/\/www.hotelleftbank.com\/es\/wp-json\/wp\/v2\/media\/15374"}],"wp:attachment":[{"href":"https:\/\/www.hotelleftbank.com\/es\/wp-json\/wp\/v2\/media?parent=6636"}],"curies":[{"name":"wp","href":"https:\/\/api.w.org\/{rel}","templated":true}]}}