{"id":6642,"date":"2023-05-21T09:40:07","date_gmt":"2023-05-21T07:40:07","guid":{"rendered":"http:\/\/www.laperle.tess5418.odns.fr\/restaurantes\/"},"modified":"2023-08-23T14:09:25","modified_gmt":"2023-08-23T12:09:25","slug":"restaurantes","status":"publish","type":"page","link":"https:\/\/www.hotelleftbank.com\/es\/visite-paris\/restaurantes\/","title":{"rendered":"Restaurantes"},"content":{"rendered":"\n<p class=\"has-text-align-justify\">Emb\u00e1rquese en un viaje culinario por Par\u00eds, donde le espera un mundo de delicias gastron\u00f3micas. Desde restaurantes con estrellas Michelin hasta encantadores bistr\u00f3s y caf\u00e9s de moda, la ciudad ofrece un variado panorama gastron\u00f3mico. Del\u00e9itese con la exquisita cocina francesa, saboree deliciosos pasteles y explore sabores internacionales. Los restaurantes parisinos prometen una experiencia epic\u00farea inolvidable. <\/p>\n\n\n\n<div class=\"wp-block-query is-layout-flow wp-block-query-is-layout-flow\"><ul class=\"columns-3 wp-block-post-template is-layout-grid wp-container-core-post-template-is-layout-6d3fbd8f wp-block-post-template-is-layout-grid\"><li class=\"wp-block-post post-8650 post type-post status-publish format-standard has-post-thumbnail hentry category-restaurantes-y-comida\">\n<figure class=\"bordure-doree hover-zoom wp-block-post-featured-image\"><a href=\"https:\/\/www.hotelleftbank.com\/es\/restaurantes-y-comida\/la-mediterranee\/\" target=\"_self\"  ><img loading=\"lazy\" decoding=\"async\" width=\"344\" height=\"173\" src=\"https:\/\/www.hotelleftbank.com\/wp-content\/uploads\/2023\/10\/Hotel-in-Paris-Restaurant-La-Mediterranee-jpg.webp\" class=\"attachment-post-thumbnail size-post-thumbnail wp-post-image\" alt=\"La M\u00e9diterran\u00e9e\" style=\"object-fit:cover;\" title=\"\"><span class=\"wp-block-post-featured-image__overlay has-background-dim has-background-dim-10\" style=\"\" aria-hidden=\"true\"><\/span><\/a><\/figure>\n\n<h2 class=\"has-text-align-center has-link-color wp-elements-ec4dad56195e23fcce3ffc0f4f79024b wp-block-post-title has-medium-font-size\"><a href=\"https:\/\/www.hotelleftbank.com\/es\/restaurantes-y-comida\/la-mediterranee\/\" target=\"_self\" >La M\u00e9diterran\u00e9e<\/a><\/h2>\n<\/li><li class=\"wp-block-post post-8670 post type-post status-publish format-standard has-post-thumbnail hentry category-restaurantes-y-comida\">\n<figure class=\"bordure-doree hover-zoom wp-block-post-featured-image\"><a href=\"https:\/\/www.hotelleftbank.com\/es\/restaurantes-y-comida\/vagenende\/\" target=\"_self\"  ><img loading=\"lazy\" decoding=\"async\" width=\"344\" height=\"173\" src=\"https:\/\/www.hotelleftbank.com\/wp-content\/uploads\/2023\/10\/Hotel-in-Paris-Restaurant-Vagenende-jpg.webp\" class=\"attachment-post-thumbnail size-post-thumbnail wp-post-image\" alt=\"Vagenende\" style=\"object-fit:cover;\" title=\"\"><span class=\"wp-block-post-featured-image__overlay has-background-dim has-background-dim-10\" style=\"\" aria-hidden=\"true\"><\/span><\/a><\/figure>\n\n<h2 class=\"has-text-align-center has-link-color wp-elements-ec4dad56195e23fcce3ffc0f4f79024b wp-block-post-title has-medium-font-size\"><a href=\"https:\/\/www.hotelleftbank.com\/es\/restaurantes-y-comida\/vagenende\/\" target=\"_self\" >Vagenende<\/a><\/h2>\n<\/li><li class=\"wp-block-post post-8685 post type-post status-publish format-standard has-post-thumbnail hentry category-restaurantes-y-comida\">\n<figure class=\"bordure-doree hover-zoom wp-block-post-featured-image\"><a href=\"https:\/\/www.hotelleftbank.com\/es\/restaurantes-y-comida\/le-bistrot-d-henri\/\" target=\"_self\"  ><img loading=\"lazy\" decoding=\"async\" width=\"344\" height=\"173\" src=\"https:\/\/www.hotelleftbank.com\/wp-content\/uploads\/2023\/10\/Hotel-in-Paris-Restaurant-Bistrot-d-Henri-jpg.webp\" class=\"attachment-post-thumbnail size-post-thumbnail wp-post-image\" alt=\"Le Bistrot d&#8217;Henri\" style=\"object-fit:cover;\" title=\"\"><span class=\"wp-block-post-featured-image__overlay has-background-dim has-background-dim-10\" style=\"\" aria-hidden=\"true\"><\/span><\/a><\/figure>\n\n<h2 class=\"has-text-align-center has-link-color wp-elements-ec4dad56195e23fcce3ffc0f4f79024b wp-block-post-title has-medium-font-size\"><a href=\"https:\/\/www.hotelleftbank.com\/es\/restaurantes-y-comida\/le-bistrot-d-henri\/\" target=\"_self\" >Le Bistrot d&#8217;Henri<\/a><\/h2>\n<\/li><li class=\"wp-block-post post-8721 post type-post status-publish format-standard has-post-thumbnail hentry category-restaurantes-y-comida\">\n<figure class=\"bordure-doree hover-zoom wp-block-post-featured-image\"><a href=\"https:\/\/www.hotelleftbank.com\/es\/restaurantes-y-comida\/chez-fernand\/\" target=\"_self\"  ><img loading=\"lazy\" decoding=\"async\" width=\"344\" height=\"173\" src=\"https:\/\/www.hotelleftbank.com\/wp-content\/uploads\/2023\/10\/Hotel-in-Paris-Restaurant-Chez-Fernand-jpg.webp\" class=\"attachment-post-thumbnail size-post-thumbnail wp-post-image\" alt=\"Chez Fernand\" style=\"object-fit:cover;\" title=\"\"><span class=\"wp-block-post-featured-image__overlay has-background-dim has-background-dim-10\" style=\"\" aria-hidden=\"true\"><\/span><\/a><\/figure>\n\n<h2 class=\"has-text-align-center has-link-color wp-elements-ec4dad56195e23fcce3ffc0f4f79024b wp-block-post-title has-medium-font-size\"><a href=\"https:\/\/www.hotelleftbank.com\/es\/restaurantes-y-comida\/chez-fernand\/\" target=\"_self\" >Chez Fernand<\/a><\/h2>\n<\/li><li class=\"wp-block-post post-8738 post type-post status-publish format-standard has-post-thumbnail hentry category-restaurantes-y-comida\">\n<figure class=\"bordure-doree hover-zoom wp-block-post-featured-image\"><a href=\"https:\/\/www.hotelleftbank.com\/es\/restaurantes-y-comida\/atelier-rouliere\/\" target=\"_self\"  ><img loading=\"lazy\" decoding=\"async\" width=\"344\" height=\"173\" src=\"https:\/\/www.hotelleftbank.com\/wp-content\/uploads\/2023\/10\/Hotel-in-Paris-Restaurant-Atelier-Rouliere-jpg.webp\" class=\"attachment-post-thumbnail size-post-thumbnail wp-post-image\" alt=\"Atelier Rouli\u00e8re\" style=\"object-fit:cover;\" title=\"\"><span class=\"wp-block-post-featured-image__overlay has-background-dim has-background-dim-10\" style=\"\" aria-hidden=\"true\"><\/span><\/a><\/figure>\n\n<h2 class=\"has-text-align-center has-link-color wp-elements-ec4dad56195e23fcce3ffc0f4f79024b wp-block-post-title has-medium-font-size\"><a href=\"https:\/\/www.hotelleftbank.com\/es\/restaurantes-y-comida\/atelier-rouliere\/\" target=\"_self\" >Atelier Rouli\u00e8re<\/a><\/h2>\n<\/li><\/ul>\n\n<\/div>\n","protected":false},"excerpt":{"rendered":"<p>Emb\u00e1rquese en un viaje culinario por Par\u00eds, donde le espera un mundo de delicias gastron\u00f3micas. Desde restaurantes con estrellas Michelin hasta encantadores bistr\u00f3s y caf\u00e9s de moda, la ciudad ofrece un variado panorama gastron\u00f3mico. Del\u00e9itese con la exquisita cocina francesa, saboree deliciosos pasteles y explore sabores internacionales. Los restaurantes parisinos prometen una experiencia epic\u00farea inolvidable.<\/p>\n","protected":false},"author":2,"featured_media":6177,"parent":6656,"menu_order":0,"comment_status":"closed","ping_status":"closed","template":"wp-custom-template-le-template-des-pages-2023","meta":{"footnotes":""},"class_list":["post-6642","page","type-page","status-publish","has-post-thumbnail","hentry"],"_links":{"self":[{"href":"https:\/\/www.hotelleftbank.com\/es\/wp-json\/wp\/v2\/pages\/6642","targetHints":{"allow":["GET"]}}],"collection":[{"href":"https:\/\/www.hotelleftbank.com\/es\/wp-json\/wp\/v2\/pages"}],"about":[{"href":"https:\/\/www.hotelleftbank.com\/es\/wp-json\/wp\/v2\/types\/page"}],"author":[{"embeddable":true,"href":"https:\/\/www.hotelleftbank.com\/es\/wp-json\/wp\/v2\/users\/2"}],"replies":[{"embeddable":true,"href":"https:\/\/www.hotelleftbank.com\/es\/wp-json\/wp\/v2\/comments?post=6642"}],"version-history":[{"count":0,"href":"https:\/\/www.hotelleftbank.com\/es\/wp-json\/wp\/v2\/pages\/6642\/revisions"}],"up":[{"embeddable":true,"href":"https:\/\/www.hotelleftbank.com\/es\/wp-json\/wp\/v2\/pages\/6656"}],"wp:featuredmedia":[{"embeddable":true,"href":"https:\/\/www.hotelleftbank.com\/es\/wp-json\/wp\/v2\/media\/6177"}],"wp:attachment":[{"href":"https:\/\/www.hotelleftbank.com\/es\/wp-json\/wp\/v2\/media?parent=6642"}],"curies":[{"name":"wp","href":"https:\/\/api.w.org\/{rel}","templated":true}]}}