{"id":6662,"date":"2023-05-05T12:43:07","date_gmt":"2023-05-05T10:43:07","guid":{"rendered":"http:\/\/www.laperle.tess5418.odns.fr\/habitaciones\/"},"modified":"2024-01-22T16:12:47","modified_gmt":"2024-01-22T15:12:47","slug":"habitaciones","status":"publish","type":"page","link":"https:\/\/www.hotelleftbank.com\/es\/habitaciones\/","title":{"rendered":"Habitaciones"},"content":{"rendered":"\n<p class=\"has-text-align-justify has-custom-rouge-footer-color has-custom-links-beige-background-color has-text-color has-background\" style=\"margin-top:0;margin-right:0;margin-bottom:0;margin-left:0;padding-top:0;padding-right:0;padding-bottom:0;padding-left:0\">En el Hotel Left Bank Saint Germain de Par\u00eds, las habitaciones son una armoniosa fusi\u00f3n de confort moderno y elegancia parisina. Cada una de las habitaciones y suites, exquisitamente dise\u00f1adas, ofrece un ambiente acogedor y acogedor, adornado con muebles de estilo. Tanto si prefiere las vistas a la calle como la serenidad de un patio interior, encontrar\u00e1 un refugio relajante para su estancia. Perfectas para los viajeros que buscan una aut\u00e9ntica experiencia parisina, estas habitaciones ofrecen un encantador refugio en el coraz\u00f3n del barrio de Saint-Germain-des-Pr\u00e9s, en la Margen Izquierda.   <\/p>\n\n<div class=\"wp-block-columns is-layout-flex wp-container-core-columns-is-layout-d0b3c9c8 wp-block-columns-is-layout-flex\">\n<div class=\"wp-block-column is-style-default has-custom-background-background-color has-background is-layout-flow wp-container-core-column-is-layout-faf9ae4d wp-block-column-is-layout-flow\" style=\"padding-bottom:15px\">\n<div class=\"wp-block-cover is-style-tw-border-inner hover-zoom tw-stretched-link tw-ratio-3-2\" style=\"padding-top:0;padding-right:0;padding-bottom:0;padding-left:0\"><span aria-hidden=\"true\" class=\"wp-block-cover__background has-background-dim-20 has-background-dim\"><\/span><img loading=\"lazy\" decoding=\"async\" width=\"595\" height=\"397\" sizes=\"auto, (max-width: 799px) 200vw, (max-width: 595px) 100vw, 595px\" class=\"wp-block-cover__image-background wp-image-17094\" alt=\"\" src=\"https:\/\/www.hotelleftbank.com\/wp-content\/uploads\/2023\/11\/Hotel-Left-bank-saint-germain-Standard-room-presentation-jpg.webp\" data-object-fit=\"cover\" title=\"\" srcset=\"https:\/\/www.hotelleftbank.com\/wp-content\/uploads\/2023\/11\/Hotel-Left-bank-saint-germain-Standard-room-presentation-jpg.webp 595w, https:\/\/www.hotelleftbank.com\/wp-content\/uploads\/2023\/11\/Hotel-Left-bank-saint-germain-Standard-room-presentation-300x200.webp 300w\" \/><div class=\"wp-block-cover__inner-container is-layout-flow wp-block-cover-is-layout-flow\">\n<h2 class=\"wp-block-heading has-text-align-center has-custom-background-color has-text-color has-link-color has-large-font-size wp-elements-a178e731f6ff749a760ace8a63719c49\"><a href=\"https:\/\/www.hotelleftbank.com\/es\/habitaciones\/habitaciones-estandar\/\" data-type=\"page\" data-id=\"129\">Habitaciones Est\u00e1ndar<\/a><\/h2>\n<\/div><\/div>\n\n\n\n<p class=\"has-text-align-justify has-custom-contrast-color has-text-color\" style=\"margin-top:var(--wp--preset--spacing--30);margin-right:0;margin-left:0\">Nuestras habitaciones Standard del Hotel Left Bank Saint Germain ofrecen una estancia c\u00f3moda y confortable en el coraz\u00f3n de Par\u00eds. Disfrute de un espacio acogedor y pr\u00e1ctico para su visita a la ciudad. <\/p>\n\n\n\n<div class=\"wp-block-columns are-vertically-aligned-bottom is-layout-flex wp-container-core-columns-is-layout-3df1fb3a wp-block-columns-is-layout-flex\" style=\"margin-top:20px;padding-top:0;padding-right:var(--wp--preset--spacing--30);padding-left:var(--wp--preset--spacing--30)\">\n<div class=\"wp-block-column is-vertically-aligned-bottom is-layout-flow wp-block-column-is-layout-flow\" style=\"padding-top:0;padding-right:0;padding-bottom:0;padding-left:0\">\n<div class=\"wp-block-buttons is-layout-flex wp-block-buttons-is-layout-flex\">\n<div class=\"wp-block-button has-custom-width wp-block-button__width-100 is-style-outline is-style-outline--2\" style=\"line-height:0.8\"><a class=\"wp-block-button__link has-primary-background-color has-background wp-element-button\" href=\"https:\/\/www.hotelleftbank.com\/en\/rooms\/standard-rooms\/\"><strong>Descubra<\/strong><\/a><\/div>\n<\/div>\n<\/div>\n<\/div>\n<\/div>\n\n\n\n<div class=\"wp-block-column is-style-default has-custom-background-background-color has-background is-layout-flow wp-container-core-column-is-layout-8e5008fe wp-block-column-is-layout-flow\" style=\"padding-top:0;padding-right:0;padding-bottom:15px;padding-left:0\">\n<div class=\"wp-block-cover is-style-tw-border-inner hover-zoom tw-stretched-link tw-ratio-3-2\"><span aria-hidden=\"true\" class=\"wp-block-cover__background has-background-dim-20 has-background-dim\"><\/span><img loading=\"lazy\" decoding=\"async\" width=\"595\" height=\"397\" sizes=\"auto, (max-width: 799px) 200vw, (max-width: 595px) 100vw, 595px\" class=\"wp-block-cover__image-background wp-image-17110\" alt=\"\" src=\"https:\/\/www.hotelleftbank.com\/wp-content\/uploads\/2023\/11\/Hotel-Left-bank-saint-germain-Superior-room-presentation-jpg.webp\" data-object-fit=\"cover\" title=\"\" srcset=\"https:\/\/www.hotelleftbank.com\/wp-content\/uploads\/2023\/11\/Hotel-Left-bank-saint-germain-Superior-room-presentation-jpg.webp 595w, https:\/\/www.hotelleftbank.com\/wp-content\/uploads\/2023\/11\/Hotel-Left-bank-saint-germain-Superior-room-presentation-300x200.webp 300w\" \/><div class=\"wp-block-cover__inner-container is-layout-flow wp-block-cover-is-layout-flow\">\n<h2 class=\"wp-block-heading has-text-align-center has-custom-background-color has-text-color has-link-color has-large-font-size wp-elements-59944dce09b5352872aff86ad3a31422\"><a href=\"https:\/\/www.hotelleftbank.com\/es\/habitaciones\/habitaciones-clase-superior\/\" data-type=\"page\" data-id=\"128\">Habitaciones Superior<\/a><\/h2>\n<\/div><\/div>\n\n\n\n<p class=\"has-text-align-justify has-custom-contrast-color has-text-color\" style=\"margin-top:var(--wp--preset--spacing--30);margin-right:0;margin-left:0\">Descubra el confort y el estilo de las habitaciones Superior del Hotel Left Bank Saint Germain. Estas habitaciones bien equipadas ofrecen una acogedora experiencia parisina con todas las comodidades esenciales para una estancia memorable. <\/p>\n\n\n\n<div class=\"wp-block-columns are-vertically-aligned-bottom is-layout-flex wp-container-core-columns-is-layout-3df1fb3a wp-block-columns-is-layout-flex\" style=\"margin-top:20px;padding-top:0;padding-right:var(--wp--preset--spacing--30);padding-left:var(--wp--preset--spacing--30)\">\n<div class=\"wp-block-column is-vertically-aligned-bottom is-layout-flow wp-block-column-is-layout-flow\" style=\"padding-top:0;padding-right:0;padding-bottom:0;padding-left:0\">\n<div class=\"wp-block-buttons is-layout-flex wp-block-buttons-is-layout-flex\">\n<div class=\"wp-block-button has-custom-width wp-block-button__width-100 is-style-outline is-style-outline--3\" style=\"line-height:0.8\"><a class=\"wp-block-button__link has-primary-background-color has-background wp-element-button\" href=\"https:\/\/www.hotelleftbank.com\/en\/rooms\/superior-rooms\/\"><strong>Descubra<\/strong><\/a><\/div>\n<\/div>\n<\/div>\n<\/div>\n<\/div>\n<\/div>\n\n<div class=\"wp-block-columns is-layout-flex wp-container-core-columns-is-layout-d0b3c9c8 wp-block-columns-is-layout-flex\">\n<div class=\"wp-block-column is-style-default has-custom-background-background-color has-background is-layout-flow wp-container-core-column-is-layout-faf9ae4d wp-block-column-is-layout-flow\" style=\"padding-bottom:15px\">\n<div class=\"wp-block-cover is-style-tw-border-inner hover-zoom tw-stretched-link tw-ratio-3-2\"><span aria-hidden=\"true\" class=\"wp-block-cover__background has-background-dim-20 has-background-dim\"><\/span><img loading=\"lazy\" decoding=\"async\" width=\"595\" height=\"397\" sizes=\"auto, (max-width: 799px) 200vw, (max-width: 595px) 100vw, 595px\" class=\"wp-block-cover__image-background wp-image-17086\" alt=\"\" src=\"https:\/\/www.hotelleftbank.com\/wp-content\/uploads\/2023\/11\/Hotel-Left-bank-saint-germain-Deluxe-room-presentation-jpg.webp\" data-object-fit=\"cover\" title=\"\" srcset=\"https:\/\/www.hotelleftbank.com\/wp-content\/uploads\/2023\/11\/Hotel-Left-bank-saint-germain-Deluxe-room-presentation-jpg.webp 595w, https:\/\/www.hotelleftbank.com\/wp-content\/uploads\/2023\/11\/Hotel-Left-bank-saint-germain-Deluxe-room-presentation-300x200.webp 300w\" \/><div class=\"wp-block-cover__inner-container is-layout-flow wp-block-cover-is-layout-flow\">\n<h2 class=\"wp-block-heading has-text-align-center has-custom-background-color has-text-color has-link-color has-large-font-size wp-elements-2baaf69a70d3cacebbf6c6d4c2bf70d0\"><a href=\"https:\/\/www.hotelleftbank.com\/es\/habitaciones\/habitaciones-deluxe\/\" data-type=\"page\" data-id=\"127\">Habitaciones Deluxe<\/a><\/h2>\n<\/div><\/div>\n\n\n\n<p class=\"has-text-align-justify has-custom-contrast-color has-text-color\" style=\"margin-top:var(--wp--preset--spacing--30);margin-right:0;margin-left:0\">Las habitaciones Deluxe del Hotel Left Bank Saint Germain ofrecen una exquisita experiencia parisina. Con paredes pintadas al estilo vintage y vigas de madera, estas habitaciones ofrecen una mezcla de car\u00e1cter y elegancia. <\/p>\n\n\n\n<div class=\"wp-block-columns are-vertically-aligned-bottom is-layout-flex wp-container-core-columns-is-layout-3df1fb3a wp-block-columns-is-layout-flex\" style=\"margin-top:20px;padding-top:0;padding-right:var(--wp--preset--spacing--30);padding-left:var(--wp--preset--spacing--30)\">\n<div class=\"wp-block-column is-vertically-aligned-bottom is-layout-flow wp-block-column-is-layout-flow\" style=\"padding-top:0;padding-right:0;padding-bottom:0;padding-left:0\">\n<div class=\"wp-block-buttons is-layout-flex wp-block-buttons-is-layout-flex\">\n<div class=\"wp-block-button has-custom-width wp-block-button__width-100 is-style-outline is-style-outline--4\" style=\"line-height:0.8\"><a class=\"wp-block-button__link has-primary-background-color has-background wp-element-button\" href=\"https:\/\/www.hotelleftbank.com\/en\/rooms\/deluxe-rooms\/\"><strong>Descubra<\/strong><\/a><\/div>\n<\/div>\n<\/div>\n<\/div>\n<\/div>\n\n\n\n<div class=\"wp-block-column is-style-default has-custom-background-background-color has-background is-layout-flow wp-container-core-column-is-layout-8e5008fe wp-block-column-is-layout-flow\" style=\"padding-top:0;padding-right:0;padding-bottom:15px;padding-left:0\">\n<div class=\"wp-block-cover is-style-tw-border-inner hover-zoom tw-stretched-link tw-ratio-3-2\"><span aria-hidden=\"true\" class=\"wp-block-cover__background has-background-dim-20 has-background-dim\"><\/span><img loading=\"lazy\" decoding=\"async\" width=\"595\" height=\"397\" sizes=\"auto, (max-width: 799px) 200vw, (max-width: 595px) 100vw, 595px\" class=\"wp-block-cover__image-background wp-image-17102\" alt=\"\" src=\"https:\/\/www.hotelleftbank.com\/wp-content\/uploads\/2023\/11\/Hotel-Left-bank-saint-germain-Suite-presentation-jpg.webp\" data-object-fit=\"cover\" title=\"\" srcset=\"https:\/\/www.hotelleftbank.com\/wp-content\/uploads\/2023\/11\/Hotel-Left-bank-saint-germain-Suite-presentation-jpg.webp 595w, https:\/\/www.hotelleftbank.com\/wp-content\/uploads\/2023\/11\/Hotel-Left-bank-saint-germain-Suite-presentation-300x200.webp 300w\" \/><div class=\"wp-block-cover__inner-container is-layout-flow wp-block-cover-is-layout-flow\">\n<h2 class=\"wp-block-heading has-text-align-center has-custom-background-color has-text-color has-link-color has-large-font-size wp-elements-8fc5cb6d20c32b4146c232a3e191dc22\"><a href=\"https:\/\/www.hotelleftbank.com\/es\/habitaciones\/la-suite\/\" data-type=\"page\" data-id=\"126\">Suite<\/a><\/h2>\n<\/div><\/div>\n\n\n\n<p class=\"has-text-align-justify has-custom-contrast-color has-text-color\" style=\"margin-top:var(--wp--preset--spacing--30);margin-right:0;margin-left:0\">Experimente el m\u00e1ximo lujo en el Hotel Left Bank Saint Germain en nuestra excepcional suite. Con su elegante decoraci\u00f3n, que incluye suntuosas vigas de madera, ofrece una escapada parisina inolvidable y m\u00e1gica. <\/p>\n\n\n\n<div class=\"wp-block-columns are-vertically-aligned-bottom is-layout-flex wp-container-core-columns-is-layout-3df1fb3a wp-block-columns-is-layout-flex\" style=\"margin-top:20px;padding-top:0;padding-right:var(--wp--preset--spacing--30);padding-left:var(--wp--preset--spacing--30)\">\n<div class=\"wp-block-column is-vertically-aligned-bottom is-layout-flow wp-block-column-is-layout-flow\" style=\"padding-top:0;padding-right:0;padding-bottom:0;padding-left:0\">\n<div class=\"wp-block-buttons is-layout-flex wp-block-buttons-is-layout-flex\">\n<div class=\"wp-block-button has-custom-width wp-block-button__width-100 is-style-outline is-style-outline--5\" style=\"line-height:0.8\"><a class=\"wp-block-button__link has-primary-background-color has-background wp-element-button\" href=\"https:\/\/www.hotelleftbank.com\/en\/rooms\/the-suite\/\"><strong>Descubra<\/strong><\/a><\/div>\n<\/div>\n<\/div>\n<\/div>\n<\/div>\n<\/div>\n","protected":false},"excerpt":{"rendered":"<p>En el Hotel Left Bank Saint Germain de Par\u00eds, las habitaciones son una armoniosa fusi\u00f3n de confort moderno y elegancia parisina. Cada una de las habitaciones y suites, exquisitamente dise\u00f1adas, ofrece un ambiente acogedor y acogedor, adornado con muebles de estilo. Tanto si prefiere las vistas a la calle como la serenidad de un patio [&hellip;]<\/p>\n","protected":false},"author":1,"featured_media":17194,"parent":0,"menu_order":0,"comment_status":"closed","ping_status":"closed","template":"wp-custom-template-le-template-des-pages-2023","meta":{"footnotes":""},"class_list":["post-6662","page","type-page","status-publish","has-post-thumbnail","hentry"],"_links":{"self":[{"href":"https:\/\/www.hotelleftbank.com\/es\/wp-json\/wp\/v2\/pages\/6662","targetHints":{"allow":["GET"]}}],"collection":[{"href":"https:\/\/www.hotelleftbank.com\/es\/wp-json\/wp\/v2\/pages"}],"about":[{"href":"https:\/\/www.hotelleftbank.com\/es\/wp-json\/wp\/v2\/types\/page"}],"author":[{"embeddable":true,"href":"https:\/\/www.hotelleftbank.com\/es\/wp-json\/wp\/v2\/users\/1"}],"replies":[{"embeddable":true,"href":"https:\/\/www.hotelleftbank.com\/es\/wp-json\/wp\/v2\/comments?post=6662"}],"version-history":[{"count":0,"href":"https:\/\/www.hotelleftbank.com\/es\/wp-json\/wp\/v2\/pages\/6662\/revisions"}],"wp:featuredmedia":[{"embeddable":true,"href":"https:\/\/www.hotelleftbank.com\/es\/wp-json\/wp\/v2\/media\/17194"}],"wp:attachment":[{"href":"https:\/\/www.hotelleftbank.com\/es\/wp-json\/wp\/v2\/media?parent=6662"}],"curies":[{"name":"wp","href":"https:\/\/api.w.org\/{rel}","templated":true}]}}