{"id":6727,"date":"2023-05-29T22:40:22","date_gmt":"2023-05-29T20:40:22","guid":{"rendered":"http:\/\/www.laperle.tess5418.odns.fr\/mapa-y-acceso\/"},"modified":"2023-12-01T09:27:27","modified_gmt":"2023-12-01T08:27:27","slug":"mapa-y-acceso","status":"publish","type":"page","link":"https:\/\/www.hotelleftbank.com\/es\/mapa-y-acceso\/","title":{"rendered":"Mapa y acceso"},"content":{"rendered":"\n<h2 class=\"wp-block-heading\">Localizaci\u00f3n del hotel<\/h2>\n\n<p class=\"has-text-align-justify has-link-color wp-elements-f2398a1c7b78943f67f7188120d7d90a\">El Hotel Left Bank est\u00e1 situado en el animado barrio de Saint-Germain-des-Pr\u00e9s, en el coraz\u00f3n de Par\u00eds. <a href=\"https:\/\/www.hotelleftbank.com\/es\/visite-paris\/\" data-type=\"page\" data-id=\"980\">Descubra los monumentos m\u00e1s emblem\u00e1ticos, las boutiques de moda y los lugares de inter\u00e9s cultural a un paso de nuestro hotel.<\/a><\/p>\n\n<div style=\"height:10px\" aria-hidden=\"true\" class=\"wp-block-spacer\"><\/div>\n<style type=\"text\/css\" id=\"gmpMapStyles_1_55973\">\r\n\t#google_map_easy_1_55973 {\r\n        width: 100%;\r\n        height: 550px;\r\n\t\t\t\t\t\t    }\r\n\t#gmapControlsNum_1_55973 {\r\n\t\twidth:100%\t}\r\n\t.gmpMapDetailsContainer#gmpMapDetailsContainer_1_55973 {\r\n\t\theight:550px;\r\n\t}\r\n\t.gmp_MapPreview#google_map_easy_1_55973 {\r\n\t\t\/*position:absolute;*\/\r\n\t\twidth: 100%;\r\n\t}\r\n\t#mapConElem_1_55973{\r\n\t\twidth: 100%\t}\r\n    .gm-style .gm-style-iw-c{\r\n        padding: 12px!important;\r\n    }\r\n\t    <\/style>\r\n <div class=\"gmp_map_opts\" id=\"mapConElem_1_55973\" data-id=\"1\" data-view-id=\"1_55973\" > <div class=\"gmpMapDetailsContainer\" id=\"gmpMapDetailsContainer_1_55973\"> <i class=\"gmpKMLLayersPreloader fa fa-spinner fa-spin\" aria-hidden=\"true\" style=\"display: none;\"><\/i> <div class=\"gmp_MapPreview \" id=\"google_map_easy_1_55973\"><\/div> <\/div> <div class=\"gmpMapMarkerFilters\" id=\"gmpMapMarkerFilters_1_55973\"> <\/div> <div class=\"gmpMapProControlsCon\" id=\"gmpMapProControlsCon_1_55973\"> <a title=\"Google Map Plugin\" style=\"display:none;\" href=\"https:\/\/supsystic.com\/plugins\/google-maps-plugin\/?utm_medium=love_link_hide\" target=\"_blank\" rel=\"noopener\">Google Map Plugin<\/a><div style=\"clear: both;\"><\/div> <\/div> <div class=\"gmpMapProDirectionsCon\" id=\"gmpMapProDirectionsCon_1_55973\" > <\/div> <div class=\"gmpMapProKmlFilterCon\" id=\"gmpMapProKmlFilterCon_1_55973\" > <\/div> <div class=\"gmpSocialSharingShell gmpSocialSharingShell_1_55973\"> <\/div> <div style=\"clear: both;\"><\/div> <\/div> \n\n<hr class=\"wp-block-separator has-text-color has-custom-primary-color has-alpha-channel-opacity has-custom-primary-background-color has-background is-style-wide\" style=\"width: 200px; max-width: 100%;margin-top:var(--wp--preset--spacing--40);margin-bottom:0\"\/>\n\n\n\n<hr class=\"wp-block-separator aligncenter has-text-color has-custom-primary-color has-alpha-channel-opacity has-custom-primary-background-color has-background\" style=\"width: 300px; max-width: 100%;margin-top:5px\"\/>\n\n\n\n<hr class=\"wp-block-separator aligncenter has-text-color has-custom-primary-color has-alpha-channel-opacity has-custom-primary-background-color has-background\" style=\"width: 200px; max-width: 100%;margin-top:5px;margin-bottom:var(--wp--preset--spacing--30)\"\/>\n\n<h2 class=\"wp-block-heading\">C\u00f3mo llegar al hotel<\/h2>\n\n<p class=\"has-large-font-size\"><strong>Desde los aeropuertos parisinos<\/strong><\/p>\n\n<ul class=\"wp-block-list\">\n<li><strong>Aeropuerto Charles de Gaulle (CDG)<\/strong><\/li>\n<\/ul>\n\n<p class=\"has-text-align-justify\" style=\"margin-top:0;margin-right:0;margin-bottom:0;margin-left:0;padding-top:0;padding-right:0;padding-bottom:0;padding-left:0\"><strong>En taxi :<\/strong> Alrededor de 1 hora &#8211; El precio de un taxi normal cogido en una parada de taxis es fijo y es de 62 euros equipaje incluido. Tenga cuidado con el taxista falso y confirme con \u00e9l la tarifa antes de subir al coche. <\/p>\n\n<p class=\"has-text-align-justify\" style=\"margin-top:0;margin-right:0;margin-bottom:0;margin-left:0\">Tambi\u00e9n podemos organizar que le recojan en el aeropuerto, ya que trabajamos con varias compa\u00f1\u00edas. Es m\u00e1s caro ya que el conductor tiene que aparcar y esperarle. Le ayudar\u00e1 con el equipaje y le esperar\u00e1 despu\u00e9s de la aduana con un cartel a su nombre.   La tarifa para 2 personas es de unos 90 euros.<\/p>\n\n<p class=\"has-text-align-justify\" style=\"margin-top:0;margin-right:0;margin-bottom:0;margin-left:0;padding-top:0;padding-right:0;padding-bottom:0;padding-left:0\">El traslado del hotel al aeropuerto es menos caro ya que el conductor no tiene que aparcar y esperarle. Cuesta unos 70 euros. <\/p>\n\n<p class=\"has-text-align-justify\" style=\"margin-top:0;margin-right:0;margin-bottom:0;margin-left:0;padding-top:0;padding-right:0;padding-bottom:0;padding-left:0\"><strong>En tren:<\/strong> Alrededor de 1 hora &#8211; Tambi\u00e9n puede coger el tren RER B en el aeropuerto hasta la estaci\u00f3n de Saint Michel, y despu\u00e9s la l\u00ednea 4 de metro y parar en \u00abOd\u00e9on\u00bb (a 100 metros del hotel).<\/p>\n\n<ul class=\"wp-block-list\">\n<li><strong>Aeropuerto de Orly (ORY)<\/strong><\/li>\n<\/ul>\n\n<p class=\"has-text-align-justify\" style=\"margin-top:0;margin-right:0;margin-bottom:0;margin-left:0\"><strong><strong>En taxi :<\/strong><\/strong>Unos 45 minutos &#8211; El precio de un taxi normal cogido en una parada de taxis es fijo y es de 35 euros equipaje incluido. Tenga cuidado con el taxista falso y confirme con \u00e9l la tarifa antes de subir al coche. <\/p>\n\n<p class=\"has-text-align-justify\" style=\"margin-top:0;margin-right:0;margin-bottom:0;margin-left:0;padding-top:0;padding-right:0;padding-bottom:0;padding-left:0\">Tambi\u00e9n podemos organizar que le recojan en el aeropuerto, ya que trabajamos con varias compa\u00f1\u00edas. Es m\u00e1s caro ya que el conductor tiene que aparcar y esperarle. Le ayudar\u00e1 con el equipaje y le esperar\u00e1 despu\u00e9s de la aduana con un cartel a su nombre.   La tarifa para 2 personas es de 70 euros.<\/p>\n\n<p class=\"has-text-align-justify\" style=\"margin-top:0;margin-right:0;margin-bottom:0;margin-left:0;padding-top:0;padding-right:0;padding-bottom:0;padding-left:0\">El traslado del hotel al aeropuerto es menos caro, ya que el conductor no tiene que aparcar y esperarle. Cuesta unos 45 euros.<\/p>\n\n<p class=\"has-text-align-justify\" style=\"margin-top:0;margin-right:0;margin-bottom:0;margin-left:0;padding-top:0;padding-right:0;padding-bottom:0;padding-left:0\"><strong>En tren :<\/strong> Alrededor de 1 hora &#8211; Tendr\u00eda que hacer 3 transbordos: Coger el Orlyval en el aeropuerto y parar en Anthony. Luego cambiar al RER B y bajar en la estaci\u00f3n \u00abSt michel Notre Dame\u00bb. All\u00ed cambiar a la l\u00ednea 4 del metro y bajar en la estaci\u00f3n \u00abOdeon\u00bb (a 100 metros del hotel).  <\/p>\n\n<p class=\"has-text-align-justify has-large-font-size\"><strong>Desde las estaciones de tren parisinas<\/strong><\/p>\n\n<ul class=\"wp-block-list\">\n<li><strong>Gare du Nord <\/strong><\/li>\n<\/ul>\n\n<p class=\"has-text-align-justify\" style=\"margin-top:0;margin-right:0;margin-bottom:0;margin-left:0\"><strong>En taxi :<\/strong> Dependiendo del tr\u00e1fico, la duraci\u00f3n del trayecto en taxi es de unos 20 minutos<\/p>\n\n<p class=\"has-text-align-justify\" style=\"margin-top:0;margin-right:0;margin-bottom:0;margin-left:0\"><strong>En metro :<\/strong> Alrededor de 19 minutos &#8211; Desde la estaci\u00f3n Gare du Nord, tome la l\u00ednea 4 del metro, direcci\u00f3n \u00abBagneux Lucie Aubrac\u00bb y b\u00e1jese en la estaci\u00f3n \u00abOdeon\u00bb (a 100 metros del hotel).<\/p>\n\n<ul class=\"wp-block-list\">\n<li><strong>Gare Montparnasse<\/strong><\/li>\n<\/ul>\n\n<p class=\"has-text-align-justify\" style=\"margin-top:0;margin-right:0;margin-bottom:0;margin-left:0\"><strong>En taxi :<\/strong> Dependiendo del tr\u00e1fico, la duraci\u00f3n del trayecto en taxi es de unos 10 minutos<\/p>\n\n<p class=\"has-text-align-justify\" style=\"margin-top:0;margin-right:0;margin-bottom:0;margin-left:0\"><strong>En metro :<\/strong> Alrededor de 17 minutos &#8211; Desde la estaci\u00f3n \u00abMontparnasse Bienvenue\u00bb, tome la l\u00ednea 4 del metro en direcci\u00f3n a \u00abPorte de Clignancourt\u00bb y b\u00e1jese en la estaci\u00f3n \u00abOdeon\u00bb (a 100 metros del hotel).<\/p>\n\n<ul class=\"wp-block-list\">\n<li><strong>Gare de Lyon<\/strong><\/li>\n<\/ul>\n\n<p class=\"has-text-align-justify\" style=\"margin-top:0;margin-right:0;margin-bottom:0;margin-left:0\"><strong>En taxi :<\/strong> Dependiendo del tr\u00e1fico, la duraci\u00f3n del trayecto en taxi es de unos 20 minutos<\/p>\n\n<p class=\"has-text-align-justify\" style=\"margin-top:0;margin-right:0;margin-bottom:0;margin-left:0\"><strong>En autob\u00fas :<\/strong> Alrededor de 23 minutos &#8211; Desde la estaci\u00f3n \u00abGare de Lyon\u00bb, tome el autob\u00fas 63, direcci\u00f3n \u00abPorte de la Muette\u00bb y pare en la estaci\u00f3n \u00abOdeon\u00bb (a 100 metros del hotel)<\/p>\n\n<p class=\"has-text-align-justify has-large-font-size\"><strong>Desde las estaciones de metro de Par\u00eds<\/strong><\/p>\n\n<ul class=\"wp-block-list\">\n<li><strong>Estaci\u00f3n \u00abodeon\u00bb<\/strong><\/li>\n<\/ul>\n\n<p class=\"has-text-align-justify\" style=\"margin-top:0;margin-right:0;margin-bottom:0;margin-left:0\"><strong>A pie:<\/strong> 100 metros &#8211; 2 minutos &#8211; Desde la estaci\u00f3n de metro \u00abOdeon\u00bb, camine unos 80 metros hacia el norte por la Rue de l&#8217;ancienne comedie. Encontrar\u00e1 el Hotel Left Bank a su derecha. <\/p>\n\n<ul class=\"wp-block-list\">\n<li><strong>Estaci\u00f3n \u00abSaint Germain des Pr\u00e9s\u00bb<\/strong><\/li>\n<\/ul>\n\n<p class=\"has-text-align-justify\" style=\"margin-top:0;margin-right:0;margin-bottom:0;margin-left:0\"><strong>A pie:<\/strong> 450 metros &#8211; 6 minutos &#8211; Desde la estaci\u00f3n de metro \u00abSaint-Germain-des-Pr\u00e9s\u00bb, camine hacia el este por el bulevar Saint Germain durante aproximadamente 400 metros. Gire a la izquierda por Rue de l&#8217;ancienne comedie. Encontrar\u00e1 el Hotel Left Bank a su derecha despu\u00e9s de 80 metros.  <\/p>\n\n<ul class=\"wp-block-list\">\n<li><strong>Estaci\u00f3n \u00abMabillon\u00bb<\/strong><\/li>\n<\/ul>\n\n<p class=\"has-text-align-justify\" style=\"margin-top:0;margin-right:0;margin-bottom:0;margin-left:0\"><strong>A pie:<\/strong> 350 metros &#8211; 5 minutos &#8211; Desde la estaci\u00f3n de metro \u00abMabillon\u00bb, camine hacia el este por el bulevar Saint Germain unos 200 metros. Gire a la izquierda por Rue de l&#8217;ancienne comedie. Encontrar\u00e1 el Hotel Left Bank a su derecha despu\u00e9s de 80 metros.  <\/p>\n","protected":false},"excerpt":{"rendered":"<p>Localizaci\u00f3n del hotel El Hotel Left Bank est\u00e1 situado en el animado barrio de Saint-Germain-des-Pr\u00e9s, en el coraz\u00f3n de Par\u00eds. Descubra los monumentos m\u00e1s emblem\u00e1ticos, las boutiques de moda y los lugares de inter\u00e9s cultural a un paso de nuestro hotel. C\u00f3mo llegar al hotel Desde los aeropuertos parisinos En taxi : Alrededor de 1 [&hellip;]<\/p>\n","protected":false},"author":2,"featured_media":6197,"parent":0,"menu_order":0,"comment_status":"closed","ping_status":"closed","template":"wp-custom-template-le-template-des-pages-2023","meta":{"footnotes":""},"class_list":["post-6727","page","type-page","status-publish","has-post-thumbnail","hentry"],"_links":{"self":[{"href":"https:\/\/www.hotelleftbank.com\/es\/wp-json\/wp\/v2\/pages\/6727","targetHints":{"allow":["GET"]}}],"collection":[{"href":"https:\/\/www.hotelleftbank.com\/es\/wp-json\/wp\/v2\/pages"}],"about":[{"href":"https:\/\/www.hotelleftbank.com\/es\/wp-json\/wp\/v2\/types\/page"}],"author":[{"embeddable":true,"href":"https:\/\/www.hotelleftbank.com\/es\/wp-json\/wp\/v2\/users\/2"}],"replies":[{"embeddable":true,"href":"https:\/\/www.hotelleftbank.com\/es\/wp-json\/wp\/v2\/comments?post=6727"}],"version-history":[{"count":0,"href":"https:\/\/www.hotelleftbank.com\/es\/wp-json\/wp\/v2\/pages\/6727\/revisions"}],"wp:featuredmedia":[{"embeddable":true,"href":"https:\/\/www.hotelleftbank.com\/es\/wp-json\/wp\/v2\/media\/6197"}],"wp:attachment":[{"href":"https:\/\/www.hotelleftbank.com\/es\/wp-json\/wp\/v2\/media?parent=6727"}],"curies":[{"name":"wp","href":"https:\/\/api.w.org\/{rel}","templated":true}]}}