{"id":6455,"date":"2023-05-29T22:40:22","date_gmt":"2023-05-29T20:40:22","guid":{"rendered":"http:\/\/www.laperle.tess5418.odns.fr\/plan-et-acces\/"},"modified":"2023-11-30T23:10:21","modified_gmt":"2023-11-30T22:10:21","slug":"plan-et-acces","status":"publish","type":"page","link":"https:\/\/www.hotelleftbank.com\/fr\/plan-et-acces\/","title":{"rendered":"Plan et Acc\u00e8s"},"content":{"rendered":"\n<h2 class=\"wp-block-heading\">Localisez l&rsquo;h\u00f4tel<\/h2>\n\n<p class=\"has-text-align-justify has-link-color wp-elements-6d387e0b5c984028d08f67bcf1e44c89\">L&rsquo;h\u00f4tel Left Bank est id\u00e9alement situ\u00e9 dans le quartier anim\u00e9 de Saint-Germain-des-Pr\u00e9s, offrant \u00e0 ses clients un emplacement de choix au c\u0153ur de Paris. <a href=\"https:\/\/www.hotelleftbank.com\/fr\/visite-de-paris\/\" data-type=\"page\" data-id=\"980\">D\u00e9couvrez les monuments embl\u00e9matiques, les boutiques \u00e0 la mode et les hauts lieux de la culture \u00e0 quelques pas de l&rsquo;h\u00f4tel.<\/a>.<\/p>\n\n<div style=\"height:10px\" aria-hidden=\"true\" class=\"wp-block-spacer\"><\/div>\n<style type=\"text\/css\" id=\"gmpMapStyles_1_63895\">\r\n\t#google_map_easy_1_63895 {\r\n        width: 100%;\r\n        height: 550px;\r\n\t\t\t\t\t\t    }\r\n\t#gmapControlsNum_1_63895 {\r\n\t\twidth:100%\t}\r\n\t.gmpMapDetailsContainer#gmpMapDetailsContainer_1_63895 {\r\n\t\theight:550px;\r\n\t}\r\n\t.gmp_MapPreview#google_map_easy_1_63895 {\r\n\t\t\/*position:absolute;*\/\r\n\t\twidth: 100%;\r\n\t}\r\n\t#mapConElem_1_63895{\r\n\t\twidth: 100%\t}\r\n    .gm-style .gm-style-iw-c{\r\n        padding: 12px!important;\r\n    }\r\n\t    <\/style>\r\n <div class=\"gmp_map_opts\" id=\"mapConElem_1_63895\" data-id=\"1\" data-view-id=\"1_63895\" > <div class=\"gmpMapDetailsContainer\" id=\"gmpMapDetailsContainer_1_63895\"> <i class=\"gmpKMLLayersPreloader fa fa-spinner fa-spin\" aria-hidden=\"true\" style=\"display: none;\"><\/i> <div class=\"gmp_MapPreview \" id=\"google_map_easy_1_63895\"><\/div> <\/div> <div class=\"gmpMapMarkerFilters\" id=\"gmpMapMarkerFilters_1_63895\"> <\/div> <div class=\"gmpMapProControlsCon\" id=\"gmpMapProControlsCon_1_63895\"> <a title=\"Google Map Plugin\" style=\"display:none;\" href=\"https:\/\/supsystic.com\/plugins\/google-maps-plugin\/?utm_medium=love_link_hide\" target=\"_blank\" rel=\"noopener\">Google Map Plugin<\/a><div style=\"clear: both;\"><\/div> <\/div> <div class=\"gmpMapProDirectionsCon\" id=\"gmpMapProDirectionsCon_1_63895\" > <\/div> <div class=\"gmpMapProKmlFilterCon\" id=\"gmpMapProKmlFilterCon_1_63895\" > <\/div> <div class=\"gmpSocialSharingShell gmpSocialSharingShell_1_63895\"> <\/div> <div style=\"clear: both;\"><\/div> <\/div> \n\n<hr class=\"wp-block-separator has-text-color has-custom-primary-color has-alpha-channel-opacity has-custom-primary-background-color has-background is-style-wide\" style=\"width: 200px; max-width: 100%;margin-top:var(--wp--preset--spacing--40);margin-bottom:0\"\/>\n\n\n\n<hr class=\"wp-block-separator aligncenter has-text-color has-custom-primary-color has-alpha-channel-opacity has-custom-primary-background-color has-background\" style=\"width: 300px; max-width: 100%;margin-top:5px\"\/>\n\n\n\n<hr class=\"wp-block-separator aligncenter has-text-color has-custom-primary-color has-alpha-channel-opacity has-custom-primary-background-color has-background\" style=\"width: 200px; max-width: 100%;margin-top:5px;margin-bottom:var(--wp--preset--spacing--30)\"\/>\n\n<h2 class=\"wp-block-heading\">Comment se rendre \u00e0 l&rsquo;h\u00f4tel<\/h2>\n\n<p class=\"has-large-font-size\"><strong>Des a\u00e9roports parisiens<\/strong><\/p>\n\n<ul class=\"wp-block-list\">\n<li><strong>A\u00e9roport Charles de Gaulle (CDG)<\/strong><\/li>\n<\/ul>\n\n<p class=\"has-text-align-justify\" style=\"margin-top:0;margin-right:0;margin-bottom:0;margin-left:0;padding-top:0;padding-right:0;padding-bottom:0;padding-left:0\"><strong>En taxi : Environ 1 heure \u2013 Le tarif d\u2019un taxi pris \u00e0 une borne de taxi est fixe et de 62 \u20ac baggages inclus. Soyez attentif aux faux chauffeur de taxi et confirmez avec lui le tarif avant de monter dans la voiture.<\/strong> <\/p>\n\n<p class=\"has-text-align-justify\" style=\"margin-top:0;margin-right:0;margin-bottom:0;margin-left:0\">Nous pouvons \u00e9galement organiser une prise en charge \u00e0 l&rsquo;a\u00e9roport car nous travaillons avec plusieurs compagnies. C&rsquo;est plus cher car le chauffeur doit se garer et vous attendre. Il vous aidera \u00e0 porter vos bagages et vous attendra apr\u00e8s la douane avec un panneau \u00e0 votre nom. Le tarif pour 2 personnes est d&rsquo;environ 90\u20ac.   <\/p>\n\n<p class=\"has-text-align-justify\" style=\"margin-top:0;margin-right:0;margin-bottom:0;margin-left:0;padding-top:0;padding-right:0;padding-bottom:0;padding-left:0\">Le transfert de l\u2019h\u00f4tel \u00e0 l\u2019a\u00e9roport est moins cher car le chauffeur n\u2019a pas \u00e0 se garer et \u00e0 vous attendre. Il co\u00fbte environ 70\u20ac. <\/p>\n\n<p class=\"has-text-align-justify\" style=\"margin-top:0;margin-right:0;margin-bottom:0;margin-left:0;padding-top:0;padding-right:0;padding-bottom:0;padding-left:0\"><strong>En train :<\/strong> Environ 1 heure &#8211; Vous pouvez \u00e9galement prendre le RER B \u00e0 l&rsquo;a\u00e9roport jusqu&rsquo;\u00e0 la station Saint Michel, puis la ligne 4 du m\u00e9tro jusqu&rsquo;\u00e0 l&rsquo;arr\u00eat \u00ab\u00a0Od\u00e9on\u00a0\u00bb (\u00e0 100 m\u00e8tres de l&rsquo;h\u00f4tel).<\/p>\n\n<ul class=\"wp-block-list\">\n<li><strong>A\u00e9roport Orly (ORY)<\/strong><\/li>\n<\/ul>\n\n<p class=\"has-text-align-justify\" style=\"margin-top:0;margin-right:0;margin-bottom:0;margin-left:0\"><strong><strong><\/strong>En taxi : Environ 45 minutes \u2013 Le tarif d\u2019un taxi pris \u00e0 une borne de taxi est fixe et de 35 \u20ac baggages inclus. Soyez attentif aux faux chauffeur de taxi et confirmez avec lui le tarif avant de monter dans la voiture.<\/strong> <\/p>\n\n<p class=\"has-text-align-justify\" style=\"margin-top:0;margin-right:0;margin-bottom:0;margin-left:0;padding-top:0;padding-right:0;padding-bottom:0;padding-left:0\">Nous pouvons \u00e9galement organiser une prise en charge \u00e0 l&rsquo;a\u00e9roport car nous travaillons avec plusieurs compagnies. C&rsquo;est plus cher car le chauffeur doit se garer et vous attendre. Il vous aidera \u00e0 porter vos bagages et vous attendra apr\u00e8s la douane avec un panneau \u00e0 votre nom. Le tarif pour 2 personnes est d&rsquo;environ 70\u20ac.   <\/p>\n\n<p class=\"has-text-align-justify\" style=\"margin-top:0;margin-right:0;margin-bottom:0;margin-left:0;padding-top:0;padding-right:0;padding-bottom:0;padding-left:0\">Le transfert de l&rsquo;h\u00f4tel \u00e0 l&rsquo;a\u00e9roport est moins cher car le chauffeur n&rsquo;a pas \u00e0 se garer et \u00e0 vous attendre. Il co\u00fbte environ 70\u20ac. Le tarif est d&rsquo;environ 45\u20ac. <\/p>\n\n<p class=\"has-text-align-justify\" style=\"margin-top:0;margin-right:0;margin-bottom:0;margin-left:0;padding-top:0;padding-right:0;padding-bottom:0;padding-left:0\"><strong>En train :<\/strong> Environ 1 heure : Il faut changer 3 fois : Prendre l&rsquo;Orlyval \u00e0 l&rsquo;a\u00e9roport et s&rsquo;arr\u00eater \u00e0 Anthony. Ensuite, changez pour le RER B et descendez \u00e0 la station \u00ab\u00a0St Michel Notre Dame\u00a0\u00bb. L\u00e0, changez pour la ligne 4 du m\u00e9tro et descendez \u00e0 la station \u00ab\u00a0Od\u00e9on\u00a0\u00bb (\u00e0 100 m\u00e8tres de l&rsquo;h\u00f4tel).  <\/p>\n\n<p class=\"has-text-align-justify has-large-font-size\"><strong>Depuis les gares parisiennes<\/strong><\/p>\n\n<ul class=\"wp-block-list\">\n<li><strong>Gare du Nord <\/strong><\/li>\n<\/ul>\n\n<p class=\"has-text-align-justify\" style=\"margin-top:0;margin-right:0;margin-bottom:0;margin-left:0\"><strong>En taxi<\/strong> : En fonction de la circulation, le temps de trajet en taxi est d&rsquo;environ 20 minutes.<\/p>\n\n<p class=\"has-text-align-justify\" style=\"margin-top:0;margin-right:0;margin-bottom:0;margin-left:0\"><strong>En metro :<\/strong> Environ 19 minutes &#8211; Depuis la gare du Nord, prendre le m\u00e9tro ligne 4, direction \u00ab\u00a0Bagneux Lucie Aubrac\u00a0\u00bb et descendre \u00e0 la station \u00ab\u00a0Od\u00e9on\u00a0\u00bb (\u00e0 100 m\u00e8tres de l&rsquo;h\u00f4tel).<\/p>\n\n<ul class=\"wp-block-list\">\n<li><strong>Gare Montparnasse<\/strong><\/li>\n<\/ul>\n\n<p class=\"has-text-align-justify\" style=\"margin-top:0;margin-right:0;margin-bottom:0;margin-left:0\"><strong>En taxi :<\/strong> En fonction de la circulation, le temps de trajet en taxi est d&rsquo;environ 10 minutes.<\/p>\n\n<p class=\"has-text-align-justify\" style=\"margin-top:0;margin-right:0;margin-bottom:0;margin-left:0\"><strong>En metro :<\/strong> Environ 17 minutes &#8211; Depuis la station \u00ab\u00a0Montparnasse Bienvenue\u00a0\u00bb, prendre le m\u00e9tro ligne 4, direction \u00ab\u00a0Porte de Clignancourt\u00a0\u00bb et descendre \u00e0 la station \u00ab\u00a0Od\u00e9on\u00a0\u00bb (\u00e0 100 m\u00e8tres de l&rsquo;h\u00f4tel).<\/p>\n\n<ul class=\"wp-block-list\">\n<li><strong>Gare de Lyon<\/strong><\/li>\n<\/ul>\n\n<p class=\"has-text-align-justify\" style=\"margin-top:0;margin-right:0;margin-bottom:0;margin-left:0\"><strong>En taxi<\/strong> : En fonction de la circulation, le temps de trajet en taxi est d&rsquo;environ 20 minutes.<\/p>\n\n<p class=\"has-text-align-justify\" style=\"margin-top:0;margin-right:0;margin-bottom:0;margin-left:0\"><strong>En bus :<\/strong> Environ 23 minutes &#8211; Depuis la gare de Lyon, prendre le bus 63, direction \u00ab\u00a0Porte de la Muette\u00a0\u00bb et s&rsquo;arr\u00eater \u00e0 la station \u00ab\u00a0Od\u00e9on\u00a0\u00bb (\u00e0 100 m\u00e8tres de l&rsquo;h\u00f4tel).<\/p>\n\n<p class=\"has-text-align-justify has-large-font-size\"><strong>Depuis les stations de m\u00e9tro<\/strong><\/p>\n\n<ul class=\"wp-block-list\">\n<li><strong>Station \u00ab\u00a0Odeon\u00a0\u00bb <\/strong><\/li>\n<\/ul>\n\n<p class=\"has-text-align-justify\" style=\"margin-top:0;margin-right:0;margin-bottom:0;margin-left:0\"><strong>A pied :<\/strong> 100 m\u00e8tres &#8211; 2 minutes &#8211; Depuis la station de m\u00e9tro \u00ab\u00a0Od\u00e9on\u00a0\u00bb, marcher vers le nord sur la rue de l&rsquo;ancienne com\u00e9die pendant environ 80 m\u00e8tres. Vous trouverez l&rsquo;H\u00f4tel Rive Gauche sur votre droite. <\/p>\n\n<ul class=\"wp-block-list\">\n<li><strong>Station \u00ab\u00a0Saint Germain des Pr\u00e9s\u00a0\u00bb<\/strong><\/li>\n<\/ul>\n\n<p class=\"has-text-align-justify\" style=\"margin-top:0;margin-right:0;margin-bottom:0;margin-left:0\"><strong>A pied :<\/strong> 450 m\u00e8tres &#8211; 6 minutes &#8211; Depuis la station de m\u00e9tro \u00ab\u00a0Saint-Germain-des-Pr\u00e9s\u00a0\u00bb, marcher vers l&rsquo;est sur le boulevard Saint Germain sur environ 400 m\u00e8tres. Tournez \u00e0 gauche dans la rue de l&rsquo;ancienne com\u00e9die. L&rsquo;h\u00f4tel Rive Gauche se trouve \u00e0 80 m\u00e8tres sur votre droite.  <\/p>\n\n<ul class=\"wp-block-list\">\n<li><strong>station \u00ab\u00a0Mabillon\u00a0\u00bb<\/strong><\/li>\n<\/ul>\n\n<p class=\"has-text-align-justify\" style=\"margin-top:0;margin-right:0;margin-bottom:0;margin-left:0\"><strong>A pied :<\/strong> 350 m\u00e8tres &#8211; 5 minutes &#8211; Depuis la station de m\u00e9tro \u00ab\u00a0Mabillon\u00a0\u00bb, marcher vers l&rsquo;Est sur le boulevard Saint Germain sur environ 200 m\u00e8tres. Tourner \u00e0 gauche dans la rue de l&rsquo;ancienne com\u00e9die. Vous trouverez l&rsquo;H\u00f4tel Rive Gauche sur votre droite apr\u00e8s 80 m\u00e8tres.  <\/p>\n","protected":false},"excerpt":{"rendered":"<p>Localisez l&rsquo;h\u00f4tel L&rsquo;h\u00f4tel Left Bank est id\u00e9alement situ\u00e9 dans le quartier anim\u00e9 de Saint-Germain-des-Pr\u00e9s, offrant \u00e0 ses clients un emplacement de choix au c\u0153ur de Paris. D\u00e9couvrez les monuments embl\u00e9matiques, les boutiques \u00e0 la mode et les hauts lieux de la culture \u00e0 quelques pas de l&rsquo;h\u00f4tel.. Comment se rendre \u00e0 l&rsquo;h\u00f4tel Des a\u00e9roports parisiens [&hellip;]<\/p>\n","protected":false},"author":2,"featured_media":6194,"parent":0,"menu_order":0,"comment_status":"closed","ping_status":"closed","template":"wp-custom-template-le-template-des-pages-2023","meta":{"footnotes":""},"class_list":["post-6455","page","type-page","status-publish","has-post-thumbnail","hentry"],"_links":{"self":[{"href":"https:\/\/www.hotelleftbank.com\/fr\/wp-json\/wp\/v2\/pages\/6455","targetHints":{"allow":["GET"]}}],"collection":[{"href":"https:\/\/www.hotelleftbank.com\/fr\/wp-json\/wp\/v2\/pages"}],"about":[{"href":"https:\/\/www.hotelleftbank.com\/fr\/wp-json\/wp\/v2\/types\/page"}],"author":[{"embeddable":true,"href":"https:\/\/www.hotelleftbank.com\/fr\/wp-json\/wp\/v2\/users\/2"}],"replies":[{"embeddable":true,"href":"https:\/\/www.hotelleftbank.com\/fr\/wp-json\/wp\/v2\/comments?post=6455"}],"version-history":[{"count":0,"href":"https:\/\/www.hotelleftbank.com\/fr\/wp-json\/wp\/v2\/pages\/6455\/revisions"}],"wp:featuredmedia":[{"embeddable":true,"href":"https:\/\/www.hotelleftbank.com\/fr\/wp-json\/wp\/v2\/media\/6194"}],"wp:attachment":[{"href":"https:\/\/www.hotelleftbank.com\/fr\/wp-json\/wp\/v2\/media?parent=6455"}],"curies":[{"name":"wp","href":"https:\/\/api.w.org\/{rel}","templated":true}]}}