{"id":6457,"date":"2023-05-05T12:43:07","date_gmt":"2023-05-05T10:43:07","guid":{"rendered":"http:\/\/www.laperle.tess5418.odns.fr\/chambres\/"},"modified":"2024-01-22T16:09:56","modified_gmt":"2024-01-22T15:09:56","slug":"chambres","status":"publish","type":"page","link":"https:\/\/www.hotelleftbank.com\/fr\/chambres\/","title":{"rendered":"Chambres"},"content":{"rendered":"\n<p class=\"has-text-align-justify has-custom-rouge-footer-color has-custom-links-beige-background-color has-text-color has-background\" style=\"margin-top:0;margin-right:0;margin-bottom:0;margin-left:0;padding-top:0;padding-right:0;padding-bottom:0;padding-left:0\">\u00c0 l&rsquo;h\u00f4tel Left Bank Saint Germain \u00e0 Paris, les chambres sont une fusion harmonieuse du confort moderne et du chic parisien. Chacune des chambres et suites au design exquis offre une ambiance chaleureuse et accueillante, agr\u00e9ment\u00e9e d&rsquo;un mobilier \u00e9l\u00e9gant. Que vous pr\u00e9f\u00e9riez les vues sur la rue ou la s\u00e9r\u00e9nit\u00e9 d&rsquo;une cour int\u00e9rieure, vous trouverez un lieu de d\u00e9tente pour votre s\u00e9jour. Parfaites pour les voyageurs \u00e0 la recherche d&rsquo;une exp\u00e9rience parisienne authentique, ces chambres constituent un havre de paix au c\u0153ur du quartier Saint-Germain-des-Pr\u00e9s, sur la rive gauche.   <\/p>\n\n<div class=\"wp-block-columns is-layout-flex wp-container-core-columns-is-layout-d0b3c9c8 wp-block-columns-is-layout-flex\">\n<div class=\"wp-block-column is-style-default has-custom-background-background-color has-background is-layout-flow wp-container-core-column-is-layout-faf9ae4d wp-block-column-is-layout-flow\" style=\"padding-bottom:15px\">\n<div class=\"wp-block-cover is-style-tw-border-inner hover-zoom tw-stretched-link tw-ratio-3-2\" style=\"padding-top:0;padding-right:0;padding-bottom:0;padding-left:0\"><span aria-hidden=\"true\" class=\"wp-block-cover__background has-background-dim-20 has-background-dim\"><\/span><img loading=\"lazy\" decoding=\"async\" width=\"595\" height=\"397\" sizes=\"auto, (max-width: 799px) 200vw, (max-width: 595px) 100vw, 595px\" class=\"wp-block-cover__image-background wp-image-17094\" alt=\"\" src=\"https:\/\/www.hotelleftbank.com\/wp-content\/uploads\/2023\/11\/Hotel-Left-bank-saint-germain-Standard-room-presentation-jpg.webp\" data-object-fit=\"cover\" title=\"\" srcset=\"https:\/\/www.hotelleftbank.com\/wp-content\/uploads\/2023\/11\/Hotel-Left-bank-saint-germain-Standard-room-presentation-jpg.webp 595w, https:\/\/www.hotelleftbank.com\/wp-content\/uploads\/2023\/11\/Hotel-Left-bank-saint-germain-Standard-room-presentation-300x200.webp 300w\" \/><div class=\"wp-block-cover__inner-container is-layout-flow wp-block-cover-is-layout-flow\">\n<h2 class=\"wp-block-heading has-text-align-center has-custom-background-color has-text-color has-link-color has-large-font-size wp-elements-fd00310561f0ee3019d1502d2115c59a\"><a href=\"https:\/\/www.hotelleftbank.com\/fr\/chambres\/chambres-standard\/\" data-type=\"page\" data-id=\"129\">Chambres Standard<\/a><\/h2>\n<\/div><\/div>\n\n\n\n<p class=\"has-text-align-justify has-custom-contrast-color has-text-color\" style=\"margin-top:var(--wp--preset--spacing--30);margin-right:0;margin-left:0\">Les chambres standard de l&rsquo;h\u00f4tel Left Bank Saint Germain offrent un s\u00e9jour confortable et pratique au c\u0153ur de Paris. Profitez d&rsquo;un espace confortable et pratique pour votre visite de la ville. <\/p>\n\n\n\n<div class=\"wp-block-columns are-vertically-aligned-bottom is-layout-flex wp-container-core-columns-is-layout-3df1fb3a wp-block-columns-is-layout-flex\" style=\"margin-top:20px;padding-top:0;padding-right:var(--wp--preset--spacing--30);padding-left:var(--wp--preset--spacing--30)\">\n<div class=\"wp-block-column is-vertically-aligned-bottom is-layout-flow wp-block-column-is-layout-flow\" style=\"padding-top:0;padding-right:0;padding-bottom:0;padding-left:0\">\n<div class=\"wp-block-buttons is-layout-flex wp-block-buttons-is-layout-flex\">\n<div class=\"wp-block-button has-custom-width wp-block-button__width-100 is-style-outline is-style-outline--2\" style=\"line-height:0.8\"><a class=\"wp-block-button__link has-primary-background-color has-background wp-element-button\" href=\"https:\/\/www.hotelleftbank.com\/fr\/chambres\/chambres-standard\/\"><strong>D\u00e9couvrir<\/strong><\/a><\/div>\n<\/div>\n<\/div>\n<\/div>\n<\/div>\n\n\n\n<div class=\"wp-block-column is-style-default has-custom-background-background-color has-background is-layout-flow wp-container-core-column-is-layout-8e5008fe wp-block-column-is-layout-flow\" style=\"padding-top:0;padding-right:0;padding-bottom:15px;padding-left:0\">\n<div class=\"wp-block-cover is-style-tw-border-inner hover-zoom tw-stretched-link tw-ratio-3-2\"><span aria-hidden=\"true\" class=\"wp-block-cover__background has-background-dim-20 has-background-dim\"><\/span><img loading=\"lazy\" decoding=\"async\" width=\"595\" height=\"397\" sizes=\"auto, (max-width: 799px) 200vw, (max-width: 595px) 100vw, 595px\" class=\"wp-block-cover__image-background wp-image-17110\" alt=\"\" src=\"https:\/\/www.hotelleftbank.com\/wp-content\/uploads\/2023\/11\/Hotel-Left-bank-saint-germain-Superior-room-presentation-jpg.webp\" data-object-fit=\"cover\" title=\"\" srcset=\"https:\/\/www.hotelleftbank.com\/wp-content\/uploads\/2023\/11\/Hotel-Left-bank-saint-germain-Superior-room-presentation-jpg.webp 595w, https:\/\/www.hotelleftbank.com\/wp-content\/uploads\/2023\/11\/Hotel-Left-bank-saint-germain-Superior-room-presentation-300x200.webp 300w\" \/><div class=\"wp-block-cover__inner-container is-layout-flow wp-block-cover-is-layout-flow\">\n<h2 class=\"wp-block-heading has-text-align-center has-custom-background-color has-text-color has-link-color has-large-font-size wp-elements-e4c2df6865e29c6a402a615c2dfec535\"><a href=\"https:\/\/www.hotelleftbank.com\/fr\/chambres\/chambres-superieures\/\" data-type=\"page\" data-id=\"128\">Chambres Sup\u00e9rieures<\/a><\/h2>\n<\/div><\/div>\n\n\n\n<p class=\"has-text-align-justify has-custom-contrast-color has-text-color\" style=\"margin-top:var(--wp--preset--spacing--30);margin-right:0;margin-left:0\">D\u00e9couvrez le confort et le style des chambres sup\u00e9rieures de l&rsquo;h\u00f4tel Left Bank Saint Germain. Ces chambres bien am\u00e9nag\u00e9es offrent une exp\u00e9rience parisienne confortable avec tous les \u00e9quipements essentiels pour un s\u00e9jour m\u00e9morable. <\/p>\n\n\n\n<div class=\"wp-block-columns are-vertically-aligned-bottom is-layout-flex wp-container-core-columns-is-layout-3df1fb3a wp-block-columns-is-layout-flex\" style=\"margin-top:20px;padding-top:0;padding-right:var(--wp--preset--spacing--30);padding-left:var(--wp--preset--spacing--30)\">\n<div class=\"wp-block-column is-vertically-aligned-bottom is-layout-flow wp-block-column-is-layout-flow\" style=\"padding-top:0;padding-right:0;padding-bottom:0;padding-left:0\">\n<div class=\"wp-block-buttons is-layout-flex wp-block-buttons-is-layout-flex\">\n<div class=\"wp-block-button has-custom-width wp-block-button__width-100 is-style-outline is-style-outline--3\" style=\"line-height:0.8\"><a class=\"wp-block-button__link has-primary-background-color has-background wp-element-button\" href=\"https:\/\/www.hotelleftbank.com\/fr\/chambres\/chambres-superieures\/\"><strong>D\u00e9couvrir<\/strong><\/a><\/div>\n<\/div>\n<\/div>\n<\/div>\n<\/div>\n<\/div>\n\n<div class=\"wp-block-columns is-layout-flex wp-container-core-columns-is-layout-d0b3c9c8 wp-block-columns-is-layout-flex\">\n<div class=\"wp-block-column is-style-default has-custom-background-background-color has-background is-layout-flow wp-container-core-column-is-layout-faf9ae4d wp-block-column-is-layout-flow\" style=\"padding-bottom:15px\">\n<div class=\"wp-block-cover is-style-tw-border-inner hover-zoom tw-stretched-link tw-ratio-3-2\"><span aria-hidden=\"true\" class=\"wp-block-cover__background has-background-dim-20 has-background-dim\"><\/span><img loading=\"lazy\" decoding=\"async\" width=\"595\" height=\"397\" sizes=\"auto, (max-width: 799px) 200vw, (max-width: 595px) 100vw, 595px\" class=\"wp-block-cover__image-background wp-image-17086\" alt=\"\" src=\"https:\/\/www.hotelleftbank.com\/wp-content\/uploads\/2023\/11\/Hotel-Left-bank-saint-germain-Deluxe-room-presentation-jpg.webp\" data-object-fit=\"cover\" title=\"\" srcset=\"https:\/\/www.hotelleftbank.com\/wp-content\/uploads\/2023\/11\/Hotel-Left-bank-saint-germain-Deluxe-room-presentation-jpg.webp 595w, https:\/\/www.hotelleftbank.com\/wp-content\/uploads\/2023\/11\/Hotel-Left-bank-saint-germain-Deluxe-room-presentation-300x200.webp 300w\" \/><div class=\"wp-block-cover__inner-container is-layout-flow wp-block-cover-is-layout-flow\">\n<h2 class=\"wp-block-heading has-text-align-center has-custom-background-color has-text-color has-link-color has-large-font-size wp-elements-4cb4e9f6da9418ac6e6198edad82f52f\"><a href=\"https:\/\/www.hotelleftbank.com\/fr\/chambres\/chambres-deluxe\/\" data-type=\"page\" data-id=\"127\">Chambres Deluxe<\/a><\/h2>\n<\/div><\/div>\n\n\n\n<p class=\"has-text-align-justify has-custom-contrast-color has-text-color\" style=\"margin-top:var(--wp--preset--spacing--30);margin-right:0;margin-left:0\">Les chambres Deluxe de l&rsquo;h\u00f4tel Left Bank Saint Germain offrent une exp\u00e9rience parisienne exquise. Dot\u00e9es de murs peints et de poutres en bois de style ancien, ces chambres offrent un m\u00e9lange de caract\u00e8re et d&rsquo;\u00e9l\u00e9gance. <\/p>\n\n\n\n<div class=\"wp-block-columns are-vertically-aligned-bottom is-layout-flex wp-container-core-columns-is-layout-3df1fb3a wp-block-columns-is-layout-flex\" style=\"margin-top:20px;padding-top:0;padding-right:var(--wp--preset--spacing--30);padding-left:var(--wp--preset--spacing--30)\">\n<div class=\"wp-block-column is-vertically-aligned-bottom is-layout-flow wp-block-column-is-layout-flow\" style=\"padding-top:0;padding-right:0;padding-bottom:0;padding-left:0\">\n<div class=\"wp-block-buttons is-layout-flex wp-block-buttons-is-layout-flex\">\n<div class=\"wp-block-button has-custom-width wp-block-button__width-100 is-style-outline is-style-outline--4\" style=\"line-height:0.8\"><a class=\"wp-block-button__link has-primary-background-color has-background wp-element-button\" href=\"https:\/\/www.hotelleftbank.com\/fr\/chambres\/chambres-deluxe\/\"><strong>D\u00e9couvrir<\/strong><\/a><\/div>\n<\/div>\n<\/div>\n<\/div>\n<\/div>\n\n\n\n<div class=\"wp-block-column is-style-default has-custom-background-background-color has-background is-layout-flow wp-container-core-column-is-layout-8e5008fe wp-block-column-is-layout-flow\" style=\"padding-top:0;padding-right:0;padding-bottom:15px;padding-left:0\">\n<div class=\"wp-block-cover is-style-tw-border-inner hover-zoom tw-stretched-link tw-ratio-3-2\"><span aria-hidden=\"true\" class=\"wp-block-cover__background has-background-dim-20 has-background-dim\"><\/span><img loading=\"lazy\" decoding=\"async\" width=\"595\" height=\"397\" sizes=\"auto, (max-width: 799px) 200vw, (max-width: 595px) 100vw, 595px\" class=\"wp-block-cover__image-background wp-image-17102\" alt=\"\" src=\"https:\/\/www.hotelleftbank.com\/wp-content\/uploads\/2023\/11\/Hotel-Left-bank-saint-germain-Suite-presentation-jpg.webp\" data-object-fit=\"cover\" title=\"\" srcset=\"https:\/\/www.hotelleftbank.com\/wp-content\/uploads\/2023\/11\/Hotel-Left-bank-saint-germain-Suite-presentation-jpg.webp 595w, https:\/\/www.hotelleftbank.com\/wp-content\/uploads\/2023\/11\/Hotel-Left-bank-saint-germain-Suite-presentation-300x200.webp 300w\" \/><div class=\"wp-block-cover__inner-container is-layout-flow wp-block-cover-is-layout-flow\">\n<h2 class=\"wp-block-heading has-text-align-center has-custom-background-color has-text-color has-link-color has-large-font-size wp-elements-291be56f2bb0f745c47979b4b41b084e\"><a href=\"https:\/\/www.hotelleftbank.com\/fr\/chambres\/la-suite\/\" data-type=\"page\" data-id=\"126\">La suite<\/a><\/h2>\n<\/div><\/div>\n\n\n\n<p class=\"has-text-align-justify has-custom-contrast-color has-text-color\" style=\"margin-top:var(--wp--preset--spacing--30);margin-right:0;margin-left:0\">Faites l&rsquo;exp\u00e9rience du luxe ultime \u00e0 l&rsquo;H\u00f4tel Left Bank Saint Germain dans notre suite exceptionnelle. Avec son d\u00e9cor \u00e9l\u00e9gant, dont de somptueuses poutres en bois, elle offre une escapade parisienne inoubliable et magique. <\/p>\n\n\n\n<div class=\"wp-block-columns are-vertically-aligned-bottom is-layout-flex wp-container-core-columns-is-layout-3df1fb3a wp-block-columns-is-layout-flex\" style=\"margin-top:20px;padding-top:0;padding-right:var(--wp--preset--spacing--30);padding-left:var(--wp--preset--spacing--30)\">\n<div class=\"wp-block-column is-vertically-aligned-bottom is-layout-flow wp-block-column-is-layout-flow\" style=\"padding-top:0;padding-right:0;padding-bottom:0;padding-left:0\">\n<div class=\"wp-block-buttons is-layout-flex wp-block-buttons-is-layout-flex\">\n<div class=\"wp-block-button has-custom-width wp-block-button__width-100 is-style-outline is-style-outline--5\" style=\"line-height:0.8\"><a class=\"wp-block-button__link has-primary-background-color has-background wp-element-button\" href=\"https:\/\/www.hotelleftbank.com\/fr\/chambres\/la-suite\/\"><strong>D\u00e9couvrir<\/strong><\/a><\/div>\n<\/div>\n<\/div>\n<\/div>\n<\/div>\n<\/div>\n","protected":false},"excerpt":{"rendered":"<p>\u00c0 l&rsquo;h\u00f4tel Left Bank Saint Germain \u00e0 Paris, les chambres sont une fusion harmonieuse du confort moderne et du chic parisien. Chacune des chambres et suites au design exquis offre une ambiance chaleureuse et accueillante, agr\u00e9ment\u00e9e d&rsquo;un mobilier \u00e9l\u00e9gant. Que vous pr\u00e9f\u00e9riez les vues sur la rue ou la s\u00e9r\u00e9nit\u00e9 d&rsquo;une cour int\u00e9rieure, vous trouverez [&hellip;]<\/p>\n","protected":false},"author":1,"featured_media":17189,"parent":0,"menu_order":0,"comment_status":"closed","ping_status":"closed","template":"wp-custom-template-le-template-des-pages-2023","meta":{"footnotes":""},"class_list":["post-6457","page","type-page","status-publish","has-post-thumbnail","hentry"],"_links":{"self":[{"href":"https:\/\/www.hotelleftbank.com\/fr\/wp-json\/wp\/v2\/pages\/6457","targetHints":{"allow":["GET"]}}],"collection":[{"href":"https:\/\/www.hotelleftbank.com\/fr\/wp-json\/wp\/v2\/pages"}],"about":[{"href":"https:\/\/www.hotelleftbank.com\/fr\/wp-json\/wp\/v2\/types\/page"}],"author":[{"embeddable":true,"href":"https:\/\/www.hotelleftbank.com\/fr\/wp-json\/wp\/v2\/users\/1"}],"replies":[{"embeddable":true,"href":"https:\/\/www.hotelleftbank.com\/fr\/wp-json\/wp\/v2\/comments?post=6457"}],"version-history":[{"count":0,"href":"https:\/\/www.hotelleftbank.com\/fr\/wp-json\/wp\/v2\/pages\/6457\/revisions"}],"wp:featuredmedia":[{"embeddable":true,"href":"https:\/\/www.hotelleftbank.com\/fr\/wp-json\/wp\/v2\/media\/17189"}],"wp:attachment":[{"href":"https:\/\/www.hotelleftbank.com\/fr\/wp-json\/wp\/v2\/media?parent=6457"}],"curies":[{"name":"wp","href":"https:\/\/api.w.org\/{rel}","templated":true}]}}