{"id":6481,"date":"2023-05-21T09:40:07","date_gmt":"2023-05-21T07:40:07","guid":{"rendered":"http:\/\/www.laperle.tess5418.odns.fr\/restaurants\/"},"modified":"2023-10-10T11:44:43","modified_gmt":"2023-10-10T09:44:43","slug":"restaurants","status":"publish","type":"page","link":"https:\/\/www.hotelleftbank.com\/fr\/visite-de-paris\/restaurants\/","title":{"rendered":"Restaurants"},"content":{"rendered":"\n<p class=\"has-text-align-justify\">Embarquez pour un voyage culinaire \u00e0 Paris, o\u00f9 un monde de d\u00e9lices gastronomiques vous attend. Des restaurants \u00e9toil\u00e9s au Michelin aux charmants bistrots et caf\u00e9s branch\u00e9s, la ville offre une sc\u00e8ne gastronomique diversifi\u00e9e. Laissez-vous tenter par l&rsquo;exquise cuisine fran\u00e7aise, savourez de d\u00e9lectables p\u00e2tisseries et explorez les saveurs internationales. Les restaurants parisiens promettent une exp\u00e9rience \u00e9picurienne inoubliable. <\/p>\n\n<div class=\"wp-block-query is-layout-flow wp-block-query-is-layout-flow\"><ul class=\"columns-3 wp-block-post-template is-layout-grid wp-container-core-post-template-is-layout-6d3fbd8f wp-block-post-template-is-layout-grid\"><li class=\"wp-block-post post-8642 post type-post status-publish format-standard has-post-thumbnail hentry category-restaurants-fr\">\n<figure class=\"bordure-doree image-zoom wp-block-post-featured-image\"><a href=\"https:\/\/www.hotelleftbank.com\/fr\/restaurants-fr\/la-mediterranee\/\" target=\"_self\"  ><img loading=\"lazy\" decoding=\"async\" width=\"344\" height=\"173\" src=\"https:\/\/www.hotelleftbank.com\/wp-content\/uploads\/2023\/10\/Hotel-in-Paris-Restaurant-La-Mediterranee-jpg.webp\" class=\"attachment-post-thumbnail size-post-thumbnail wp-post-image\" alt=\"La M\u00e9diterran\u00e9e\" style=\"object-fit:cover;\" title=\"\"><span class=\"wp-block-post-featured-image__overlay has-background-dim has-background-dim-10\" style=\"\" aria-hidden=\"true\"><\/span><\/a><\/figure>\n\n<h2 class=\"has-text-align-center has-link-color wp-elements-ec4dad56195e23fcce3ffc0f4f79024b wp-block-post-title has-medium-font-size\"><a href=\"https:\/\/www.hotelleftbank.com\/fr\/restaurants-fr\/la-mediterranee\/\" target=\"_self\" >La M\u00e9diterran\u00e9e<\/a><\/h2>\n<\/li><li class=\"wp-block-post post-8656 post type-post status-publish format-standard has-post-thumbnail hentry category-restaurants-fr\">\n<figure class=\"bordure-doree image-zoom wp-block-post-featured-image\"><a href=\"https:\/\/www.hotelleftbank.com\/fr\/restaurants-fr\/vagenende\/\" target=\"_self\"  ><img loading=\"lazy\" decoding=\"async\" width=\"344\" height=\"173\" src=\"https:\/\/www.hotelleftbank.com\/wp-content\/uploads\/2023\/10\/Hotel-in-Paris-Restaurant-Vagenende-jpg.webp\" class=\"attachment-post-thumbnail size-post-thumbnail wp-post-image\" alt=\"Vagenende\" style=\"object-fit:cover;\" title=\"\"><span class=\"wp-block-post-featured-image__overlay has-background-dim has-background-dim-10\" style=\"\" aria-hidden=\"true\"><\/span><\/a><\/figure>\n\n<h2 class=\"has-text-align-center has-link-color wp-elements-ec4dad56195e23fcce3ffc0f4f79024b wp-block-post-title has-medium-font-size\"><a href=\"https:\/\/www.hotelleftbank.com\/fr\/restaurants-fr\/vagenende\/\" target=\"_self\" >Vagenende<\/a><\/h2>\n<\/li><li class=\"wp-block-post post-8675 post type-post status-publish format-standard has-post-thumbnail hentry category-restaurants-fr\">\n<figure class=\"bordure-doree image-zoom wp-block-post-featured-image\"><a href=\"https:\/\/www.hotelleftbank.com\/fr\/restaurants-fr\/le-bistrot-d-henri\/\" target=\"_self\"  ><img loading=\"lazy\" decoding=\"async\" width=\"344\" height=\"173\" src=\"https:\/\/www.hotelleftbank.com\/wp-content\/uploads\/2023\/10\/Hotel-in-Paris-Restaurant-Bistrot-d-Henri-jpg.webp\" class=\"attachment-post-thumbnail size-post-thumbnail wp-post-image\" alt=\"Le Bistrot d&rsquo;Henri\" style=\"object-fit:cover;\" title=\"\"><span class=\"wp-block-post-featured-image__overlay has-background-dim has-background-dim-10\" style=\"\" aria-hidden=\"true\"><\/span><\/a><\/figure>\n\n<h2 class=\"has-text-align-center has-link-color wp-elements-ec4dad56195e23fcce3ffc0f4f79024b wp-block-post-title has-medium-font-size\"><a href=\"https:\/\/www.hotelleftbank.com\/fr\/restaurants-fr\/le-bistrot-d-henri\/\" target=\"_self\" >Le Bistrot d&rsquo;Henri<\/a><\/h2>\n<\/li><li class=\"wp-block-post post-8713 post type-post status-publish format-standard has-post-thumbnail hentry category-restaurants-fr\">\n<figure class=\"bordure-doree image-zoom wp-block-post-featured-image\"><a href=\"https:\/\/www.hotelleftbank.com\/fr\/restaurants-fr\/chez-fernand\/\" target=\"_self\"  ><img loading=\"lazy\" decoding=\"async\" width=\"344\" height=\"173\" src=\"https:\/\/www.hotelleftbank.com\/wp-content\/uploads\/2023\/10\/Hotel-in-Paris-Restaurant-Chez-Fernand-jpg.webp\" class=\"attachment-post-thumbnail size-post-thumbnail wp-post-image\" alt=\"Chez Fernand\" style=\"object-fit:cover;\" title=\"\"><span class=\"wp-block-post-featured-image__overlay has-background-dim has-background-dim-10\" style=\"\" aria-hidden=\"true\"><\/span><\/a><\/figure>\n\n<h2 class=\"has-text-align-center has-link-color wp-elements-ec4dad56195e23fcce3ffc0f4f79024b wp-block-post-title has-medium-font-size\"><a href=\"https:\/\/www.hotelleftbank.com\/fr\/restaurants-fr\/chez-fernand\/\" target=\"_self\" >Chez Fernand<\/a><\/h2>\n<\/li><li class=\"wp-block-post post-8728 post type-post status-publish format-standard has-post-thumbnail hentry category-restaurants-fr\">\n<figure class=\"bordure-doree image-zoom wp-block-post-featured-image\"><a href=\"https:\/\/www.hotelleftbank.com\/fr\/restaurants-fr\/atelier-rouliere\/\" target=\"_self\"  ><img loading=\"lazy\" decoding=\"async\" width=\"344\" height=\"173\" src=\"https:\/\/www.hotelleftbank.com\/wp-content\/uploads\/2023\/10\/Hotel-in-Paris-Restaurant-Atelier-Rouliere-jpg.webp\" class=\"attachment-post-thumbnail size-post-thumbnail wp-post-image\" alt=\"Atelier Rouli\u00e8re\" style=\"object-fit:cover;\" title=\"\"><span class=\"wp-block-post-featured-image__overlay has-background-dim has-background-dim-10\" style=\"\" aria-hidden=\"true\"><\/span><\/a><\/figure>\n\n<h2 class=\"has-text-align-center has-link-color wp-elements-ec4dad56195e23fcce3ffc0f4f79024b wp-block-post-title has-medium-font-size\"><a href=\"https:\/\/www.hotelleftbank.com\/fr\/restaurants-fr\/atelier-rouliere\/\" target=\"_self\" >Atelier Rouli\u00e8re<\/a><\/h2>\n<\/li><\/ul>\n\n<\/div>\n","protected":false},"excerpt":{"rendered":"<p>Embarquez pour un voyage culinaire \u00e0 Paris, o\u00f9 un monde de d\u00e9lices gastronomiques vous attend. Des restaurants \u00e9toil\u00e9s au Michelin aux charmants bistrots et caf\u00e9s branch\u00e9s, la ville offre une sc\u00e8ne gastronomique diversifi\u00e9e. Laissez-vous tenter par l&rsquo;exquise cuisine fran\u00e7aise, savourez de d\u00e9lectables p\u00e2tisseries et explorez les saveurs internationales. Les restaurants parisiens promettent une exp\u00e9rience \u00e9picurienne [&hellip;]<\/p>\n","protected":false},"author":2,"featured_media":6174,"parent":6483,"menu_order":0,"comment_status":"closed","ping_status":"closed","template":"wp-custom-template-le-template-des-pages-2023","meta":{"footnotes":""},"class_list":["post-6481","page","type-page","status-publish","has-post-thumbnail","hentry"],"_links":{"self":[{"href":"https:\/\/www.hotelleftbank.com\/fr\/wp-json\/wp\/v2\/pages\/6481","targetHints":{"allow":["GET"]}}],"collection":[{"href":"https:\/\/www.hotelleftbank.com\/fr\/wp-json\/wp\/v2\/pages"}],"about":[{"href":"https:\/\/www.hotelleftbank.com\/fr\/wp-json\/wp\/v2\/types\/page"}],"author":[{"embeddable":true,"href":"https:\/\/www.hotelleftbank.com\/fr\/wp-json\/wp\/v2\/users\/2"}],"replies":[{"embeddable":true,"href":"https:\/\/www.hotelleftbank.com\/fr\/wp-json\/wp\/v2\/comments?post=6481"}],"version-history":[{"count":0,"href":"https:\/\/www.hotelleftbank.com\/fr\/wp-json\/wp\/v2\/pages\/6481\/revisions"}],"up":[{"embeddable":true,"href":"https:\/\/www.hotelleftbank.com\/fr\/wp-json\/wp\/v2\/pages\/6483"}],"wp:featuredmedia":[{"embeddable":true,"href":"https:\/\/www.hotelleftbank.com\/fr\/wp-json\/wp\/v2\/media\/6174"}],"wp:attachment":[{"href":"https:\/\/www.hotelleftbank.com\/fr\/wp-json\/wp\/v2\/media?parent=6481"}],"curies":[{"name":"wp","href":"https:\/\/api.w.org\/{rel}","templated":true}]}}