{"id":6707,"date":"2023-05-05T12:46:44","date_gmt":"2023-05-05T10:46:44","guid":{"rendered":"http:\/\/www.laperle.tess5418.odns.fr\/servizi\/"},"modified":"2023-12-13T17:49:59","modified_gmt":"2023-12-13T16:49:59","slug":"servizi","status":"publish","type":"page","link":"https:\/\/www.hotelleftbank.com\/it\/servizi\/","title":{"rendered":"Servizi"},"content":{"rendered":"\n<div class=\"wp-block-columns leconteneur has-custom-contrast-color has-custom-links-beige-background-color has-text-color has-background is-layout-flex wp-container-core-columns-is-layout-a807a079 wp-block-columns-is-layout-flex\" style=\"border-style:none;border-width:0px;border-radius:0px;margin-top:0;margin-bottom:0;padding-top:0;padding-right:0;padding-bottom:0;padding-left:0\">\n<div class=\"wp-block-column agl agl-fadeCSSRight is-layout-flow wp-container-core-column-is-layout-69fcd244 wp-block-column-is-layout-flow\" style=\"--col-width:42%;padding-top:0;padding-right:0;padding-bottom:0;padding-left:0;flex-basis:42%\">\n<div class=\"wp-block-cover is-light is-style-default\" style=\"padding-top:0;padding-right:0;padding-bottom:0;padding-left:0;min-height:100%;aspect-ratio:unset;\"><span aria-hidden=\"true\" class=\"wp-block-cover__background has-custom-background-background-color has-background-dim-80 has-background-dim\"><\/span><img loading=\"lazy\" decoding=\"async\" width=\"515\" height=\"650\" sizes=\"auto, (max-width: 799px) 200vw, (max-width: 515px) 100vw, 515px\" class=\"wp-block-cover__image-background wp-image-17354\" alt=\"\" src=\"https:\/\/www.hotelleftbank.com\/wp-content\/uploads\/2023\/11\/Hotel-Left-Bank-saint-germain-Reception-detail-jpg.webp\" data-object-fit=\"cover\" title=\"\" srcset=\"https:\/\/www.hotelleftbank.com\/wp-content\/uploads\/2023\/11\/Hotel-Left-Bank-saint-germain-Reception-detail-jpg.webp 515w, https:\/\/www.hotelleftbank.com\/wp-content\/uploads\/2023\/11\/Hotel-Left-Bank-saint-germain-Reception-detail-238x300.webp 238w\" \/><div class=\"wp-block-cover__inner-container is-layout-flow wp-block-cover-is-layout-flow\">\n<h1 class=\"wp-block-heading espace-petit-bas has-custom-rouge-footer-color has-text-color\" style=\"margin-top:var(--wp--preset--spacing--30);margin-right:0;margin-bottom:0;margin-left:var(--wp--preset--spacing--30);padding-top:0px;padding-right:0px;padding-bottom:0px;padding-left:0px;font-style:normal;font-weight:600\">Ricezione<\/h1>\n\n\n\n<h1 class=\"wp-block-heading has-custom-rouge-footer-color has-text-color\" style=\"margin-top:0;margin-left:var(--wp--preset--spacing--30)\">Siate nostri ospiti<\/h1>\n\n\n\n<p style=\"margin-right:var(--wp--preset--spacing--30);margin-left:var(--wp--preset--spacing--30)\">La reception dell&#8217;Hotel Left Bank Saint Germain di Parigi \u00e8 dedicata a garantire a tutti gli ospiti un soggiorno indimenticabile e senza interruzioni. Il nostro personale multilingue \u00e8 sempre pronto a offrire preziosi consigli sulle attrazioni locali, sui ristoranti e sulle esperienze culturali, per assicurarvi di trarre il massimo dalla vostra avventura parigina. <\/p>\n\n\n\n<p style=\"margin-right:var(--wp--preset--spacing--30);margin-bottom:var(--wp--preset--spacing--30);margin-left:var(--wp--preset--spacing--30)\">Forniamo una serie di servizi, tra cui assistenza concierge, trasferimenti aeroportuali e deposito bagagli, tutti finalizzati a rendere il vostro soggiorno comodo e piacevole. Il nostro team di accoglienza \u00e8 al vostro servizio e si impegna a superare le vostre aspettative durante il vostro soggiorno nel cuore di Saint-Germain-des-Pr\u00e9s. <\/p>\n<\/div><\/div>\n\n\n\n<div style=\"height:15px\" aria-hidden=\"true\" class=\"wp-block-spacer\"><\/div>\n<\/div>\n\n\n\n<div class=\"wp-block-column agl agl-fadeCSSLeft is-layout-flow wp-container-core-column-is-layout-081827d2 wp-block-column-is-layout-flow\" style=\"--col-width:58%;padding-top:0;padding-right:0;padding-bottom:0;padding-left:0;flex-basis:58%\">\n<div class=\"wp-block-cover is-style-tw-border-inner hauteur-minimale\" style=\"min-height:100%;aspect-ratio:unset;\"><span aria-hidden=\"true\" class=\"wp-block-cover__background has-background-dim-0 has-background-dim\"><\/span><img loading=\"lazy\" decoding=\"async\" width=\"711\" height=\"650\" sizes=\"auto, (max-width: 799px) 200vw, (max-width: 711px) 100vw, 711px\" class=\"wp-block-cover__image-background wp-image-17362\" alt=\"\" src=\"https:\/\/www.hotelleftbank.com\/wp-content\/uploads\/2023\/11\/Hotel-Left-Bank-saint-germain-Reception-office.jpg\" data-object-fit=\"cover\" title=\"\" srcset=\"https:\/\/www.hotelleftbank.com\/wp-content\/uploads\/2023\/11\/Hotel-Left-Bank-saint-germain-Reception-office.jpg 711w, https:\/\/www.hotelleftbank.com\/wp-content\/uploads\/2023\/11\/Hotel-Left-Bank-saint-germain-Reception-office-300x274.webp 300w\" \/><div class=\"wp-block-cover__inner-container is-layout-flow wp-block-cover-is-layout-flow\">\n<p class=\"has-text-align-center has-large-font-size\"><\/p>\n\n\n\n<div style=\"height:250px\" aria-hidden=\"true\" class=\"wp-block-spacer\"><\/div>\n<\/div><\/div>\n<\/div>\n<\/div>\n\n<hr class=\"wp-block-separator has-text-color has-custom-primary-color has-alpha-channel-opacity has-custom-primary-background-color has-background is-style-wide\" style=\"width: 200px; max-width: 100%;margin-top:var(--wp--preset--spacing--40);margin-bottom:0\"\/>\n\n\n\n<hr class=\"wp-block-separator aligncenter has-text-color has-custom-primary-color has-alpha-channel-opacity has-custom-primary-background-color has-background\" style=\"width: 300px; max-width: 100%;margin-top:5px\"\/>\n\n\n\n<hr class=\"wp-block-separator aligncenter has-text-color has-custom-primary-color has-alpha-channel-opacity has-custom-primary-background-color has-background\" style=\"width: 200px; max-width: 100%;margin-top:5px;margin-bottom:var(--wp--preset--spacing--30)\"\/>\n\n<div class=\"wp-block-columns leconteneur has-custom-contrast-color has-custom-links-beige-background-color has-text-color has-background is-layout-flex wp-container-core-columns-is-layout-1aa88071 wp-block-columns-is-layout-flex\" style=\"border-style:none;border-width:0px;margin-top:0;padding-top:0;padding-right:0;padding-bottom:0;padding-left:0\">\n<div class=\"wp-block-column agl agl-fadeCSSUp is-layout-flow wp-container-core-column-is-layout-081827d2 wp-block-column-is-layout-flow\" style=\"--col-width:45%;padding-top:0;padding-right:0;padding-bottom:0;padding-left:0;flex-basis:45%\">\n<div class=\"wp-block-cover is-style-tw-border-inner\" style=\"min-height:100%;aspect-ratio:unset;\"><span aria-hidden=\"true\" class=\"wp-block-cover__background has-background-dim-0 has-background-dim\"><\/span><img loading=\"lazy\" decoding=\"async\" width=\"552\" height=\"725\" sizes=\"auto, (max-width: 799px) 200vw, (max-width: 552px) 100vw, 552px\" class=\"wp-block-cover__image-background wp-image-17378\" alt=\"\" src=\"https:\/\/www.hotelleftbank.com\/wp-content\/uploads\/2023\/11\/Hotel-Left-Bank-saint-germain-Breakfast-room-jpg.webp\" data-object-fit=\"cover\" title=\"\" srcset=\"https:\/\/www.hotelleftbank.com\/wp-content\/uploads\/2023\/11\/Hotel-Left-Bank-saint-germain-Breakfast-room-jpg.webp 552w, https:\/\/www.hotelleftbank.com\/wp-content\/uploads\/2023\/11\/Hotel-Left-Bank-saint-germain-Breakfast-room-228x300.webp 228w\" \/><div class=\"wp-block-cover__inner-container is-layout-flow wp-block-cover-is-layout-flow\">\n<p class=\"has-text-align-center has-large-font-size\"><\/p>\n\n\n\n<div style=\"height:250px\" aria-hidden=\"true\" class=\"wp-block-spacer\"><\/div>\n<\/div><\/div>\n<\/div>\n\n\n\n<div class=\"wp-block-column agl agl-fadeCSSLeft is-layout-flow wp-container-core-column-is-layout-69fcd244 wp-block-column-is-layout-flow\" style=\"--col-width:55%;padding-top:0;padding-right:0;padding-bottom:0;padding-left:0;flex-basis:55%\">\n<div class=\"wp-block-cover is-light is-style-default\" style=\"padding-top:0;padding-right:0;padding-bottom:0;padding-left:0\"><span aria-hidden=\"true\" class=\"wp-block-cover__background has-custom-background-background-color has-background-dim-80 has-background-dim\"><\/span><img loading=\"lazy\" decoding=\"async\" width=\"674\" height=\"725\" sizes=\"auto, (max-width: 799px) 200vw, (max-width: 674px) 100vw, 674px\" class=\"wp-block-cover__image-background wp-image-17370\" alt=\"\" src=\"https:\/\/www.hotelleftbank.com\/wp-content\/uploads\/2023\/11\/Hotel-Left-Bank-saint-germain-Breakfast-detail.jpg\" data-object-fit=\"cover\" title=\"\" srcset=\"https:\/\/www.hotelleftbank.com\/wp-content\/uploads\/2023\/11\/Hotel-Left-Bank-saint-germain-Breakfast-detail.jpg 674w, https:\/\/www.hotelleftbank.com\/wp-content\/uploads\/2023\/11\/Hotel-Left-Bank-saint-germain-Breakfast-detail-279x300.webp 279w\" \/><div class=\"wp-block-cover__inner-container is-layout-flow wp-block-cover-is-layout-flow\">\n<h1 class=\"wp-block-heading has-text-align-right espace-petit-bas has-custom-rouge-footer-color has-text-color\" style=\"margin-top:var(--wp--preset--spacing--30);margin-right:var(--wp--preset--spacing--30);margin-bottom:0;margin-left:var(--wp--preset--spacing--30);padding-top:0px;padding-right:0px;padding-bottom:0px;padding-left:0px;font-style:normal;font-weight:600\">La prima colazione<\/h1>\n\n\n\n<p style=\"padding-right:var(--wp--preset--spacing--30);padding-left:var(--wp--preset--spacing--30)\">All&#8217;hotel Left Bank Saint Germain di Parigi, la colazione \u00e8 deliziosa e viene servita a buffet tra le 7 e le 11 del mattino. Potrete gustare caff\u00e8, caf\u00e9 au lait, cioccolata calda o t\u00e8 senza limiti. <br\/>Assaporate la freschezza di una spremuta d&#8217;arancia, un assortimento di dolci e vari tipi di pane preparati e cotti in loco. Uova strapazzate, salsicce, macedonia di frutta fresca, composta, ricotta, pancake, un assortimento di cereali, formaggi, salumi e una variet\u00e0 di yogurt&#8230;. <br\/>Se preferite fare colazione nel comfort della vostra camera, vi offriamo un&#8217;opzione in stile continentale, con caff\u00e8, t\u00e8 o cioccolata calda, accompagnati da deliziosi panini e pasticcini con marmellata e miele e, naturalmente, succo d&#8217;arancia appena spremuto.<\/p>\n\n\n\n<p style=\"padding-right:var(--wp--preset--spacing--30);padding-left:var(--wp--preset--spacing--30)\">Prodotti senza glutine e latte di soia su richiesta.<\/p>\n\n\n\n<p style=\"padding-right:var(--wp--preset--spacing--30);padding-left:var(--wp--preset--spacing--30)\">La colazione costa solo 12 euro a persona. Non perdete l&#8217;esclusiva offerta di 5 \u20ac per la colazione, disponibile per gli ospiti che prenotano direttamente sul nostro sito web. \u00c8 sufficiente selezionare il supplemento di 5 \u20ac per la colazione al momento della prenotazione della camera per beneficiare di questa fantastica promozione.  <\/p>\n\n\n\n<p class=\"has-custom-contrast-color has-text-color\" style=\"margin-right:var(--wp--preset--spacing--30);margin-left:var(--wp--preset--spacing--30)\">Prezzo a persona: 12 \u20ac<\/p>\n\n\n\n<hr style=\"width: 40%; max-width: 100%;\" class=\"wp-block-separator aligncenter has-alpha-channel-opacity\"\/>\n\n\n\n<p class=\"has-text-align-justify has-custom-contrast-color has-text-color\" style=\"margin-right:var(--wp--preset--spacing--30);margin-left:var(--wp--preset--spacing--30)\"><strong>Offerta speciale di 5\u20ac per la colazione!<\/strong><\/p>\n\n\n\n<p class=\"has-text-align-justify has-custom-contrast-color has-text-color\" style=\"margin-right:var(--wp--preset--spacing--30);margin-left:var(--wp--preset--spacing--30)\">Offriamo la colazione a 5\u20ac, invece di 12\u20ac, ai nostri ospiti che hanno prenotato direttamente tramite il nostro sito web.<\/p>\n\n\n\n<p class=\"has-text-align-justify has-custom-contrast-color has-text-color\" style=\"margin-right:var(--wp--preset--spacing--30);margin-bottom:var(--wp--preset--spacing--30);margin-left:var(--wp--preset--spacing--30)\">Per usufruire della promozione, prenotate la vostra camera e selezionate l&#8217;opzione colazione a 5\u20ac.<\/p>\n<\/div><\/div>\n<\/div>\n<\/div>\n\n<hr class=\"wp-block-separator has-text-color has-custom-primary-color has-alpha-channel-opacity has-custom-primary-background-color has-background is-style-wide\" style=\"width: 200px; max-width: 100%;margin-top:var(--wp--preset--spacing--40);margin-bottom:0\"\/>\n\n\n\n<hr class=\"wp-block-separator aligncenter has-text-color has-custom-primary-color has-alpha-channel-opacity has-custom-primary-background-color has-background\" style=\"width: 300px; max-width: 100%;margin-top:5px\"\/>\n\n\n\n<hr class=\"wp-block-separator aligncenter has-text-color has-custom-primary-color has-alpha-channel-opacity has-custom-primary-background-color has-background\" style=\"width: 200px; max-width: 100%;margin-top:5px;margin-bottom:var(--wp--preset--spacing--30)\"\/>\n\n<div class=\"wp-block-columns leconteneur agl agl-fadeCSSundefined has-custom-contrast-color has-custom-links-beige-background-color has-text-color has-background is-layout-flex wp-container-core-columns-is-layout-a807a079 wp-block-columns-is-layout-flex\" style=\"border-style:none;border-width:0px;border-radius:0px;margin-top:0;margin-bottom:0;padding-top:0;padding-right:0;padding-bottom:0;padding-left:0\">\n<div class=\"wp-block-column agl agl-fadeCSSRight is-layout-flow wp-container-core-column-is-layout-69fcd244 wp-block-column-is-layout-flow\" style=\"--col-width:35%;padding-top:0;padding-right:0;padding-bottom:0;padding-left:0;flex-basis:35%\">\n<div class=\"wp-block-cover is-light is-style-default\" style=\"padding-top:0;padding-right:0;padding-bottom:0;padding-left:0;min-height:100%;aspect-ratio:unset;\"><span aria-hidden=\"true\" class=\"wp-block-cover__background has-custom-background-background-color has-background-dim-80 has-background-dim\"><\/span><img loading=\"lazy\" decoding=\"async\" width=\"429\" height=\"597\" sizes=\"auto, (max-width: 799px) 200vw, (max-width: 429px) 100vw, 429px\" class=\"wp-block-cover__image-background wp-image-17338\" alt=\"\" src=\"https:\/\/www.hotelleftbank.com\/wp-content\/uploads\/2023\/11\/Hotel-Left-Bank-saint-germain-Lounge-detail.jpg\" data-object-fit=\"cover\" title=\"\" srcset=\"https:\/\/www.hotelleftbank.com\/wp-content\/uploads\/2023\/11\/Hotel-Left-Bank-saint-germain-Lounge-detail.jpg 429w, https:\/\/www.hotelleftbank.com\/wp-content\/uploads\/2023\/11\/Hotel-Left-Bank-saint-germain-Lounge-detail-216x300.webp 216w\" \/><div class=\"wp-block-cover__inner-container is-layout-flow wp-block-cover-is-layout-flow\">\n<h1 class=\"wp-block-heading espace-petit-bas has-custom-rouge-footer-color has-text-color\" style=\"margin-top:var(--wp--preset--spacing--30);margin-right:0;margin-bottom:0;margin-left:var(--wp--preset--spacing--30);padding-top:0px;padding-right:0px;padding-bottom:0px;padding-left:0px;font-style:normal;font-weight:600\">Il salone<\/h1>\n\n\n\n<p class=\"has-text-align-justify has-custom-contrast-color has-text-color has-medium-font-size\" style=\"margin-right:var(--wp--preset--spacing--30);margin-bottom:var(--wp--preset--spacing--30);margin-left:var(--wp--preset--spacing--30)\">L&#8217;area lounge dell&#8217;Hotel Left Bank Saint Germain di Parigi \u00e8 uno spazio elegante e confortevole che invita al relax e alla socializzazione. Con arredi eleganti e un&#8217;atmosfera invitante, \u00e8 il luogo ideale per rilassarsi con un libro, sorseggiare un caff\u00e8 o incontrare altri viaggiatori. Che siate alla ricerca di solitudine o di un&#8217;atmosfera amichevole, l&#8217;area lounge offre una fuga serena nel cuore di Parigi.  <\/p>\n<\/div><\/div>\n\n\n\n<div style=\"height:15px\" aria-hidden=\"true\" class=\"wp-block-spacer\"><\/div>\n<\/div>\n\n\n\n<div class=\"wp-block-column agl agl-fadeCSSLeft is-layout-flow wp-container-core-column-is-layout-081827d2 wp-block-column-is-layout-flow\" style=\"--col-width:65%;padding-top:0;padding-right:0;padding-bottom:0;padding-left:0;flex-basis:65%\">\n<div class=\"wp-block-cover is-style-tw-border-inner\" style=\"min-height:100%;aspect-ratio:unset;\"><span aria-hidden=\"true\" class=\"wp-block-cover__background has-background-dim-0 has-background-dim\"><\/span><img loading=\"lazy\" decoding=\"async\" width=\"796\" height=\"597\" sizes=\"auto, (max-width: 799px) 200vw, (max-width: 796px) 100vw, 796px\" class=\"wp-block-cover__image-background wp-image-17346\" alt=\"\" src=\"https:\/\/www.hotelleftbank.com\/wp-content\/uploads\/2023\/11\/Hotel-Left-Bank-saint-germain-Lounge-jpg.webp\" data-object-fit=\"cover\" title=\"\" srcset=\"https:\/\/www.hotelleftbank.com\/wp-content\/uploads\/2023\/11\/Hotel-Left-Bank-saint-germain-Lounge-jpg.webp 796w, https:\/\/www.hotelleftbank.com\/wp-content\/uploads\/2023\/11\/Hotel-Left-Bank-saint-germain-Lounge-300x225.webp 300w, https:\/\/www.hotelleftbank.com\/wp-content\/uploads\/2023\/11\/Hotel-Left-Bank-saint-germain-Lounge-768x576.webp 768w\" \/><div class=\"wp-block-cover__inner-container is-layout-flow wp-block-cover-is-layout-flow\">\n<p class=\"has-text-align-center has-large-font-size\"><\/p>\n\n\n\n<div style=\"height:250px\" aria-hidden=\"true\" class=\"wp-block-spacer\"><\/div>\n<\/div><\/div>\n<\/div>\n<\/div>\n\n<hr class=\"wp-block-separator has-text-color has-custom-primary-color has-alpha-channel-opacity has-custom-primary-background-color has-background is-style-wide\" style=\"width: 200px; max-width: 100%;margin-top:var(--wp--preset--spacing--40);margin-bottom:0\"\/>\n\n\n\n<hr class=\"wp-block-separator aligncenter has-text-color has-custom-primary-color has-alpha-channel-opacity has-custom-primary-background-color has-background\" style=\"width: 300px; max-width: 100%;margin-top:5px\"\/>\n\n\n\n<hr class=\"wp-block-separator aligncenter has-text-color has-custom-primary-color has-alpha-channel-opacity has-custom-primary-background-color has-background\" style=\"width: 200px; max-width: 100%;margin-top:5px;margin-bottom:var(--wp--preset--spacing--30)\"\/>\n\n<div class=\"wp-block-columns leconteneur has-custom-contrast-color has-custom-links-beige-background-color has-text-color has-background is-layout-flex wp-container-core-columns-is-layout-a807a079 wp-block-columns-is-layout-flex\" style=\"border-style:none;border-width:0px;border-radius:0px;margin-top:0;margin-bottom:0;padding-top:0;padding-right:0;padding-bottom:0;padding-left:0\">\n<div class=\"wp-block-column agl agl-fadeCSSLeft is-layout-flow wp-container-core-column-is-layout-081827d2 wp-block-column-is-layout-flow\" style=\"--col-width:62%;padding-top:0;padding-right:0;padding-bottom:0;padding-left:0;flex-basis:62%\">\n<div class=\"wp-block-cover is-light is-style-tw-border-inner\" style=\"min-height:100%;aspect-ratio:unset;\"><span aria-hidden=\"true\" class=\"wp-block-cover__background has-background-dim-0 has-background-dim\"><\/span><img loading=\"lazy\" decoding=\"async\" width=\"760\" height=\"550\" sizes=\"auto, (max-width: 799px) 200vw, (max-width: 760px) 100vw, 760px\" class=\"wp-block-cover__image-background wp-image-14430\" alt=\"\" src=\"https:\/\/www.hotelleftbank.com\/wp-content\/uploads\/2023\/10\/Hotel-La-Perle-Saint-Germain-Fitness-room-jpg.webp\" data-object-fit=\"cover\" title=\"\" srcset=\"https:\/\/www.hotelleftbank.com\/wp-content\/uploads\/2023\/10\/Hotel-La-Perle-Saint-Germain-Fitness-room-jpg.webp 760w, https:\/\/www.hotelleftbank.com\/wp-content\/uploads\/2023\/10\/Hotel-La-Perle-Saint-Germain-Fitness-room-300x217.webp 300w\" \/><div class=\"wp-block-cover__inner-container is-layout-flow wp-block-cover-is-layout-flow\">\n<div style=\"height:250px\" aria-hidden=\"true\" class=\"wp-block-spacer\"><\/div>\n\n\n\n<p class=\"has-text-align-center has-large-font-size\"><\/p>\n<\/div><\/div>\n<\/div>\n\n\n\n<div class=\"wp-block-column agl agl-fadeCSSRight is-layout-flow wp-container-core-column-is-layout-69fcd244 wp-block-column-is-layout-flow\" style=\"--col-width:38%;padding-top:0;padding-right:0;padding-bottom:0;padding-left:0;flex-basis:38%\">\n<div class=\"wp-block-cover is-light is-style-default\" style=\"padding-top:0;padding-right:0;padding-bottom:0;padding-left:0;min-height:100%;aspect-ratio:unset;\"><span aria-hidden=\"true\" class=\"wp-block-cover__background has-custom-background-background-color has-background-dim-80 has-background-dim\"><\/span><img loading=\"lazy\" decoding=\"async\" width=\"466\" height=\"550\" sizes=\"auto, (max-width: 799px) 200vw, (max-width: 466px) 100vw, 466px\" class=\"wp-block-cover__image-background wp-image-14422\" alt=\"\" src=\"https:\/\/www.hotelleftbank.com\/wp-content\/uploads\/2023\/10\/Hotel-La-Perle-Saint-Germain-Fitness-room-detail-jpg.webp\" data-object-fit=\"cover\" title=\"\" srcset=\"https:\/\/www.hotelleftbank.com\/wp-content\/uploads\/2023\/10\/Hotel-La-Perle-Saint-Germain-Fitness-room-detail-jpg.webp 466w, https:\/\/www.hotelleftbank.com\/wp-content\/uploads\/2023\/10\/Hotel-La-Perle-Saint-Germain-Fitness-room-detail-254x300.webp 254w\" \/><div class=\"wp-block-cover__inner-container is-layout-flow wp-block-cover-is-layout-flow\">\n<h1 class=\"wp-block-heading espace-petit-bas has-custom-rouge-footer-color has-text-color\" style=\"margin-top:var(--wp--preset--spacing--30);margin-right:var(--wp--preset--spacing--30);margin-bottom:0;margin-left:var(--wp--preset--spacing--30);padding-top:0px;padding-right:0px;padding-bottom:0px;padding-left:0px;font-style:normal;font-weight:600\">Sala fitness<\/h1>\n\n\n\n<p class=\"has-text-align-justify agl agl-fadeCSSundefined has-custom-contrast-color has-text-color has-medium-font-size\" style=\"margin-right:var(--wp--preset--spacing--30);margin-left:var(--wp--preset--spacing--30)\">Durante il vostro soggiorno, potrete usufruire gratuitamente della sala fitness del nostro altro hotel, il Luxembourg Parc, a soli 5 minuti a piedi dall&#8217;Hotel Left Bank.<\/p>\n\n\n\n<p class=\"has-text-align-justify has-custom-contrast-color has-text-color has-medium-font-size\" style=\"margin-right:var(--wp--preset--spacing--30);margin-bottom:var(--wp--preset--spacing--30);margin-left:var(--wp--preset--spacing--30)\">Dalle 6.00 alle 23.00, la nostra sala fitness propone attrezzature di prima classe per utenti esperti e principianti, offrendo un rinforzo muscolare e\/o un allenamento cardiovascolare: piastra elettrica, tapis roulant, macchina cardio wave e altro ancora.<br\/>  <\/p>\n<\/div><\/div>\n<\/div>\n<\/div>\n","protected":false},"excerpt":{"rendered":"","protected":false},"author":1,"featured_media":17366,"parent":0,"menu_order":0,"comment_status":"closed","ping_status":"closed","template":"wp-custom-template-le-template-des-pages-2023","meta":{"footnotes":""},"class_list":["post-6707","page","type-page","status-publish","has-post-thumbnail","hentry"],"_links":{"self":[{"href":"https:\/\/www.hotelleftbank.com\/it\/wp-json\/wp\/v2\/pages\/6707","targetHints":{"allow":["GET"]}}],"collection":[{"href":"https:\/\/www.hotelleftbank.com\/it\/wp-json\/wp\/v2\/pages"}],"about":[{"href":"https:\/\/www.hotelleftbank.com\/it\/wp-json\/wp\/v2\/types\/page"}],"author":[{"embeddable":true,"href":"https:\/\/www.hotelleftbank.com\/it\/wp-json\/wp\/v2\/users\/1"}],"replies":[{"embeddable":true,"href":"https:\/\/www.hotelleftbank.com\/it\/wp-json\/wp\/v2\/comments?post=6707"}],"version-history":[{"count":0,"href":"https:\/\/www.hotelleftbank.com\/it\/wp-json\/wp\/v2\/pages\/6707\/revisions"}],"wp:featuredmedia":[{"embeddable":true,"href":"https:\/\/www.hotelleftbank.com\/it\/wp-json\/wp\/v2\/media\/17366"}],"wp:attachment":[{"href":"https:\/\/www.hotelleftbank.com\/it\/wp-json\/wp\/v2\/media?parent=6707"}],"curies":[{"name":"wp","href":"https:\/\/api.w.org\/{rel}","templated":true}]}}