{"id":6725,"date":"2023-05-29T22:40:22","date_gmt":"2023-05-29T20:40:22","guid":{"rendered":"http:\/\/www.laperle.tess5418.odns.fr\/map-access\/"},"modified":"2023-12-01T09:19:28","modified_gmt":"2023-12-01T08:19:28","slug":"map-access","status":"publish","type":"page","link":"https:\/\/www.hotelleftbank.com\/it\/map-access\/","title":{"rendered":"Mappa e accesso"},"content":{"rendered":"\n<h2 class=\"wp-block-heading\">Localizzazione dell&#8217;hotel<\/h2>\n\n<p class=\"has-text-align-justify has-link-color wp-elements-207b8206d62e2ef2f2ca5dd08518abdb\">L&#8217;Hotel Left Bank \u00e8 situato in posizione ideale nel vivace quartiere di Saint-Germain-des-Pr\u00e9s e offre agli ospiti una posizione privilegiata nel cuore di Parigi. <a href=\"https:\/\/www.hotelleftbank.com\/it\/visitare-parigi\/\" data-type=\"page\" data-id=\"980\">Esplorate i luoghi simbolo, le boutique alla moda e i punti di interesse culturale a pochi istanti dalla nostra porta di casa.<\/a>.<\/p>\n\n<div style=\"height:10px\" aria-hidden=\"true\" class=\"wp-block-spacer\"><\/div>\n<style type=\"text\/css\" id=\"gmpMapStyles_1_42847\">\r\n\t#google_map_easy_1_42847 {\r\n        width: 100%;\r\n        height: 550px;\r\n\t\t\t\t\t\t    }\r\n\t#gmapControlsNum_1_42847 {\r\n\t\twidth:100%\t}\r\n\t.gmpMapDetailsContainer#gmpMapDetailsContainer_1_42847 {\r\n\t\theight:550px;\r\n\t}\r\n\t.gmp_MapPreview#google_map_easy_1_42847 {\r\n\t\t\/*position:absolute;*\/\r\n\t\twidth: 100%;\r\n\t}\r\n\t#mapConElem_1_42847{\r\n\t\twidth: 100%\t}\r\n    .gm-style .gm-style-iw-c{\r\n        padding: 12px!important;\r\n    }\r\n\t    <\/style>\r\n <div class=\"gmp_map_opts\" id=\"mapConElem_1_42847\" data-id=\"1\" data-view-id=\"1_42847\" > <div class=\"gmpMapDetailsContainer\" id=\"gmpMapDetailsContainer_1_42847\"> <i class=\"gmpKMLLayersPreloader fa fa-spinner fa-spin\" aria-hidden=\"true\" style=\"display: none;\"><\/i> <div class=\"gmp_MapPreview \" id=\"google_map_easy_1_42847\"><\/div> <\/div> <div class=\"gmpMapMarkerFilters\" id=\"gmpMapMarkerFilters_1_42847\"> <\/div> <div class=\"gmpMapProControlsCon\" id=\"gmpMapProControlsCon_1_42847\"> <a title=\"Google Map Plugin\" style=\"display:none;\" href=\"https:\/\/supsystic.com\/plugins\/google-maps-plugin\/?utm_medium=love_link_hide\" target=\"_blank\" rel=\"noopener\">Google Map Plugin<\/a><div style=\"clear: both;\"><\/div> <\/div> <div class=\"gmpMapProDirectionsCon\" id=\"gmpMapProDirectionsCon_1_42847\" > <\/div> <div class=\"gmpMapProKmlFilterCon\" id=\"gmpMapProKmlFilterCon_1_42847\" > <\/div> <div class=\"gmpSocialSharingShell gmpSocialSharingShell_1_42847\"> <\/div> <div style=\"clear: both;\"><\/div> <\/div> \n\n<hr class=\"wp-block-separator has-text-color has-custom-primary-color has-alpha-channel-opacity has-custom-primary-background-color has-background is-style-wide\" style=\"width: 200px; max-width: 100%;margin-top:var(--wp--preset--spacing--40);margin-bottom:0\"\/>\n\n\n\n<hr class=\"wp-block-separator aligncenter has-text-color has-custom-primary-color has-alpha-channel-opacity has-custom-primary-background-color has-background\" style=\"width: 300px; max-width: 100%;margin-top:5px\"\/>\n\n\n\n<hr class=\"wp-block-separator aligncenter has-text-color has-custom-primary-color has-alpha-channel-opacity has-custom-primary-background-color has-background\" style=\"width: 200px; max-width: 100%;margin-top:5px;margin-bottom:var(--wp--preset--spacing--30)\"\/>\n\n<h2 class=\"wp-block-heading\">Come raggiungere l&#8217;hotel<\/h2>\n\n<p class=\"has-large-font-size\"><strong>Dagli aeroporti parigini<\/strong><\/p>\n\n<ul class=\"wp-block-list\">\n<li><strong>Aeroporto Charles de Gaulle (CDG)<\/strong><\/li>\n<\/ul>\n\n<p class=\"has-text-align-justify\" style=\"margin-top:0;margin-right:0;margin-bottom:0;margin-left:0;padding-top:0;padding-right:0;padding-bottom:0;padding-left:0\"><strong>In taxi :<\/strong> Circa 1 ora &#8211; Il prezzo per un taxi normale preso in una stazione di taxi \u00e8 fisso ed \u00e8 di 62 \u20ac, bagagli inclusi. Faccia attenzione al falso tassista e confermi con lui la tariffa prima di salire in macchina. <\/p>\n\n<p class=\"has-text-align-justify\" style=\"margin-top:0;margin-right:0;margin-bottom:0;margin-left:0\">Possiamo anche organizzare un prelievo per lei all&#8217;aeroporto, poich\u00e9 collaboriamo con diverse compagnie. \u00c8 pi\u00f9 costoso perch\u00e9 l&#8217;autista deve parcheggiare e aspettarla. L&#8217;aiuter\u00e0 con i bagagli e la aspetter\u00e0 dopo la dogana con un cartello con il suo nome.   La tariffa per 2 persone \u00e8 di circa 90\u20ac.<\/p>\n\n<p class=\"has-text-align-justify\" style=\"margin-top:0;margin-right:0;margin-bottom:0;margin-left:0;padding-top:0;padding-right:0;padding-bottom:0;padding-left:0\">Il trasferimento dall&#8217;hotel all&#8217;aeroporto \u00e8 meno costoso, in quanto l&#8217;autista non deve parcheggiare e aspettarla. Il costo \u00e8 di circa 70 euro. <\/p>\n\n<p class=\"has-text-align-justify\" style=\"margin-top:0;margin-right:0;margin-bottom:0;margin-left:0;padding-top:0;padding-right:0;padding-bottom:0;padding-left:0\"><strong>In treno:<\/strong> circa 1 ora &#8211; \u00c8 possibile prendere il treno RER B dall&#8217;aeroporto fino alla stazione Saint Michel, quindi la linea 4 della metropolitana e la fermata &#8220;Od\u00e9on&#8221; (a 100 metri dall&#8217;hotel).<\/p>\n\n<ul class=\"wp-block-list\">\n<li><strong>Aeroporto di Orly (ORY)<\/strong><\/li>\n<\/ul>\n\n<p class=\"has-text-align-justify\" style=\"margin-top:0;margin-right:0;margin-bottom:0;margin-left:0\"><strong><strong>In taxi :<\/strong><\/strong>Circa 45 minuti &#8211; Il prezzo per un taxi normale preso in una stazione di taxi \u00e8 fisso ed \u00e8 di 35 euro, bagagli inclusi. Faccia attenzione al falso tassista e confermi con lui la tariffa prima di salire in macchina. <\/p>\n\n<p class=\"has-text-align-justify\" style=\"margin-top:0;margin-right:0;margin-bottom:0;margin-left:0;padding-top:0;padding-right:0;padding-bottom:0;padding-left:0\">Possiamo anche organizzare un prelievo per lei all&#8217;aeroporto, poich\u00e9 collaboriamo con diverse compagnie. \u00c8 pi\u00f9 costoso perch\u00e9 l&#8217;autista deve parcheggiare e aspettarla. L&#8217;aiuter\u00e0 con i bagagli e la aspetter\u00e0 dopo la dogana con un cartello con il suo nome.   La tariffa per 2 persone \u00e8 di 70 \u20ac.<\/p>\n\n<p class=\"has-text-align-justify\" style=\"margin-top:0;margin-right:0;margin-bottom:0;margin-left:0;padding-top:0;padding-right:0;padding-bottom:0;padding-left:0\">Il trasferimento dall&#8217;hotel all&#8217;aeroporto \u00e8 meno costoso perch\u00e9 l&#8217;autista non deve parcheggiare e aspettarvi. Il costo \u00e8 di circa 45 \u20ac.<\/p>\n\n<p class=\"has-text-align-justify\" style=\"margin-top:0;margin-right:0;margin-bottom:0;margin-left:0;padding-top:0;padding-right:0;padding-bottom:0;padding-left:0\"><strong>In treno :<\/strong> Circa 1 ora &#8211; Dovete cambiare 3 volte: prendete l&#8217;Orlyval all&#8217;aeroporto e fermatevi ad Anthony. Poi cambiate con la RER B e scendete alla stazione &#8220;St michel Notre Dame&#8221;. A questo punto cambiare per la linea 4 della metropolitana e scendere alla stazione &#8220;Odeon&#8221; (a 100 metri dall&#8217;hotel).<\/p>\n\n<p class=\"has-text-align-justify has-large-font-size\"><strong>Dalle stazioni ferroviarie parigine<\/strong><\/p>\n\n<ul class=\"wp-block-list\">\n<li><strong>Gare du Nord <\/strong><\/li>\n<\/ul>\n\n<p class=\"has-text-align-justify\" style=\"margin-top:0;margin-right:0;margin-bottom:0;margin-left:0\"><strong>In taxi :<\/strong> A seconda del traffico, il tempo di percorrenza del taxi \u00e8 di circa 20 minuti.<\/p>\n\n<p class=\"has-text-align-justify\" style=\"margin-top:0;margin-right:0;margin-bottom:0;margin-left:0\"><strong>In metropolitana:<\/strong> Circa 19 minuti &#8211; Dalla stazione Gare du Nord, prendere la linea 4 della metropolitana, direzione &#8220;Bagneux Lucie Aubrac&#8221; e scendere alla stazione &#8220;Odeon&#8221; (a 100 metri dall&#8217;hotel).<\/p>\n\n<ul class=\"wp-block-list\">\n<li><strong>Gare Montparnasse<\/strong><\/li>\n<\/ul>\n\n<p class=\"has-text-align-justify\" style=\"margin-top:0;margin-right:0;margin-bottom:0;margin-left:0\"><strong>In taxi :<\/strong> A seconda del traffico, il tempo di percorrenza del taxi \u00e8 di circa 10 minuti.<\/p>\n\n<p class=\"has-text-align-justify\" style=\"margin-top:0;margin-right:0;margin-bottom:0;margin-left:0\"><strong>In metropolitana :<\/strong> Circa 17 minuti &#8211; Dalla stazione &#8220;Montparnasse Bienvenue&#8221;, prendere la linea 4 della metropolitana in direzione &#8220;Porte de Clignancourt&#8221; e scendere alla stazione &#8220;Odeon&#8221; (a 100 metri dall&#8217;hotel).<\/p>\n\n<ul class=\"wp-block-list\">\n<li><strong>Gare de Lyon<\/strong><\/li>\n<\/ul>\n\n<p class=\"has-text-align-justify\" style=\"margin-top:0;margin-right:0;margin-bottom:0;margin-left:0\"><strong>In taxi :<\/strong> A seconda del traffico, il tempo di percorrenza del taxi \u00e8 di circa 20 minuti.<\/p>\n\n<p class=\"has-text-align-justify\" style=\"margin-top:0;margin-right:0;margin-bottom:0;margin-left:0\"><strong>In autobus :<\/strong> Circa 23 minuti &#8211; Dalla stazione &#8220;Gare de Lyon&#8221;, prendere l&#8217;autobus 63, direzione &#8220;Porte de la Muette&#8221; e fermarsi alla stazione &#8220;Odeon&#8221; (a 100 metri dall&#8217;hotel).<\/p>\n\n<p class=\"has-text-align-justify has-large-font-size\"><strong>Dalle stazioni della metropolitana parigina<\/strong><\/p>\n\n<ul class=\"wp-block-list\">\n<li><strong>Stazione &#8220;odeon&#8221;<\/strong><\/li>\n<\/ul>\n\n<p class=\"has-text-align-justify\" style=\"margin-top:0;margin-right:0;margin-bottom:0;margin-left:0\"><strong>A piedi:<\/strong> 100 metri &#8211; 2 minuti &#8211; Dalla stazione della metropolitana &#8220;Odeon&#8221;, camminate verso nord su Rue de l&#8217;ancienne comedie per circa 80 metri. Troverete l&#8217;Hotel Left Bank sulla vostra destra. <\/p>\n\n<ul class=\"wp-block-list\">\n<li><strong>Stazione &#8220;Saint Germain des Pr\u00e9s&#8221;<\/strong><\/li>\n<\/ul>\n\n<p class=\"has-text-align-justify\" style=\"margin-top:0;margin-right:0;margin-bottom:0;margin-left:0\"><strong>A piedi:<\/strong> 450 metri &#8211; 6 minuti &#8211; Dalla stazione della metropolitana &#8220;Saint-Germain-des-Pr\u00e9s&#8221;, camminate verso est su boulevard Saint Germain per circa 400 metri. Svoltate a sinistra in Rue de l&#8217;ancienne comedie. Dopo 80 metri troverete l&#8217;Hotel Left Bank sulla destra.  <\/p>\n\n<ul class=\"wp-block-list\">\n<li><strong>Stazione &#8220;Mabillon&#8221;<\/strong><\/li>\n<\/ul>\n\n<p class=\"has-text-align-justify\" style=\"margin-top:0;margin-right:0;margin-bottom:0;margin-left:0\"><strong>A piedi:<\/strong> 350 metri &#8211; 5 minuti &#8211; Dalla stazione della metropolitana &#8220;Mabillon&#8221;, camminate verso est su boulevard Saint Germain per circa 200 metri. Svoltare a sinistra in Rue de l&#8217;ancienne comedie. Dopo 80 metri troverete l&#8217;Hotel Left Bank sulla destra.  <\/p>\n","protected":false},"excerpt":{"rendered":"<p>Localizzazione dell&#8217;hotel L&#8217;Hotel Left Bank \u00e8 situato in posizione ideale nel vivace quartiere di Saint-Germain-des-Pr\u00e9s e offre agli ospiti una posizione privilegiata nel cuore di Parigi. Esplorate i luoghi simbolo, le boutique alla moda e i punti di interesse culturale a pochi istanti dalla nostra porta di casa.. Come raggiungere l&#8217;hotel Dagli aeroporti parigini In [&hellip;]<\/p>\n","protected":false},"author":2,"featured_media":6196,"parent":0,"menu_order":0,"comment_status":"closed","ping_status":"closed","template":"wp-custom-template-le-template-des-pages-2023","meta":{"footnotes":""},"class_list":["post-6725","page","type-page","status-publish","has-post-thumbnail","hentry"],"_links":{"self":[{"href":"https:\/\/www.hotelleftbank.com\/it\/wp-json\/wp\/v2\/pages\/6725","targetHints":{"allow":["GET"]}}],"collection":[{"href":"https:\/\/www.hotelleftbank.com\/it\/wp-json\/wp\/v2\/pages"}],"about":[{"href":"https:\/\/www.hotelleftbank.com\/it\/wp-json\/wp\/v2\/types\/page"}],"author":[{"embeddable":true,"href":"https:\/\/www.hotelleftbank.com\/it\/wp-json\/wp\/v2\/users\/2"}],"replies":[{"embeddable":true,"href":"https:\/\/www.hotelleftbank.com\/it\/wp-json\/wp\/v2\/comments?post=6725"}],"version-history":[{"count":0,"href":"https:\/\/www.hotelleftbank.com\/it\/wp-json\/wp\/v2\/pages\/6725\/revisions"}],"wp:featuredmedia":[{"embeddable":true,"href":"https:\/\/www.hotelleftbank.com\/it\/wp-json\/wp\/v2\/media\/6196"}],"wp:attachment":[{"href":"https:\/\/www.hotelleftbank.com\/it\/wp-json\/wp\/v2\/media?parent=6725"}],"curies":[{"name":"wp","href":"https:\/\/api.w.org\/{rel}","templated":true}]}}