{"id":8196,"date":"2023-05-05T12:43:07","date_gmt":"2023-05-05T10:43:07","guid":{"rendered":"http:\/\/www.laperle.tess5418.odns.fr\/quartos\/"},"modified":"2024-01-22T16:12:28","modified_gmt":"2024-01-22T15:12:28","slug":"quartos","status":"publish","type":"page","link":"https:\/\/www.hotelleftbank.com\/pt-pt\/quartos\/","title":{"rendered":"Quartos"},"content":{"rendered":"\n<p class=\"has-text-align-justify has-custom-rouge-footer-color has-custom-links-beige-background-color has-text-color has-background\" style=\"margin-top:0;margin-right:0;margin-bottom:0;margin-left:0;padding-top:0;padding-right:0;padding-bottom:0;padding-left:0\">No Hotel Left Bank Saint Germain em Paris, os quartos s\u00e3o uma fus\u00e3o harmoniosa de conforto moderno e eleg\u00e2ncia parisiense. Cada um dos quartos e su\u00edtes com design requintado oferece um ambiente aconchegante e convidativo, adornado com m\u00f3veis elegantes. Quer prefira a vista para a rua ou a serenidade do p\u00e1tio interno, voc\u00ea encontrar\u00e1 um retiro relaxante para sua estada. Perfeitos para viajantes que buscam uma aut\u00eantica experi\u00eancia parisiense, esses quartos oferecem um ref\u00fagio encantador no cora\u00e7\u00e3o do bairro de Saint-Germain-des-Pr\u00e9s, na Margem Esquerda.   <\/p>\n\n<div class=\"wp-block-columns is-layout-flex wp-container-core-columns-is-layout-d0b3c9c8 wp-block-columns-is-layout-flex\">\n<div class=\"wp-block-column is-style-default has-custom-background-background-color has-background is-layout-flow wp-container-core-column-is-layout-faf9ae4d wp-block-column-is-layout-flow\" style=\"padding-bottom:15px\">\n<div class=\"wp-block-cover is-style-tw-border-inner hover-zoom tw-stretched-link tw-ratio-3-2\" style=\"padding-top:0;padding-right:0;padding-bottom:0;padding-left:0\"><span aria-hidden=\"true\" class=\"wp-block-cover__background has-background-dim-20 has-background-dim\"><\/span><img loading=\"lazy\" decoding=\"async\" width=\"595\" height=\"397\" sizes=\"auto, (max-width: 799px) 200vw, (max-width: 595px) 100vw, 595px\" class=\"wp-block-cover__image-background wp-image-17094\" alt=\"\" src=\"https:\/\/www.hotelleftbank.com\/wp-content\/uploads\/2023\/11\/Hotel-Left-bank-saint-germain-Standard-room-presentation-jpg.webp\" data-object-fit=\"cover\" title=\"\" srcset=\"https:\/\/www.hotelleftbank.com\/wp-content\/uploads\/2023\/11\/Hotel-Left-bank-saint-germain-Standard-room-presentation-jpg.webp 595w, https:\/\/www.hotelleftbank.com\/wp-content\/uploads\/2023\/11\/Hotel-Left-bank-saint-germain-Standard-room-presentation-300x200.webp 300w\" \/><div class=\"wp-block-cover__inner-container is-layout-flow wp-block-cover-is-layout-flow\">\n<h2 class=\"wp-block-heading has-text-align-center has-custom-background-color has-text-color has-link-color has-large-font-size wp-elements-371381211539cce676bccef280c5c27c\"><a href=\"https:\/\/www.hotelleftbank.com\/pt-pt\/quartos\/quartos-standard\/\" data-type=\"page\" data-id=\"129\">Quartos Standard<\/a><\/h2>\n<\/div><\/div>\n\n\n\n<p class=\"has-text-align-justify has-custom-contrast-color has-text-color\" style=\"margin-top:var(--wp--preset--spacing--30);margin-right:0;margin-left:0\">Nossos quartos Standard no Hotel Left Bank Saint Germain oferecem uma estadia confort\u00e1vel e conveniente no cora\u00e7\u00e3o de Paris. Desfrute de um espa\u00e7o aconchegante e pr\u00e1tico para sua visita \u00e0 cidade. <\/p>\n\n\n\n<div class=\"wp-block-columns are-vertically-aligned-bottom is-layout-flex wp-container-core-columns-is-layout-3df1fb3a wp-block-columns-is-layout-flex\" style=\"margin-top:20px;padding-top:0;padding-right:var(--wp--preset--spacing--30);padding-left:var(--wp--preset--spacing--30)\">\n<div class=\"wp-block-column is-vertically-aligned-bottom is-layout-flow wp-block-column-is-layout-flow\" style=\"padding-top:0;padding-right:0;padding-bottom:0;padding-left:0\">\n<div class=\"wp-block-buttons is-layout-flex wp-block-buttons-is-layout-flex\">\n<div class=\"wp-block-button has-custom-width wp-block-button__width-100 is-style-outline is-style-outline--2\" style=\"line-height:0.8\"><a class=\"wp-block-button__link has-primary-background-color has-background wp-element-button\" href=\"https:\/\/www.hotelleftbank.com\/en\/rooms\/standard-rooms\/\"><strong>Descobrir<\/strong><\/a><\/div>\n<\/div>\n<\/div>\n<\/div>\n<\/div>\n\n\n\n<div class=\"wp-block-column is-style-default has-custom-background-background-color has-background is-layout-flow wp-container-core-column-is-layout-8e5008fe wp-block-column-is-layout-flow\" style=\"padding-top:0;padding-right:0;padding-bottom:15px;padding-left:0\">\n<div class=\"wp-block-cover is-style-tw-border-inner hover-zoom tw-stretched-link tw-ratio-3-2\"><span aria-hidden=\"true\" class=\"wp-block-cover__background has-background-dim-20 has-background-dim\"><\/span><img loading=\"lazy\" decoding=\"async\" width=\"595\" height=\"397\" sizes=\"auto, (max-width: 799px) 200vw, (max-width: 595px) 100vw, 595px\" class=\"wp-block-cover__image-background wp-image-17110\" alt=\"\" src=\"https:\/\/www.hotelleftbank.com\/wp-content\/uploads\/2023\/11\/Hotel-Left-bank-saint-germain-Superior-room-presentation-jpg.webp\" data-object-fit=\"cover\" title=\"\" srcset=\"https:\/\/www.hotelleftbank.com\/wp-content\/uploads\/2023\/11\/Hotel-Left-bank-saint-germain-Superior-room-presentation-jpg.webp 595w, https:\/\/www.hotelleftbank.com\/wp-content\/uploads\/2023\/11\/Hotel-Left-bank-saint-germain-Superior-room-presentation-300x200.webp 300w\" \/><div class=\"wp-block-cover__inner-container is-layout-flow wp-block-cover-is-layout-flow\">\n<h2 class=\"wp-block-heading has-text-align-center has-custom-background-color has-text-color has-link-color has-large-font-size wp-elements-1976d0159c0d7d73a42e5d9a6eb490d1\"><a href=\"https:\/\/www.hotelleftbank.com\/pt-pt\/quartos\/quartos-superiores\/\" data-type=\"page\" data-id=\"128\">Quartos Superiores<\/a><\/h2>\n<\/div><\/div>\n\n\n\n<p class=\"has-text-align-justify has-custom-contrast-color has-text-color\" style=\"margin-top:var(--wp--preset--spacing--30);margin-right:0;margin-left:0\">Descubra o conforto e o estilo em nossos quartos superiores no Hotel Left Bank Saint Germain. Essas acomoda\u00e7\u00f5es bem equipadas oferecem uma experi\u00eancia parisiense aconchegante com todas as comodidades essenciais para uma estadia memor\u00e1vel. <\/p>\n\n\n\n<div class=\"wp-block-columns are-vertically-aligned-bottom is-layout-flex wp-container-core-columns-is-layout-3df1fb3a wp-block-columns-is-layout-flex\" style=\"margin-top:20px;padding-top:0;padding-right:var(--wp--preset--spacing--30);padding-left:var(--wp--preset--spacing--30)\">\n<div class=\"wp-block-column is-vertically-aligned-bottom is-layout-flow wp-block-column-is-layout-flow\" style=\"padding-top:0;padding-right:0;padding-bottom:0;padding-left:0\">\n<div class=\"wp-block-buttons is-layout-flex wp-block-buttons-is-layout-flex\">\n<div class=\"wp-block-button has-custom-width wp-block-button__width-100 is-style-outline is-style-outline--3\" style=\"line-height:0.8\"><a class=\"wp-block-button__link has-primary-background-color has-background wp-element-button\" href=\"https:\/\/www.hotelleftbank.com\/en\/rooms\/superior-rooms\/\"><strong>Descobrir<\/strong><\/a><\/div>\n<\/div>\n<\/div>\n<\/div>\n<\/div>\n<\/div>\n\n<div class=\"wp-block-columns is-layout-flex wp-container-core-columns-is-layout-d0b3c9c8 wp-block-columns-is-layout-flex\">\n<div class=\"wp-block-column is-style-default has-custom-background-background-color has-background is-layout-flow wp-container-core-column-is-layout-faf9ae4d wp-block-column-is-layout-flow\" style=\"padding-bottom:15px\">\n<div class=\"wp-block-cover is-style-tw-border-inner hover-zoom tw-stretched-link tw-ratio-3-2\"><span aria-hidden=\"true\" class=\"wp-block-cover__background has-background-dim-20 has-background-dim\"><\/span><img loading=\"lazy\" decoding=\"async\" width=\"595\" height=\"397\" sizes=\"auto, (max-width: 799px) 200vw, (max-width: 595px) 100vw, 595px\" class=\"wp-block-cover__image-background wp-image-17086\" alt=\"\" src=\"https:\/\/www.hotelleftbank.com\/wp-content\/uploads\/2023\/11\/Hotel-Left-bank-saint-germain-Deluxe-room-presentation-jpg.webp\" data-object-fit=\"cover\" title=\"\" srcset=\"https:\/\/www.hotelleftbank.com\/wp-content\/uploads\/2023\/11\/Hotel-Left-bank-saint-germain-Deluxe-room-presentation-jpg.webp 595w, https:\/\/www.hotelleftbank.com\/wp-content\/uploads\/2023\/11\/Hotel-Left-bank-saint-germain-Deluxe-room-presentation-300x200.webp 300w\" \/><div class=\"wp-block-cover__inner-container is-layout-flow wp-block-cover-is-layout-flow\">\n<h2 class=\"wp-block-heading has-text-align-center has-custom-background-color has-text-color has-link-color has-large-font-size wp-elements-61a67b887025bbfac4a73c7dbd4a2e2c\"><a href=\"https:\/\/www.hotelleftbank.com\/pt-pt\/quartos\/quartos-deluxe\/\" data-type=\"page\" data-id=\"127\">Quartos Deluxe<\/a><\/h2>\n<\/div><\/div>\n\n\n\n<p class=\"has-text-align-justify has-custom-contrast-color has-text-color\" style=\"margin-top:var(--wp--preset--spacing--30);margin-right:0;margin-left:0\">Nossos quartos Deluxe no Hotel Left Bank Saint Germain proporcionam uma experi\u00eancia parisiense requintada. Com paredes pintadas em estilo vintage e vigas de madeira, esses quartos oferecem uma mistura de car\u00e1ter e eleg\u00e2ncia. <\/p>\n\n\n\n<div class=\"wp-block-columns are-vertically-aligned-bottom is-layout-flex wp-container-core-columns-is-layout-3df1fb3a wp-block-columns-is-layout-flex\" style=\"margin-top:20px;padding-top:0;padding-right:var(--wp--preset--spacing--30);padding-left:var(--wp--preset--spacing--30)\">\n<div class=\"wp-block-column is-vertically-aligned-bottom is-layout-flow wp-block-column-is-layout-flow\" style=\"padding-top:0;padding-right:0;padding-bottom:0;padding-left:0\">\n<div class=\"wp-block-buttons is-layout-flex wp-block-buttons-is-layout-flex\">\n<div class=\"wp-block-button has-custom-width wp-block-button__width-100 is-style-outline is-style-outline--4\" style=\"line-height:0.8\"><a class=\"wp-block-button__link has-primary-background-color has-background wp-element-button\" href=\"https:\/\/www.hotelleftbank.com\/en\/rooms\/deluxe-rooms\/\"><strong>Descobrir<\/strong><\/a><\/div>\n<\/div>\n<\/div>\n<\/div>\n<\/div>\n\n\n\n<div class=\"wp-block-column is-style-default has-custom-background-background-color has-background is-layout-flow wp-container-core-column-is-layout-8e5008fe wp-block-column-is-layout-flow\" style=\"padding-top:0;padding-right:0;padding-bottom:15px;padding-left:0\">\n<div class=\"wp-block-cover is-style-tw-border-inner hover-zoom tw-stretched-link tw-ratio-3-2\"><span aria-hidden=\"true\" class=\"wp-block-cover__background has-background-dim-20 has-background-dim\"><\/span><img loading=\"lazy\" decoding=\"async\" width=\"595\" height=\"397\" sizes=\"auto, (max-width: 799px) 200vw, (max-width: 595px) 100vw, 595px\" class=\"wp-block-cover__image-background wp-image-17102\" alt=\"\" src=\"https:\/\/www.hotelleftbank.com\/wp-content\/uploads\/2023\/11\/Hotel-Left-bank-saint-germain-Suite-presentation-jpg.webp\" data-object-fit=\"cover\" title=\"\" srcset=\"https:\/\/www.hotelleftbank.com\/wp-content\/uploads\/2023\/11\/Hotel-Left-bank-saint-germain-Suite-presentation-jpg.webp 595w, https:\/\/www.hotelleftbank.com\/wp-content\/uploads\/2023\/11\/Hotel-Left-bank-saint-germain-Suite-presentation-300x200.webp 300w\" \/><div class=\"wp-block-cover__inner-container is-layout-flow wp-block-cover-is-layout-flow\">\n<h2 class=\"wp-block-heading has-text-align-center has-custom-background-color has-text-color has-link-color has-large-font-size wp-elements-f92017a6ca08eedd085f3b67b5c35a2f\"><a href=\"https:\/\/www.hotelleftbank.com\/pt-pt\/quartos\/a-suite\/\" data-type=\"page\" data-id=\"126\">Su\u00edte<\/a><\/h2>\n<\/div><\/div>\n\n\n\n<p class=\"has-text-align-justify has-custom-contrast-color has-text-color\" style=\"margin-top:var(--wp--preset--spacing--30);margin-right:0;margin-left:0\">Experimente o m\u00e1ximo de luxo no Hotel Left Bank Saint Germain em nossa su\u00edte excepcional. Com sua decora\u00e7\u00e3o elegante, incluindo suntuosas vigas de madeira, ela oferece uma fuga parisiense inesquec\u00edvel e m\u00e1gica. <\/p>\n\n\n\n<div class=\"wp-block-columns are-vertically-aligned-bottom is-layout-flex wp-container-core-columns-is-layout-3df1fb3a wp-block-columns-is-layout-flex\" style=\"margin-top:20px;padding-top:0;padding-right:var(--wp--preset--spacing--30);padding-left:var(--wp--preset--spacing--30)\">\n<div class=\"wp-block-column is-vertically-aligned-bottom is-layout-flow wp-block-column-is-layout-flow\" style=\"padding-top:0;padding-right:0;padding-bottom:0;padding-left:0\">\n<div class=\"wp-block-buttons is-layout-flex wp-block-buttons-is-layout-flex\">\n<div class=\"wp-block-button has-custom-width wp-block-button__width-100 is-style-outline is-style-outline--5\" style=\"line-height:0.8\"><a class=\"wp-block-button__link has-primary-background-color has-background wp-element-button\" href=\"https:\/\/www.hotelleftbank.com\/en\/rooms\/the-suite\/\"><strong>Descobrir<\/strong><\/a><\/div>\n<\/div>\n<\/div>\n<\/div>\n<\/div>\n<\/div>\n","protected":false},"excerpt":{"rendered":"<p>No Hotel Left Bank Saint Germain em Paris, os quartos s\u00e3o uma fus\u00e3o harmoniosa de conforto moderno e eleg\u00e2ncia parisiense. Cada um dos quartos e su\u00edtes com design requintado oferece um ambiente aconchegante e convidativo, adornado com m\u00f3veis elegantes. Quer prefira a vista para a rua ou a serenidade do p\u00e1tio interno, voc\u00ea encontrar\u00e1 um [&hellip;]<\/p>\n","protected":false},"author":1,"featured_media":17193,"parent":0,"menu_order":0,"comment_status":"closed","ping_status":"closed","template":"wp-custom-template-le-template-des-pages-2023","meta":{"footnotes":""},"class_list":["post-8196","page","type-page","status-publish","has-post-thumbnail","hentry"],"_links":{"self":[{"href":"https:\/\/www.hotelleftbank.com\/pt-pt\/wp-json\/wp\/v2\/pages\/8196","targetHints":{"allow":["GET"]}}],"collection":[{"href":"https:\/\/www.hotelleftbank.com\/pt-pt\/wp-json\/wp\/v2\/pages"}],"about":[{"href":"https:\/\/www.hotelleftbank.com\/pt-pt\/wp-json\/wp\/v2\/types\/page"}],"author":[{"embeddable":true,"href":"https:\/\/www.hotelleftbank.com\/pt-pt\/wp-json\/wp\/v2\/users\/1"}],"replies":[{"embeddable":true,"href":"https:\/\/www.hotelleftbank.com\/pt-pt\/wp-json\/wp\/v2\/comments?post=8196"}],"version-history":[{"count":0,"href":"https:\/\/www.hotelleftbank.com\/pt-pt\/wp-json\/wp\/v2\/pages\/8196\/revisions"}],"wp:featuredmedia":[{"embeddable":true,"href":"https:\/\/www.hotelleftbank.com\/pt-pt\/wp-json\/wp\/v2\/media\/17193"}],"wp:attachment":[{"href":"https:\/\/www.hotelleftbank.com\/pt-pt\/wp-json\/wp\/v2\/media?parent=8196"}],"curies":[{"name":"wp","href":"https:\/\/api.w.org\/{rel}","templated":true}]}}