{"id":8260,"date":"2023-05-05T12:46:57","date_gmt":"2023-05-05T10:46:57","guid":{"rendered":"http:\/\/www.laperle.tess5418.odns.fr\/visitar-paris\/"},"modified":"2023-12-01T09:44:35","modified_gmt":"2023-12-01T08:44:35","slug":"visitar-paris","status":"publish","type":"page","link":"https:\/\/www.hotelleftbank.com\/pt-pt\/visitar-paris\/","title":{"rendered":"visitar Paris"},"content":{"rendered":"\n<p class=\"has-text-align-justify has-custom-rouge-footer-color has-text-color\" style=\"margin-top:0;margin-right:0;margin-bottom:0;margin-left:0\">Confie nas recomenda\u00e7\u00f5es especializadas de nossa experiente equipe de recep\u00e7\u00e3o no Hotel Left Bank Saint Germain para descobrir o melhor de Paris. De marcos ic\u00f4nicos a joias ocultas, eles o guiar\u00e3o para explorar bairros, saborear del\u00edcias culin\u00e1rias, descobrir arte e cultura e criar mem\u00f3rias inesquec\u00edveis durante sua estada na Cidade das Luzes.<\/p>\n\n\n\n<div class=\"wp-block-columns leconteneur has-custom-links-beige-background-color has-background is-layout-flex wp-container-core-columns-is-layout-8c511434 wp-block-columns-is-layout-flex\" style=\"margin-top:var(--wp--preset--spacing--30);padding-top:0;padding-right:0;padding-bottom:0;padding-left:0\">\n<div class=\"wp-block-column is-layout-flow wp-block-column-is-layout-flow\">\n<div class=\"wp-block-cover is-light is-style-tw-border-inner image-zoom tw-stretched-link tw-hover-opacity tw-ratio-1-1\"><span aria-hidden=\"true\" class=\"wp-block-cover__background has-custom-contrast-background-color has-background-dim-30 has-background-dim\"><\/span><img decoding=\"async\" sizes=\"(max-width: 799px) 200vw, (max-width: 385px) 100vw, 385px\" class=\"wp-block-cover__image-background wp-image-16791\" alt=\"\" src=\"https:\/\/www.hotelleftbank.com\/wp-content\/uploads\/2023\/10\/Monuments-in-Paris-1-jpg.webp\" data-object-fit=\"cover\" title=\"\"><div class=\"wp-block-cover__inner-container is-layout-flow wp-block-cover-is-layout-flow\">\n<p class=\"has-text-align-center has-large-font-size\" style=\"text-decoration:none\"><a href=\"https:\/\/www.hotelleftbank.com\/pt-pt\/visitar-paris\/monumentos\/\"><mark style=\"background-color:rgba(0, 0, 0, 0)\" class=\"has-inline-color has-custom-background-color\"><span style=\"text-decoration: underline;\">Monumentos<\/span><\/mark><\/a><\/p>\n<\/div><\/div>\n<\/div>\n\n\n\n<div class=\"wp-block-column is-layout-flow wp-block-column-is-layout-flow\">\n<div class=\"wp-block-cover is-style-tw-border-inner image-zoom tw-stretched-link tw-hover-opacity tw-ratio-1-1\"><span aria-hidden=\"true\" class=\"wp-block-cover__background has-custom-contrast-background-color has-background-dim-30 has-background-dim\"><\/span><img decoding=\"async\" sizes=\"(max-width: 799px) 200vw, (max-width: 385px) 100vw, 385px\" class=\"wp-block-cover__image-background wp-image-14571\" alt=\"\" src=\"https:\/\/www.hotelleftbank.com\/wp-content\/uploads\/2023\/10\/Museums-in-Paris-jpg.webp\" data-object-fit=\"cover\" title=\"\"><div class=\"wp-block-cover__inner-container is-layout-flow wp-block-cover-is-layout-flow\">\n<p class=\"has-text-align-center has-link-color has-large-font-size wp-elements-fb456feca5026d9dc2e4f202f5594862\" style=\"text-decoration:none\"><mark style=\"background-color:rgba(0, 0, 0, 0)\" class=\"has-inline-color has-custom-background-color\"><span style=\"text-decoration: underline;\"><a href=\"https:\/\/www.hotelleftbank.com\/pt-pt\/visitar-paris\/museus\/\">Museus<\/a><\/span><\/mark><\/p>\n<\/div><\/div>\n<\/div>\n\n\n\n<div class=\"wp-block-column is-layout-flow wp-block-column-is-layout-flow\">\n<div class=\"wp-block-cover is-style-tw-border-inner image-zoom tw-stretched-link tw-hover-opacity tw-ratio-1-1\"><span aria-hidden=\"true\" class=\"wp-block-cover__background has-custom-contrast-background-color has-background-dim-30 has-background-dim\"><\/span><img decoding=\"async\" sizes=\"(max-width: 799px) 200vw, (max-width: 385px) 100vw, 385px\" class=\"wp-block-cover__image-background wp-image-14563\" alt=\"\" src=\"https:\/\/www.hotelleftbank.com\/wp-content\/uploads\/2023\/10\/Restaurants-in-Paris-jpg.webp\" data-object-fit=\"cover\" title=\"\"><div class=\"wp-block-cover__inner-container is-layout-flow wp-block-cover-is-layout-flow\">\n<p class=\"has-text-align-center has-link-color has-large-font-size wp-elements-2e53bc9b1a8924a124f56bb2e6d7231e\" style=\"text-decoration:none\"><mark style=\"background-color:rgba(0, 0, 0, 0)\" class=\"has-inline-color has-custom-background-color\"><span style=\"text-decoration: underline;\"><a href=\"https:\/\/www.hotelleftbank.com\/pt-pt\/visitar-paris\/restaurantes\/\">Restaurantes<\/a><\/span><\/mark><\/p>\n<\/div><\/div>\n<\/div>\n<\/div>\n\n\n\n<div class=\"wp-block-columns leconteneur has-custom-links-beige-background-color has-background is-layout-flex wp-container-core-columns-is-layout-8c511434 wp-block-columns-is-layout-flex\" style=\"margin-top:var(--wp--preset--spacing--30);padding-top:0;padding-right:0;padding-bottom:0;padding-left:0\">\n<div class=\"wp-block-column is-layout-flow wp-block-column-is-layout-flow\">\n<div class=\"wp-block-cover is-light is-style-tw-border-inner image-zoom tw-stretched-link tw-hover-opacity tw-ratio-1-1\"><span aria-hidden=\"true\" class=\"wp-block-cover__background has-custom-contrast-background-color has-background-dim-30 has-background-dim\"><\/span><img decoding=\"async\" sizes=\"(max-width: 799px) 200vw, (max-width: 385px) 100vw, 385px\" class=\"wp-block-cover__image-background wp-image-14547\" alt=\"\" src=\"https:\/\/www.hotelleftbank.com\/wp-content\/uploads\/2023\/10\/Well-being-in-Paris-jpg.webp\" data-object-fit=\"cover\" title=\"\"><div class=\"wp-block-cover__inner-container is-layout-flow wp-block-cover-is-layout-flow\">\n<p class=\"has-text-align-center has-link-color has-large-font-size wp-elements-50f31470477de894c1820a42682cfaf2\" style=\"text-decoration:none\"><mark style=\"background-color:rgba(0, 0, 0, 0)\" class=\"has-inline-color has-custom-background-color\"><span style=\"text-decoration: underline;\"><a href=\"https:\/\/www.hotelleftbank.com\/pt-pt\/visitar-paris\/bem-estar\/\" data-type=\"page\" data-id=\"3196\">Bem-estar<\/a><\/span><\/mark><\/p>\n<\/div><\/div>\n<\/div>\n\n\n\n<div class=\"wp-block-column is-layout-flow wp-block-column-is-layout-flow\">\n<div class=\"wp-block-cover is-style-tw-border-inner image-zoom tw-stretched-link tw-hover-opacity tw-ratio-1-1\"><span aria-hidden=\"true\" class=\"wp-block-cover__background has-custom-contrast-background-color has-background-dim-30 has-background-dim\"><\/span><img decoding=\"async\" sizes=\"(max-width: 799px) 200vw, (max-width: 385px) 100vw, 385px\" class=\"wp-block-cover__image-background wp-image-14555\" alt=\"\" src=\"https:\/\/www.hotelleftbank.com\/wp-content\/uploads\/2023\/10\/Shopping-in-Paris-jpg.webp\" data-object-fit=\"cover\" title=\"\"><div class=\"wp-block-cover__inner-container is-layout-flow wp-block-cover-is-layout-flow\">\n<p class=\"has-text-align-center has-link-color has-large-font-size wp-elements-24efdc199fc092dca01724e74988d7a0\" style=\"text-decoration:none\"><mark style=\"background-color:rgba(0, 0, 0, 0)\" class=\"has-inline-color has-custom-background-color\"><span style=\"text-decoration: underline;\"><a href=\"https:\/\/www.hotelleftbank.com\/pt-pt\/visitar-paris\/shopping\/\">Shopping<\/a><\/span><\/mark><\/p>\n<\/div><\/div>\n<\/div>\n\n\n\n<div class=\"wp-block-column is-layout-flow wp-block-column-is-layout-flow\">\n<div class=\"wp-block-cover is-style-tw-border-inner image-zoom tw-stretched-link tw-hover-opacity tw-ratio-1-1\"><span aria-hidden=\"true\" class=\"wp-block-cover__background has-custom-contrast-background-color has-background-dim-30 has-background-dim\"><\/span><img decoding=\"async\" sizes=\"(max-width: 799px) 200vw, (max-width: 385px) 100vw, 385px\" class=\"wp-block-cover__image-background wp-image-14579\" alt=\"\" src=\"https:\/\/www.hotelleftbank.com\/wp-content\/uploads\/2023\/10\/Night-Life-in-Paris-jpg.webp\" data-object-fit=\"cover\" title=\"\"><div class=\"wp-block-cover__inner-container is-layout-flow wp-block-cover-is-layout-flow\">\n<p class=\"has-text-align-center has-link-color has-large-font-size wp-elements-921888c85495998694ec1ca05268a370\" style=\"text-decoration:none\"><mark style=\"background-color:rgba(0, 0, 0, 0)\" class=\"has-inline-color has-custom-background-color\"><span style=\"text-decoration: underline;\"><a href=\"https:\/\/www.hotelleftbank.com\/pt-pt\/visitar-paris\/vida-noturna\/\">Vida nocturna<\/a><\/span><\/mark><\/p>\n<\/div><\/div>\n<\/div>\n<\/div>\n","protected":false},"excerpt":{"rendered":"<p>Confie nas recomenda\u00e7\u00f5es especializadas de nossa experiente equipe de recep\u00e7\u00e3o no Hotel Left Bank Saint Germain para descobrir o melhor de Paris. De marcos ic\u00f4nicos a joias ocultas, eles o guiar\u00e3o para explorar bairros, saborear del\u00edcias culin\u00e1rias, descobrir arte e cultura e criar mem\u00f3rias inesquec\u00edveis durante sua estada na Cidade das Luzes.<\/p>\n","protected":false},"author":1,"featured_media":16583,"parent":0,"menu_order":0,"comment_status":"closed","ping_status":"closed","template":"wp-custom-template-le-template-des-pages-2023","meta":{"footnotes":""},"class_list":["post-8260","page","type-page","status-publish","has-post-thumbnail","hentry"],"_links":{"self":[{"href":"https:\/\/www.hotelleftbank.com\/pt-pt\/wp-json\/wp\/v2\/pages\/8260","targetHints":{"allow":["GET"]}}],"collection":[{"href":"https:\/\/www.hotelleftbank.com\/pt-pt\/wp-json\/wp\/v2\/pages"}],"about":[{"href":"https:\/\/www.hotelleftbank.com\/pt-pt\/wp-json\/wp\/v2\/types\/page"}],"author":[{"embeddable":true,"href":"https:\/\/www.hotelleftbank.com\/pt-pt\/wp-json\/wp\/v2\/users\/1"}],"replies":[{"embeddable":true,"href":"https:\/\/www.hotelleftbank.com\/pt-pt\/wp-json\/wp\/v2\/comments?post=8260"}],"version-history":[{"count":0,"href":"https:\/\/www.hotelleftbank.com\/pt-pt\/wp-json\/wp\/v2\/pages\/8260\/revisions"}],"wp:featuredmedia":[{"embeddable":true,"href":"https:\/\/www.hotelleftbank.com\/pt-pt\/wp-json\/wp\/v2\/media\/16583"}],"wp:attachment":[{"href":"https:\/\/www.hotelleftbank.com\/pt-pt\/wp-json\/wp\/v2\/media?parent=8260"}],"curies":[{"name":"wp","href":"https:\/\/api.w.org\/{rel}","templated":true}]}}