{"id":8282,"date":"2023-05-16T12:35:09","date_gmt":"2023-05-16T10:35:09","guid":{"rendered":"http:\/\/www.laperle.tess5418.odns.fr\/visitar-paris\/monumentos\/"},"modified":"2023-11-09T12:09:48","modified_gmt":"2023-11-09T11:09:48","slug":"monumentos","status":"publish","type":"page","link":"https:\/\/www.hotelleftbank.com\/pt-pt\/visitar-paris\/monumentos\/","title":{"rendered":"Monumentos"},"content":{"rendered":"\n<p class=\"has-text-align-justify\">Conhe\u00e7a a grandiosidade de Paris por meio de seus monumentos ic\u00f4nicos. Desde a majestosa Torre Eiffel at\u00e9 as pontes hist\u00f3ricas, cada monumento conta uma hist\u00f3ria de arte, hist\u00f3ria e brilho arquitet\u00f4nico. Admire a beleza atemporal da Catedral de Notre-Dame, passeie pelo opulento Pal\u00e1cio de Versalhes e deixe-se cativar pelo Arco do Triunfo. Os monumentos de Paris s\u00e3o um testemunho de seu rico patrim\u00f4nio cultural.    <\/p>\n\n<div class=\"wp-block-query is-layout-flow wp-block-query-is-layout-flow\"><ul class=\"columns-3 wp-block-post-template is-layout-grid wp-container-core-post-template-is-layout-6d3fbd8f wp-block-post-template-is-layout-grid\"><li class=\"wp-block-post post-8823 post type-post status-publish format-standard has-post-thumbnail hentry category-monumentos-pt-pt\">\n<figure class=\"bordure-doree image-zoom wp-block-post-featured-image\"><a href=\"https:\/\/www.hotelleftbank.com\/pt-pt\/monumentos-pt-pt\/pontes-de-paris\/\" target=\"_self\"  ><img loading=\"lazy\" decoding=\"async\" width=\"344\" height=\"173\" src=\"https:\/\/www.hotelleftbank.com\/wp-content\/uploads\/2023\/10\/Hotel-in-Paris-Monument-Bridges-of-Paris-jpg.webp\" class=\"attachment-post-thumbnail size-post-thumbnail wp-post-image\" alt=\"Pontes de Paris\" style=\"object-fit:cover;\" title=\"\"><\/a><\/figure>\n\n<h2 class=\"has-text-align-center has-link-color wp-elements-ec4dad56195e23fcce3ffc0f4f79024b wp-block-post-title has-medium-font-size\"><a href=\"https:\/\/www.hotelleftbank.com\/pt-pt\/monumentos-pt-pt\/pontes-de-paris\/\" target=\"_self\" >Pontes de Paris<\/a><\/h2>\n<\/li><li class=\"wp-block-post post-8594 post type-post status-publish format-standard has-post-thumbnail hentry category-monumentos-pt-pt\">\n<figure class=\"bordure-doree image-zoom wp-block-post-featured-image\"><a href=\"https:\/\/www.hotelleftbank.com\/pt-pt\/monumentos-pt-pt\/o-arco-triunfal\/\" target=\"_self\"  ><img loading=\"lazy\" decoding=\"async\" width=\"344\" height=\"173\" src=\"https:\/\/www.hotelleftbank.com\/wp-content\/uploads\/2023\/10\/Hotel-in-Paris-Monument-Triumphal-Arc-jpg.webp\" class=\"attachment-post-thumbnail size-post-thumbnail wp-post-image\" alt=\"o arco triunfal\" style=\"object-fit:cover;\" title=\"\"><\/a><\/figure>\n\n<h2 class=\"has-text-align-center has-link-color wp-elements-ec4dad56195e23fcce3ffc0f4f79024b wp-block-post-title has-medium-font-size\"><a href=\"https:\/\/www.hotelleftbank.com\/pt-pt\/monumentos-pt-pt\/o-arco-triunfal\/\" target=\"_self\" >o arco triunfal<\/a><\/h2>\n<\/li><li class=\"wp-block-post post-8757 post type-post status-publish format-standard has-post-thumbnail hentry category-monumentos-pt-pt\">\n<figure class=\"bordure-doree image-zoom wp-block-post-featured-image\"><a href=\"https:\/\/www.hotelleftbank.com\/pt-pt\/monumentos-pt-pt\/castelo-de-versalhes\/\" target=\"_self\"  ><img loading=\"lazy\" decoding=\"async\" width=\"344\" height=\"173\" src=\"https:\/\/www.hotelleftbank.com\/wp-content\/uploads\/2023\/10\/Hotel-in-Paris-Monument-Castle-of-Versailles-jpg.webp\" class=\"attachment-post-thumbnail size-post-thumbnail wp-post-image\" alt=\"Castelo de Versalhes\" style=\"object-fit:cover;\" title=\"\"><\/a><\/figure>\n\n<h2 class=\"has-text-align-center has-link-color wp-elements-ec4dad56195e23fcce3ffc0f4f79024b wp-block-post-title has-medium-font-size\"><a href=\"https:\/\/www.hotelleftbank.com\/pt-pt\/monumentos-pt-pt\/castelo-de-versalhes\/\" target=\"_self\" >Castelo de Versalhes<\/a><\/h2>\n<\/li><li class=\"wp-block-post post-8775 post type-post status-publish format-standard has-post-thumbnail hentry category-monumentos-pt-pt\">\n<figure class=\"bordure-doree image-zoom wp-block-post-featured-image\"><a href=\"https:\/\/www.hotelleftbank.com\/pt-pt\/monumentos-pt-pt\/sacre-coeur\/\" target=\"_self\"  ><img loading=\"lazy\" decoding=\"async\" width=\"344\" height=\"173\" src=\"https:\/\/www.hotelleftbank.com\/wp-content\/uploads\/2023\/10\/Hotel-in-Paris-Monument-Montmartre-Sacre-Coeur-jpg.webp\" class=\"attachment-post-thumbnail size-post-thumbnail wp-post-image\" alt=\"Sacr\u00e9 Coeur\" style=\"object-fit:cover;\" title=\"\"><\/a><\/figure>\n\n<h2 class=\"has-text-align-center has-link-color wp-elements-ec4dad56195e23fcce3ffc0f4f79024b wp-block-post-title has-medium-font-size\"><a href=\"https:\/\/www.hotelleftbank.com\/pt-pt\/monumentos-pt-pt\/sacre-coeur\/\" target=\"_self\" >Sacr\u00e9 Coeur<\/a><\/h2>\n<\/li><li class=\"wp-block-post post-8807 post type-post status-publish format-standard has-post-thumbnail hentry category-monumentos-pt-pt\">\n<figure class=\"bordure-doree image-zoom wp-block-post-featured-image\"><a href=\"https:\/\/www.hotelleftbank.com\/pt-pt\/monumentos-pt-pt\/notre-dame-de-paris\/\" target=\"_self\"  ><img loading=\"lazy\" decoding=\"async\" width=\"344\" height=\"173\" src=\"https:\/\/www.hotelleftbank.com\/wp-content\/uploads\/2023\/10\/Hotel-in-Paris-Monument-Notre-Dame-de-Paris-jpg.webp\" class=\"attachment-post-thumbnail size-post-thumbnail wp-post-image\" alt=\"Notre Dame de Paris\" style=\"object-fit:cover;\" title=\"\"><\/a><\/figure>\n\n<h2 class=\"has-text-align-center has-link-color wp-elements-ec4dad56195e23fcce3ffc0f4f79024b wp-block-post-title has-medium-font-size\"><a href=\"https:\/\/www.hotelleftbank.com\/pt-pt\/monumentos-pt-pt\/notre-dame-de-paris\/\" target=\"_self\" >Notre Dame de Paris<\/a><\/h2>\n<\/li><li class=\"wp-block-post post-8791 post type-post status-publish format-standard has-post-thumbnail hentry category-monumentos-pt-pt\">\n<figure class=\"bordure-doree image-zoom wp-block-post-featured-image\"><a href=\"https:\/\/www.hotelleftbank.com\/pt-pt\/monumentos-pt-pt\/a-torre-eiffel\/\" target=\"_self\"  ><img loading=\"lazy\" decoding=\"async\" width=\"1920\" height=\"965\" src=\"https:\/\/www.hotelleftbank.com\/wp-content\/uploads\/2026\/03\/Tour-Eiffel-1920x965-1.jpg\" class=\"attachment-post-thumbnail size-post-thumbnail wp-post-image\" alt=\"A Torre Eiffel\" style=\"object-fit:cover;\" srcset=\"https:\/\/www.hotelleftbank.com\/wp-content\/uploads\/2026\/03\/Tour-Eiffel-1920x965-1.jpg 1920w, https:\/\/www.hotelleftbank.com\/wp-content\/uploads\/2026\/03\/Tour-Eiffel-1920x965-1-300x151.jpg 300w, https:\/\/www.hotelleftbank.com\/wp-content\/uploads\/2026\/03\/Tour-Eiffel-1920x965-1-1024x515.jpg 1024w, https:\/\/www.hotelleftbank.com\/wp-content\/uploads\/2026\/03\/Tour-Eiffel-1920x965-1-768x386.jpg 768w, https:\/\/www.hotelleftbank.com\/wp-content\/uploads\/2026\/03\/Tour-Eiffel-1920x965-1-1536x772.jpg 1536w\" sizes=\"auto, (max-width: 1920px) 100vw, 1920px\" title=\"\"><\/a><\/figure>\n\n<h2 class=\"has-text-align-center has-link-color wp-elements-ec4dad56195e23fcce3ffc0f4f79024b wp-block-post-title has-medium-font-size\"><a href=\"https:\/\/www.hotelleftbank.com\/pt-pt\/monumentos-pt-pt\/a-torre-eiffel\/\" target=\"_self\" >A Torre Eiffel<\/a><\/h2>\n<\/li><\/ul>\n\n<\/div>\n","protected":false},"excerpt":{"rendered":"<p>Conhe\u00e7a a grandiosidade de Paris por meio de seus monumentos ic\u00f4nicos. Desde a majestosa Torre Eiffel at\u00e9 as pontes hist\u00f3ricas, cada monumento conta uma hist\u00f3ria de arte, hist\u00f3ria e brilho arquitet\u00f4nico. Admire a beleza atemporal da Catedral de Notre-Dame, passeie pelo opulento Pal\u00e1cio de Versalhes e deixe-se cativar pelo Arco do Triunfo. Os monumentos de [&hellip;]<\/p>\n","protected":false},"author":1,"featured_media":16791,"parent":8260,"menu_order":1,"comment_status":"closed","ping_status":"closed","template":"wp-custom-template-le-template-des-pages-2023","meta":{"footnotes":""},"class_list":["post-8282","page","type-page","status-publish","has-post-thumbnail","hentry"],"_links":{"self":[{"href":"https:\/\/www.hotelleftbank.com\/pt-pt\/wp-json\/wp\/v2\/pages\/8282","targetHints":{"allow":["GET"]}}],"collection":[{"href":"https:\/\/www.hotelleftbank.com\/pt-pt\/wp-json\/wp\/v2\/pages"}],"about":[{"href":"https:\/\/www.hotelleftbank.com\/pt-pt\/wp-json\/wp\/v2\/types\/page"}],"author":[{"embeddable":true,"href":"https:\/\/www.hotelleftbank.com\/pt-pt\/wp-json\/wp\/v2\/users\/1"}],"replies":[{"embeddable":true,"href":"https:\/\/www.hotelleftbank.com\/pt-pt\/wp-json\/wp\/v2\/comments?post=8282"}],"version-history":[{"count":0,"href":"https:\/\/www.hotelleftbank.com\/pt-pt\/wp-json\/wp\/v2\/pages\/8282\/revisions"}],"up":[{"embeddable":true,"href":"https:\/\/www.hotelleftbank.com\/pt-pt\/wp-json\/wp\/v2\/pages\/8260"}],"wp:featuredmedia":[{"embeddable":true,"href":"https:\/\/www.hotelleftbank.com\/pt-pt\/wp-json\/wp\/v2\/media\/16791"}],"wp:attachment":[{"href":"https:\/\/www.hotelleftbank.com\/pt-pt\/wp-json\/wp\/v2\/media?parent=8282"}],"curies":[{"name":"wp","href":"https:\/\/api.w.org\/{rel}","templated":true}]}}