{"id":8290,"date":"2023-05-16T12:38:32","date_gmt":"2023-05-16T10:38:32","guid":{"rendered":"http:\/\/www.laperle.tess5418.odns.fr\/visitar-paris\/museus\/"},"modified":"2023-11-09T12:10:10","modified_gmt":"2023-11-09T11:10:10","slug":"museus","status":"publish","type":"page","link":"https:\/\/www.hotelleftbank.com\/pt-pt\/visitar-paris\/museus\/","title":{"rendered":"Museus"},"content":{"rendered":"\n<p class=\"has-text-align-justify\">Explore o mundo cativante dos museus parisienses. Mergulhe na arte no Museu do Louvre, lar da ic\u00f4nica Mona Lisa. Descubra as obras-primas impressionistas no Mus\u00e9e d&#8217;Orsay. Mergulhe na arte moderna e contempor\u00e2nea no Centre Pompidou. Os museus de Paris oferecem um tesouro de maravilhas culturais para todos os entusiastas da arte.     <\/p>\n\n<div class=\"wp-block-query is-layout-flow wp-block-query-is-layout-flow\"><ul class=\"columns-3 wp-block-post-template is-layout-grid wp-container-core-post-template-is-layout-6d3fbd8f wp-block-post-template-is-layout-grid\"><li class=\"wp-block-post post-8616 post type-post status-publish format-standard has-post-thumbnail hentry category-museus-pt-pt\">\n<figure class=\"bordure-doree image-zoom wp-block-post-featured-image\"><a href=\"https:\/\/www.hotelleftbank.com\/pt-pt\/museus-pt-pt\/museu-rodin\/\" target=\"_self\"  ><img loading=\"lazy\" decoding=\"async\" width=\"344\" height=\"173\" src=\"https:\/\/www.hotelleftbank.com\/wp-content\/uploads\/2023\/10\/Hotel-in-Paris-Museum-Rodin-Museum-jpg.webp\" class=\"attachment-post-thumbnail size-post-thumbnail wp-post-image\" alt=\"Museu Rodin\" style=\"object-fit:cover;\" title=\"\"><\/a><\/figure>\n\n<h2 class=\"has-text-align-center has-link-color wp-elements-ec4dad56195e23fcce3ffc0f4f79024b wp-block-post-title has-medium-font-size\"><a href=\"https:\/\/www.hotelleftbank.com\/pt-pt\/museus-pt-pt\/museu-rodin\/\" target=\"_self\" >Museu Rodin<\/a><\/h2>\n<\/li><li class=\"wp-block-post post-8839 post type-post status-publish format-standard has-post-thumbnail hentry category-museus-pt-pt\">\n<figure class=\"bordure-doree image-zoom wp-block-post-featured-image\"><a href=\"https:\/\/www.hotelleftbank.com\/pt-pt\/museus-pt-pt\/museu-do-quai-branly\/\" target=\"_self\"  ><img loading=\"lazy\" decoding=\"async\" width=\"344\" height=\"173\" src=\"https:\/\/www.hotelleftbank.com\/wp-content\/uploads\/2023\/10\/Hotel-in-Paris-Museum-Quai-Branly-Museum-jpg.webp\" class=\"attachment-post-thumbnail size-post-thumbnail wp-post-image\" alt=\"Museu do Quai Branly\" style=\"object-fit:cover;\" title=\"\"><\/a><\/figure>\n\n<h2 class=\"has-text-align-center has-link-color wp-elements-ec4dad56195e23fcce3ffc0f4f79024b wp-block-post-title has-medium-font-size\"><a href=\"https:\/\/www.hotelleftbank.com\/pt-pt\/museus-pt-pt\/museu-do-quai-branly\/\" target=\"_self\" >Museu do Quai Branly<\/a><\/h2>\n<\/li><li class=\"wp-block-post post-8853 post type-post status-publish format-standard has-post-thumbnail hentry category-museus-pt-pt\">\n<figure class=\"bordure-doree image-zoom wp-block-post-featured-image\"><a href=\"https:\/\/www.hotelleftbank.com\/pt-pt\/museus-pt-pt\/museu-de-arte-moderna\/\" target=\"_self\"  ><img loading=\"lazy\" decoding=\"async\" width=\"344\" height=\"173\" src=\"https:\/\/www.hotelleftbank.com\/wp-content\/uploads\/2023\/10\/Hotel-in-Paris-Museum-Modern-Art-Museum-jpg.webp\" class=\"attachment-post-thumbnail size-post-thumbnail wp-post-image\" alt=\"Museu de Arte Moderna\" style=\"object-fit:cover;\" title=\"\"><\/a><\/figure>\n\n<h2 class=\"has-text-align-center has-link-color wp-elements-ec4dad56195e23fcce3ffc0f4f79024b wp-block-post-title has-medium-font-size\"><a href=\"https:\/\/www.hotelleftbank.com\/pt-pt\/museus-pt-pt\/museu-de-arte-moderna\/\" target=\"_self\" >Museu de Arte Moderna<\/a><\/h2>\n<\/li><li class=\"wp-block-post post-8867 post type-post status-publish format-standard has-post-thumbnail hentry category-museus-pt-pt\">\n<figure class=\"bordure-doree image-zoom wp-block-post-featured-image\"><a href=\"https:\/\/www.hotelleftbank.com\/pt-pt\/museus-pt-pt\/centro-pompidou\/\" target=\"_self\"  ><img loading=\"lazy\" decoding=\"async\" width=\"344\" height=\"173\" src=\"https:\/\/www.hotelleftbank.com\/wp-content\/uploads\/2023\/10\/Hotel-in-Paris-Museum-Pompidou-Center-jpg.webp\" class=\"attachment-post-thumbnail size-post-thumbnail wp-post-image\" alt=\"Centro Pompidou\" style=\"object-fit:cover;\" title=\"\"><\/a><\/figure>\n\n<h2 class=\"has-text-align-center has-link-color wp-elements-ec4dad56195e23fcce3ffc0f4f79024b wp-block-post-title has-medium-font-size\"><a href=\"https:\/\/www.hotelleftbank.com\/pt-pt\/museus-pt-pt\/centro-pompidou\/\" target=\"_self\" >Centro Pompidou<\/a><\/h2>\n<\/li><li class=\"wp-block-post post-8883 post type-post status-publish format-standard has-post-thumbnail hentry category-museus-pt-pt\">\n<figure class=\"bordure-doree image-zoom wp-block-post-featured-image\"><a href=\"https:\/\/www.hotelleftbank.com\/pt-pt\/museus-pt-pt\/museu-de-orsay\/\" target=\"_self\"  ><img loading=\"lazy\" decoding=\"async\" width=\"344\" height=\"173\" src=\"https:\/\/www.hotelleftbank.com\/wp-content\/uploads\/2023\/10\/Hotel-in-Paris-Museum-Modern-Orsay-Museum-jpg.webp\" class=\"attachment-post-thumbnail size-post-thumbnail wp-post-image\" alt=\"Museu de Orsay\" style=\"object-fit:cover;\" title=\"\"><\/a><\/figure>\n\n<h2 class=\"has-text-align-center has-link-color wp-elements-ec4dad56195e23fcce3ffc0f4f79024b wp-block-post-title has-medium-font-size\"><a href=\"https:\/\/www.hotelleftbank.com\/pt-pt\/museus-pt-pt\/museu-de-orsay\/\" target=\"_self\" >Museu de Orsay<\/a><\/h2>\n<\/li><li class=\"wp-block-post post-8901 post type-post status-publish format-standard has-post-thumbnail hentry category-museus-pt-pt\">\n<figure class=\"bordure-doree image-zoom wp-block-post-featured-image\"><a href=\"https:\/\/www.hotelleftbank.com\/pt-pt\/museus-pt-pt\/museu-do-louvre\/\" target=\"_self\"  ><img loading=\"lazy\" decoding=\"async\" width=\"344\" height=\"173\" src=\"https:\/\/www.hotelleftbank.com\/wp-content\/uploads\/2023\/10\/Hotel-in-Paris-Museum-Louvre-Museum-jpg.webp\" class=\"attachment-post-thumbnail size-post-thumbnail wp-post-image\" alt=\"Museu do Louvre\" style=\"object-fit:cover;\" title=\"\"><\/a><\/figure>\n\n<h2 class=\"has-text-align-center has-link-color wp-elements-ec4dad56195e23fcce3ffc0f4f79024b wp-block-post-title has-medium-font-size\"><a href=\"https:\/\/www.hotelleftbank.com\/pt-pt\/museus-pt-pt\/museu-do-louvre\/\" target=\"_self\" >Museu do Louvre<\/a><\/h2>\n<\/li><\/ul>\n\n<\/div>\n","protected":false},"excerpt":{"rendered":"<p>Explore o mundo cativante dos museus parisienses. Mergulhe na arte no Museu do Louvre, lar da ic\u00f4nica Mona Lisa. Descubra as obras-primas impressionistas no Mus\u00e9e d&#8217;Orsay. Mergulhe na arte moderna e contempor\u00e2nea no Centre Pompidou. Os museus de Paris oferecem um tesouro de maravilhas culturais para todos os entusiastas da arte.<\/p>\n","protected":false},"author":1,"featured_media":15373,"parent":8260,"menu_order":2,"comment_status":"closed","ping_status":"closed","template":"wp-custom-template-le-template-des-pages-2023","meta":{"footnotes":""},"class_list":["post-8290","page","type-page","status-publish","has-post-thumbnail","hentry"],"_links":{"self":[{"href":"https:\/\/www.hotelleftbank.com\/pt-pt\/wp-json\/wp\/v2\/pages\/8290","targetHints":{"allow":["GET"]}}],"collection":[{"href":"https:\/\/www.hotelleftbank.com\/pt-pt\/wp-json\/wp\/v2\/pages"}],"about":[{"href":"https:\/\/www.hotelleftbank.com\/pt-pt\/wp-json\/wp\/v2\/types\/page"}],"author":[{"embeddable":true,"href":"https:\/\/www.hotelleftbank.com\/pt-pt\/wp-json\/wp\/v2\/users\/1"}],"replies":[{"embeddable":true,"href":"https:\/\/www.hotelleftbank.com\/pt-pt\/wp-json\/wp\/v2\/comments?post=8290"}],"version-history":[{"count":0,"href":"https:\/\/www.hotelleftbank.com\/pt-pt\/wp-json\/wp\/v2\/pages\/8290\/revisions"}],"up":[{"embeddable":true,"href":"https:\/\/www.hotelleftbank.com\/pt-pt\/wp-json\/wp\/v2\/pages\/8260"}],"wp:featuredmedia":[{"embeddable":true,"href":"https:\/\/www.hotelleftbank.com\/pt-pt\/wp-json\/wp\/v2\/media\/15373"}],"wp:attachment":[{"href":"https:\/\/www.hotelleftbank.com\/pt-pt\/wp-json\/wp\/v2\/media?parent=8290"}],"curies":[{"name":"wp","href":"https:\/\/api.w.org\/{rel}","templated":true}]}}