{"id":8345,"date":"2023-05-29T22:40:22","date_gmt":"2023-05-29T20:40:22","guid":{"rendered":"http:\/\/www.laperle.tess5418.odns.fr\/mapa-e-acesso\/"},"modified":"2023-12-01T09:24:32","modified_gmt":"2023-12-01T08:24:32","slug":"mapa-e-acesso","status":"publish","type":"page","link":"https:\/\/www.hotelleftbank.com\/pt-pt\/mapa-e-acesso\/","title":{"rendered":"Mapa e acesso"},"content":{"rendered":"\n<h2 class=\"wp-block-heading\">Localizar o hotel<\/h2>\n\n<p class=\"has-text-align-justify has-link-color wp-elements-f5c4057f4ba0f4ba2e4fb3f5064626c7\">O Hotel Left Bank est\u00e1 idealmente situado no vibrante bairro de Saint-Germain-des-Pr\u00e9s, oferecendo aos h\u00f3spedes uma localiza\u00e7\u00e3o privilegiada no cora\u00e7\u00e3o de Paris. <a href=\"https:\/\/www.hotelleftbank.com\/pt-pt\/visitar-paris\/\" data-type=\"page\" data-id=\"980\">Explore marcos ic\u00f4nicos, butiques da moda e pontos de interesse cultural a poucos minutos de nossa porta.<\/a>.<\/p>\n\n<div style=\"height:10px\" aria-hidden=\"true\" class=\"wp-block-spacer\"><\/div>\n<style type=\"text\/css\" id=\"gmpMapStyles_1_13521\">\r\n\t#google_map_easy_1_13521 {\r\n        width: 100%;\r\n        height: 550px;\r\n\t\t\t\t\t\t    }\r\n\t#gmapControlsNum_1_13521 {\r\n\t\twidth:100%\t}\r\n\t.gmpMapDetailsContainer#gmpMapDetailsContainer_1_13521 {\r\n\t\theight:550px;\r\n\t}\r\n\t.gmp_MapPreview#google_map_easy_1_13521 {\r\n\t\t\/*position:absolute;*\/\r\n\t\twidth: 100%;\r\n\t}\r\n\t#mapConElem_1_13521{\r\n\t\twidth: 100%\t}\r\n    .gm-style .gm-style-iw-c{\r\n        padding: 12px!important;\r\n    }\r\n\t    <\/style>\r\n <div class=\"gmp_map_opts\" id=\"mapConElem_1_13521\" data-id=\"1\" data-view-id=\"1_13521\" > <div class=\"gmpMapDetailsContainer\" id=\"gmpMapDetailsContainer_1_13521\"> <i class=\"gmpKMLLayersPreloader fa fa-spinner fa-spin\" aria-hidden=\"true\" style=\"display: none;\"><\/i> <div class=\"gmp_MapPreview \" id=\"google_map_easy_1_13521\"><\/div> <\/div> <div class=\"gmpMapMarkerFilters\" id=\"gmpMapMarkerFilters_1_13521\"> <\/div> <div class=\"gmpMapProControlsCon\" id=\"gmpMapProControlsCon_1_13521\"> <a title=\"Google Map Plugin\" style=\"display:none;\" href=\"https:\/\/supsystic.com\/plugins\/google-maps-plugin\/?utm_medium=love_link_hide\" target=\"_blank\" rel=\"noopener\">Google Map Plugin<\/a><div style=\"clear: both;\"><\/div> <\/div> <div class=\"gmpMapProDirectionsCon\" id=\"gmpMapProDirectionsCon_1_13521\" > <\/div> <div class=\"gmpMapProKmlFilterCon\" id=\"gmpMapProKmlFilterCon_1_13521\" > <\/div> <div class=\"gmpSocialSharingShell gmpSocialSharingShell_1_13521\"> <\/div> <div style=\"clear: both;\"><\/div> <\/div> \n\n<hr class=\"wp-block-separator has-text-color has-custom-primary-color has-alpha-channel-opacity has-custom-primary-background-color has-background is-style-wide\" style=\"width: 200px; max-width: 100%;margin-top:var(--wp--preset--spacing--40);margin-bottom:0\"\/>\n\n\n\n<hr class=\"wp-block-separator aligncenter has-text-color has-custom-primary-color has-alpha-channel-opacity has-custom-primary-background-color has-background\" style=\"width: 300px; max-width: 100%;margin-top:5px\"\/>\n\n\n\n<hr class=\"wp-block-separator aligncenter has-text-color has-custom-primary-color has-alpha-channel-opacity has-custom-primary-background-color has-background\" style=\"width: 200px; max-width: 100%;margin-top:5px;margin-bottom:var(--wp--preset--spacing--30)\"\/>\n\n<h2 class=\"wp-block-heading\">Como chegar ao hotel<\/h2>\n\n<p class=\"has-large-font-size\"><strong>Dos aeroportos de Paris<\/strong><\/p>\n\n<ul class=\"wp-block-list\">\n<li><strong>Aeroporto Charles de Gaulle (CDG)<\/strong><\/li>\n<\/ul>\n\n<p class=\"has-text-align-justify\" style=\"margin-top:0;margin-right:0;margin-bottom:0;margin-left:0;padding-top:0;padding-right:0;padding-bottom:0;padding-left:0\"><strong>Por t\u00e1xi :<\/strong> Cerca de 1 hora &#8211; O pre\u00e7o de um t\u00e1xi comum pego em um ponto de t\u00e1xi \u00e9 fixo e custa 62 euros com bagagem inclu\u00edda. Tome cuidado com o falso motorista de t\u00e1xi e confirme com ele a tarifa antes de entrar no carro. <\/p>\n\n<p class=\"has-text-align-justify\" style=\"margin-top:0;margin-right:0;margin-bottom:0;margin-left:0\">Tamb\u00e9m podemos providenciar um traslado para voc\u00ea no aeroporto, pois trabalhamos com v\u00e1rias empresas. Esse servi\u00e7o \u00e9 mais caro, pois o motorista precisa estacionar e esperar por voc\u00ea. Ele o ajudar\u00e1 com a bagagem e o aguardar\u00e1 ap\u00f3s a alf\u00e2ndega com uma placa em seu nome.   A tarifa para 2 pessoas \u00e9 de aproximadamente 90 euros.<\/p>\n\n<p class=\"has-text-align-justify\" style=\"margin-top:0;margin-right:0;margin-bottom:0;margin-left:0;padding-top:0;padding-right:0;padding-bottom:0;padding-left:0\">O traslado do hotel para o aeroporto \u00e9 mais barato, pois o motorista n\u00e3o precisa estacionar e esperar por voc\u00ea. O custo \u00e9 de cerca de 70 euros. <\/p>\n\n<p class=\"has-text-align-justify\" style=\"margin-top:0;margin-right:0;margin-bottom:0;margin-left:0;padding-top:0;padding-right:0;padding-bottom:0;padding-left:0\"><strong>De trem:<\/strong> cerca de 1 hora &#8211; Voc\u00ea tamb\u00e9m pode pegar o trem RER B no aeroporto para a esta\u00e7\u00e3o Saint Michel e, em seguida, a linha 4 do metr\u00f4 e parar em &#8220;Od\u00e9on&#8221; (a 100 metros do hotel).<\/p>\n\n<ul class=\"wp-block-list\">\n<li><strong>Aeroporto ORLY (ORY)<\/strong><\/li>\n<\/ul>\n\n<p class=\"has-text-align-justify\" style=\"margin-top:0;margin-right:0;margin-bottom:0;margin-left:0\"><strong><strong>Por t\u00e1xi :<\/strong><\/strong>Cerca de 45 minutos &#8211; O pre\u00e7o de um t\u00e1xi comum pego em um ponto de t\u00e1xi \u00e9 fixo e custa 35 euros com bagagem inclu\u00edda. Tome cuidado com o falso motorista de t\u00e1xi e confirme com ele a tarifa antes de entrar no carro. <\/p>\n\n<p class=\"has-text-align-justify\" style=\"margin-top:0;margin-right:0;margin-bottom:0;margin-left:0;padding-top:0;padding-right:0;padding-bottom:0;padding-left:0\">Tamb\u00e9m podemos providenciar um traslado para voc\u00ea no aeroporto, pois trabalhamos com v\u00e1rias empresas. Esse servi\u00e7o \u00e9 mais caro, pois o motorista precisa estacionar e esperar por voc\u00ea. Ele o ajudar\u00e1 com a bagagem e o aguardar\u00e1 ap\u00f3s a alf\u00e2ndega com uma placa em seu nome.   A tarifa para 2 pessoas \u00e9 de aproximadamente 70 euros.<\/p>\n\n<p class=\"has-text-align-justify\" style=\"margin-top:0;margin-right:0;margin-bottom:0;margin-left:0;padding-top:0;padding-right:0;padding-bottom:0;padding-left:0\">O traslado do hotel para o aeroporto \u00e9 mais barato, pois o motorista n\u00e3o precisa estacionar e esperar por voc\u00ea. Custou cerca de 45 euros.<\/p>\n\n<p class=\"has-text-align-justify\" style=\"margin-top:0;margin-right:0;margin-bottom:0;margin-left:0;padding-top:0;padding-right:0;padding-bottom:0;padding-left:0\"><strong>De trem:<\/strong> Cerca de 1 hora &#8211; Voc\u00ea teria que trocar 3 vezes: Pegue o Orlyval no aeroporto e pare em Anthony. Em seguida, troque para o RER B e des\u00e7a na esta\u00e7\u00e3o &#8220;St Michel Notre Dame&#8221;. L\u00e1, troque para a linha 4 do metr\u00f4 e des\u00e7a na esta\u00e7\u00e3o &#8220;Odeon&#8221; (a 100 metros do hotel).  <\/p>\n\n<p class=\"has-text-align-justify has-large-font-size\"><strong>Das esta\u00e7\u00f5es de trem parisienses<\/strong><\/p>\n\n<ul class=\"wp-block-list\">\n<li><strong>Gare du Nord <\/strong><\/li>\n<\/ul>\n\n<p class=\"has-text-align-justify\" style=\"margin-top:0;margin-right:0;margin-bottom:0;margin-left:0\"><strong>Por t\u00e1xi :<\/strong> Dependendo do tr\u00e2nsito, o tempo de viagem de t\u00e1xi \u00e9 de cerca de 20 minutos<\/p>\n\n<p class=\"has-text-align-justify\" style=\"margin-top:0;margin-right:0;margin-bottom:0;margin-left:0\"><strong>De metr\u00f4:<\/strong> Cerca de 19 minutos &#8211; Da esta\u00e7\u00e3o Gare du Nord, pegue a linha 4 do metr\u00f4, em dire\u00e7\u00e3o a &#8220;Bagneux Lucie Aubrac&#8221; e des\u00e7a na esta\u00e7\u00e3o &#8220;Odeon&#8221; (a 100 metros do hotel)<\/p>\n\n<ul class=\"wp-block-list\">\n<li><strong>Gare Montparnasse<\/strong><\/li>\n<\/ul>\n\n<p class=\"has-text-align-justify\" style=\"margin-top:0;margin-right:0;margin-bottom:0;margin-left:0\"><strong>Por t\u00e1xi :<\/strong> Dependendo do tr\u00e2nsito, o tempo de viagem de t\u00e1xi \u00e9 de cerca de 10 minutos<\/p>\n\n<p class=\"has-text-align-justify\" style=\"margin-top:0;margin-right:0;margin-bottom:0;margin-left:0\"><strong>De metr\u00f4:<\/strong> Cerca de 17 minutos &#8211; Da esta\u00e7\u00e3o &#8220;Montparnasse Bienvenue&#8221;, pegue a linha 4 do metr\u00f4, dire\u00e7\u00e3o &#8220;Porte de Clignancourt&#8221; e des\u00e7a na esta\u00e7\u00e3o &#8220;Odeon&#8221; (a 100 metros do hotel)<\/p>\n\n<ul class=\"wp-block-list\">\n<li><strong>Gare de Lyon<\/strong><\/li>\n<\/ul>\n\n<p class=\"has-text-align-justify\" style=\"margin-top:0;margin-right:0;margin-bottom:0;margin-left:0\"><strong>Por t\u00e1xi :<\/strong> Dependendo do tr\u00e2nsito, o tempo de viagem de t\u00e1xi \u00e9 de cerca de 20 minutos<\/p>\n\n<p class=\"has-text-align-justify\" style=\"margin-top:0;margin-right:0;margin-bottom:0;margin-left:0\"><strong>De \u00f4nibus:<\/strong> cerca de 23 minutos &#8211; Da esta\u00e7\u00e3o &#8220;Gare de Lyon&#8221;, pegue o \u00f4nibus 63, dire\u00e7\u00e3o &#8220;Porte de la Muette&#8221; e pare na esta\u00e7\u00e3o &#8220;Odeon&#8221; (a 100 metros do hotel)<\/p>\n\n<p class=\"has-text-align-justify has-large-font-size\"><strong>Das esta\u00e7\u00f5es de metr\u00f4 de Paris<\/strong><\/p>\n\n<ul class=\"wp-block-list\">\n<li><strong>Esta\u00e7\u00e3o &#8220;odeon&#8221;<\/strong><\/li>\n<\/ul>\n\n<p class=\"has-text-align-justify\" style=\"margin-top:0;margin-right:0;margin-bottom:0;margin-left:0\"><strong>A p\u00e9:<\/strong> 100 metros &#8211; 2 minutos &#8211; Da esta\u00e7\u00e3o de metr\u00f4 &#8220;Odeon&#8221;, caminhe para o norte na Rue de l&#8217;ancienne comedie por aproximadamente 80 metros. Voc\u00ea encontrar\u00e1 o Hotel Left Bank \u00e0 sua direita. <\/p>\n\n<ul class=\"wp-block-list\">\n<li><strong>Esta\u00e7\u00e3o &#8220;Saint Germain des Pr\u00e9s&#8221;<\/strong><\/li>\n<\/ul>\n\n<p class=\"has-text-align-justify\" style=\"margin-top:0;margin-right:0;margin-bottom:0;margin-left:0\"><strong>A p\u00e9:<\/strong> 450 metros &#8211; 6 minutos &#8211; Da esta\u00e7\u00e3o de metr\u00f4 &#8220;Saint-Germain-des-Pr\u00e9s&#8221;, caminhe para o leste na Boulevard Saint Germain por aproximadamente 400 metros. Vire \u00e0 esquerda na Rue de l&#8217;ancienne comedie. Voc\u00ea encontrar\u00e1 o Hotel Left Bank \u00e0 sua direita ap\u00f3s 80 metros.  <\/p>\n\n<ul class=\"wp-block-list\">\n<li><strong>Esta\u00e7\u00e3o &#8220;Mabillon&#8221;<\/strong><\/li>\n<\/ul>\n\n<p class=\"has-text-align-justify\" style=\"margin-top:0;margin-right:0;margin-bottom:0;margin-left:0\"><strong>A p\u00e9:<\/strong> 350 metros &#8211; 5 minutos &#8211; Da esta\u00e7\u00e3o de metr\u00f4 &#8220;Mabillon&#8221;, caminhe para o leste no boulevard Saint Germain por aproximadamente 200 metros. Vire \u00e0 esquerda na Rue de l&#8217;ancienne comedie. Voc\u00ea encontrar\u00e1 o Hotel Left Bank \u00e0 sua direita ap\u00f3s 80 metros.  <\/p>\n","protected":false},"excerpt":{"rendered":"<p>Localizar o hotel O Hotel Left Bank est\u00e1 idealmente situado no vibrante bairro de Saint-Germain-des-Pr\u00e9s, oferecendo aos h\u00f3spedes uma localiza\u00e7\u00e3o privilegiada no cora\u00e7\u00e3o de Paris. Explore marcos ic\u00f4nicos, butiques da moda e pontos de interesse cultural a poucos minutos de nossa porta.. Como chegar ao hotel Dos aeroportos de Paris Por t\u00e1xi : Cerca de [&hellip;]<\/p>\n","protected":false},"author":2,"featured_media":7217,"parent":0,"menu_order":0,"comment_status":"closed","ping_status":"closed","template":"wp-custom-template-le-template-des-pages-2023","meta":{"footnotes":""},"class_list":["post-8345","page","type-page","status-publish","has-post-thumbnail","hentry"],"_links":{"self":[{"href":"https:\/\/www.hotelleftbank.com\/pt-pt\/wp-json\/wp\/v2\/pages\/8345","targetHints":{"allow":["GET"]}}],"collection":[{"href":"https:\/\/www.hotelleftbank.com\/pt-pt\/wp-json\/wp\/v2\/pages"}],"about":[{"href":"https:\/\/www.hotelleftbank.com\/pt-pt\/wp-json\/wp\/v2\/types\/page"}],"author":[{"embeddable":true,"href":"https:\/\/www.hotelleftbank.com\/pt-pt\/wp-json\/wp\/v2\/users\/2"}],"replies":[{"embeddable":true,"href":"https:\/\/www.hotelleftbank.com\/pt-pt\/wp-json\/wp\/v2\/comments?post=8345"}],"version-history":[{"count":0,"href":"https:\/\/www.hotelleftbank.com\/pt-pt\/wp-json\/wp\/v2\/pages\/8345\/revisions"}],"wp:featuredmedia":[{"embeddable":true,"href":"https:\/\/www.hotelleftbank.com\/pt-pt\/wp-json\/wp\/v2\/media\/7217"}],"wp:attachment":[{"href":"https:\/\/www.hotelleftbank.com\/pt-pt\/wp-json\/wp\/v2\/media?parent=8345"}],"curies":[{"name":"wp","href":"https:\/\/api.w.org\/{rel}","templated":true}]}}